{"id":94407,"date":"2025-11-04T23:13:46","date_gmt":"2025-11-04T23:13:46","guid":{"rendered":"https:\/\/promis.ro\/product\/serdinam\/"},"modified":"2025-11-11T17:05:29","modified_gmt":"2025-11-11T17:05:29","slug":"serdinam","status":"publish","type":"product","link":"https:\/\/promis.ro\/ro\/produs\/serdinam\/","title":{"rendered":"Serdinam"},"content":{"rendered":"<p>Baterie extern\u0103 auxiliar\u0103 fabricat\u0103 din aluminiu reciclat, cu o capacitate de \u00eenc\u0103rcare de 2600 mAh. U\u0219or de transportat datorit\u0103 dimensiunilor sale reduse, cu buton ON\/OFF pentru controlul \u00eenc\u0103rc\u0103rii \u0219i conectori de intrare\/ie\u0219ire Type C + ie\u0219ire USB. Inclusiv LED pentru indicatorul de \u00eenc\u0103rcare \u0219i cablu Type-C. Disponibil\u0103 \u00eentr-o gam\u0103 larg\u0103 de culori. Capacit\u0103\u021bile afi\u0219ate \u00een toate bateriile noastre externe auxiliare sunt reale, toate incorpor\u00e2nd baterii de grad A, non-reciclate, cu o durat\u0103 de via\u021b\u0103 de cel pu\u021bin 500 de cicluri de \u00eenc\u0103rcare \u0219i respect\u00e2nd reglement\u0103rile CE. Acestea sunt fabricate conform standardelor RoHS \u0219i \u00een conformitate cu urm\u0103toarele cerin\u021be de siguran\u021b\u0103: sistem de protec\u021bie \u00eempotriva supra\u00eenc\u0103rc\u0103rii bateriei externe. Sistem complet de protec\u021bie \u00eempotriva desc\u0103rc\u0103rii, care cre\u0219te durabilitatea bateriei externe. Sistem de blocare pentru a preveni scurtcircuitele. Sistem constant de transfer al \u00eenc\u0103rc\u0103rii, conform capacit\u0103\u021bii dispozitivului \u021bint\u0103.<\/p>","protected":false},"excerpt":{"rendered":"<p>Baterie extern\u0103 auxiliar\u0103 fabricat\u0103 din aluminiu reciclat, cu o capacitate de \u00eenc\u0103rcare de 2600 mAh. U\u0219or de transportat datorit\u0103 dimensiunilor<\/p>","protected":false},"featured_media":137095,"comment_status":"open","ping_status":"closed","template":"","meta":[],"product_brand":[],"product_cat":[197],"product_tag":[],"class_list":{"0":"post-94407","1":"product","2":"type-product","3":"status-publish","4":"has-post-thumbnail","6":"product_cat-articole-durabile","8":"first","9":"instock","10":"shipping-taxable","11":"purchasable","12":"product-type-variable"},"_links":{"self":[{"href":"https:\/\/promis.ro\/ro\/wp-json\/wp\/v2\/product\/94407","targetHints":{"allow":["GET"]}}],"collection":[{"href":"https:\/\/promis.ro\/ro\/wp-json\/wp\/v2\/product"}],"about":[{"href":"https:\/\/promis.ro\/ro\/wp-json\/wp\/v2\/types\/product"}],"replies":[{"embeddable":true,"href":"https:\/\/promis.ro\/ro\/wp-json\/wp\/v2\/comments?post=94407"}],"version-history":[{"count":1,"href":"https:\/\/promis.ro\/ro\/wp-json\/wp\/v2\/product\/94407\/revisions"}],"predecessor-version":[{"id":111951,"href":"https:\/\/promis.ro\/ro\/wp-json\/wp\/v2\/product\/94407\/revisions\/111951"}],"wp:featuredmedia":[{"embeddable":true,"href":"https:\/\/promis.ro\/ro\/wp-json\/wp\/v2\/media\/137095"}],"wp:attachment":[{"href":"https:\/\/promis.ro\/ro\/wp-json\/wp\/v2\/media?parent=94407"}],"wp:term":[{"taxonomy":"product_brand","embeddable":true,"href":"https:\/\/promis.ro\/ro\/wp-json\/wp\/v2\/product_brand?post=94407"},{"taxonomy":"product_cat","embeddable":true,"href":"https:\/\/promis.ro\/ro\/wp-json\/wp\/v2\/product_cat?post=94407"},{"taxonomy":"product_tag","embeddable":true,"href":"https:\/\/promis.ro\/ro\/wp-json\/wp\/v2\/product_tag?post=94407"}],"curies":[{"name":"wp","href":"https:\/\/api.w.org\/{rel}","templated":true}]}}