{"id":94408,"date":"2025-11-04T23:13:47","date_gmt":"2025-11-04T23:13:47","guid":{"rendered":"https:\/\/promis.ro\/product\/taky\/"},"modified":"2025-11-11T17:02:57","modified_gmt":"2025-11-11T17:02:57","slug":"taky","status":"publish","type":"product","link":"https:\/\/promis.ro\/ro\/produs\/taky\/","title":{"rendered":"Taky"},"content":{"rendered":"<p>Rucsac de Cr\u0103ciun pentru copii, fabricat din RPET netesut, special conceput pentru colorat cu creioane. Cu desene de Cr\u0103ciun distractive, inclusiv 4 creioane \u00een culori diferite. Are sfori auto\u00eenchiz\u0103toare \u0219i prinderi din \u021bes\u0103tur\u0103, precum \u0219i un eticheta RPET pe exterior. Materialul RPET este fabricat din plastic reciclat, promov\u00e2nd astfel reutilizarea de\u0219eurilor plastice \u0219i contribuind la sustenabilitatea planetei.<\/p>","protected":false},"excerpt":{"rendered":"<p>Rucsac de Cr\u0103ciun pentru copii, fabricat din RPET netesut, special conceput pentru colorat cu creioane. Cu desene de Cr\u0103ciun distractive,<\/p>","protected":false},"featured_media":137097,"comment_status":"open","ping_status":"closed","template":"","meta":[],"product_brand":[],"product_cat":[197],"product_tag":[],"class_list":{"0":"post-94408","1":"product","2":"type-product","3":"status-publish","4":"has-post-thumbnail","6":"product_cat-articole-durabile","8":"first","9":"instock","10":"shipping-taxable","11":"purchasable","12":"product-type-simple"},"_links":{"self":[{"href":"https:\/\/promis.ro\/ro\/wp-json\/wp\/v2\/product\/94408","targetHints":{"allow":["GET"]}}],"collection":[{"href":"https:\/\/promis.ro\/ro\/wp-json\/wp\/v2\/product"}],"about":[{"href":"https:\/\/promis.ro\/ro\/wp-json\/wp\/v2\/types\/product"}],"replies":[{"embeddable":true,"href":"https:\/\/promis.ro\/ro\/wp-json\/wp\/v2\/comments?post=94408"}],"version-history":[{"count":2,"href":"https:\/\/promis.ro\/ro\/wp-json\/wp\/v2\/product\/94408\/revisions"}],"predecessor-version":[{"id":111925,"href":"https:\/\/promis.ro\/ro\/wp-json\/wp\/v2\/product\/94408\/revisions\/111925"}],"wp:featuredmedia":[{"embeddable":true,"href":"https:\/\/promis.ro\/ro\/wp-json\/wp\/v2\/media\/137097"}],"wp:attachment":[{"href":"https:\/\/promis.ro\/ro\/wp-json\/wp\/v2\/media?parent=94408"}],"wp:term":[{"taxonomy":"product_brand","embeddable":true,"href":"https:\/\/promis.ro\/ro\/wp-json\/wp\/v2\/product_brand?post=94408"},{"taxonomy":"product_cat","embeddable":true,"href":"https:\/\/promis.ro\/ro\/wp-json\/wp\/v2\/product_cat?post=94408"},{"taxonomy":"product_tag","embeddable":true,"href":"https:\/\/promis.ro\/ro\/wp-json\/wp\/v2\/product_tag?post=94408"}],"curies":[{"name":"wp","href":"https:\/\/api.w.org\/{rel}","templated":true}]}}