{"id":94409,"date":"2025-11-04T23:13:47","date_gmt":"2025-11-04T23:13:47","guid":{"rendered":"https:\/\/promis.ro\/product\/mordy\/"},"modified":"2025-11-11T17:03:00","modified_gmt":"2025-11-11T17:03:00","slug":"mordy","status":"publish","type":"product","link":"https:\/\/promis.ro\/ro\/produs\/mordy\/","title":{"rendered":"Mordy"},"content":{"rendered":"<p>\u0218oset\u0103 din material non-woven RPET \u00een alb, special conceput\u0103 pentru colorarea cu creioane. Design frontal cu desene amuzante de Cr\u0103ciun, inclusiv 5 creioane \u00een culori diferite. Furnizat\u0103 cu o panglic\u0103 pentru ag\u0103\u021bat, finisaj sigilat termic. Etichet\u0103 RPET pe exterior. Materialul RPET este fabricat din plastic reciclat, promov\u00e2nd astfel reutilizarea de\u0219eurilor plastice \u0219i ajut\u00e2nd la sustenabilitatea planetei.<\/p>","protected":false},"excerpt":{"rendered":"<p>\u0218oset\u0103 din material non-woven RPET \u00een alb, special conceput\u0103 pentru colorarea cu creioane. Design frontal cu desene amuzante de Cr\u0103ciun,<\/p>","protected":false},"featured_media":137102,"comment_status":"open","ping_status":"closed","template":"","meta":[],"product_brand":[],"product_cat":[197],"product_tag":[],"class_list":{"0":"post-94409","1":"product","2":"type-product","3":"status-publish","4":"has-post-thumbnail","6":"product_cat-articole-durabile","8":"first","9":"instock","10":"shipping-taxable","11":"purchasable","12":"product-type-simple"},"_links":{"self":[{"href":"https:\/\/promis.ro\/ro\/wp-json\/wp\/v2\/product\/94409","targetHints":{"allow":["GET"]}}],"collection":[{"href":"https:\/\/promis.ro\/ro\/wp-json\/wp\/v2\/product"}],"about":[{"href":"https:\/\/promis.ro\/ro\/wp-json\/wp\/v2\/types\/product"}],"replies":[{"embeddable":true,"href":"https:\/\/promis.ro\/ro\/wp-json\/wp\/v2\/comments?post=94409"}],"version-history":[{"count":1,"href":"https:\/\/promis.ro\/ro\/wp-json\/wp\/v2\/product\/94409\/revisions"}],"predecessor-version":[{"id":111921,"href":"https:\/\/promis.ro\/ro\/wp-json\/wp\/v2\/product\/94409\/revisions\/111921"}],"wp:featuredmedia":[{"embeddable":true,"href":"https:\/\/promis.ro\/ro\/wp-json\/wp\/v2\/media\/137102"}],"wp:attachment":[{"href":"https:\/\/promis.ro\/ro\/wp-json\/wp\/v2\/media?parent=94409"}],"wp:term":[{"taxonomy":"product_brand","embeddable":true,"href":"https:\/\/promis.ro\/ro\/wp-json\/wp\/v2\/product_brand?post=94409"},{"taxonomy":"product_cat","embeddable":true,"href":"https:\/\/promis.ro\/ro\/wp-json\/wp\/v2\/product_cat?post=94409"},{"taxonomy":"product_tag","embeddable":true,"href":"https:\/\/promis.ro\/ro\/wp-json\/wp\/v2\/product_tag?post=94409"}],"curies":[{"name":"wp","href":"https:\/\/api.w.org\/{rel}","templated":true}]}}