{"id":94410,"date":"2025-11-04T23:13:48","date_gmt":"2025-11-04T23:13:48","guid":{"rendered":"https:\/\/promis.ro\/product\/flemenk\/"},"modified":"2025-11-11T17:03:06","modified_gmt":"2025-11-11T17:03:06","slug":"flemenk","status":"publish","type":"product","link":"https:\/\/promis.ro\/ro\/produs\/flemenk\/","title":{"rendered":"Flemenk"},"content":{"rendered":"<p>Carcas\u0103 de Cr\u0103ciun din RPET alb non-woven, de culoare alb\u0103, special conceput\u0103 pentru colorat cu creioane. Cu desene amuzante de Cr\u0103ciun, inclusiv 5 creioane \u00een culori diferite. Cu \u00eenchidere cu fermoar \u0219i tirbu\u0219on metalic. Etichet\u0103 RPET pe exterior. Materialul RPET este fabricat din plastic reciclat, promov\u00e2nd astfel reutilizarea de\u0219eurilor plastice \u0219i ajut\u00e2nd la sustenabilitatea planetei.<\/p>","protected":false},"excerpt":{"rendered":"<p>Carcas\u0103 de Cr\u0103ciun din RPET alb non-woven, de culoare alb\u0103, special conceput\u0103 pentru colorat cu creioane. Cu desene amuzante de<\/p>","protected":false},"featured_media":137105,"comment_status":"open","ping_status":"closed","template":"","meta":[],"product_brand":[],"product_cat":[197],"product_tag":[],"class_list":{"0":"post-94410","1":"product","2":"type-product","3":"status-publish","4":"has-post-thumbnail","6":"product_cat-articole-durabile","8":"first","9":"instock","10":"shipping-taxable","11":"purchasable","12":"product-type-simple"},"_links":{"self":[{"href":"https:\/\/promis.ro\/ro\/wp-json\/wp\/v2\/product\/94410","targetHints":{"allow":["GET"]}}],"collection":[{"href":"https:\/\/promis.ro\/ro\/wp-json\/wp\/v2\/product"}],"about":[{"href":"https:\/\/promis.ro\/ro\/wp-json\/wp\/v2\/types\/product"}],"replies":[{"embeddable":true,"href":"https:\/\/promis.ro\/ro\/wp-json\/wp\/v2\/comments?post=94410"}],"version-history":[{"count":1,"href":"https:\/\/promis.ro\/ro\/wp-json\/wp\/v2\/product\/94410\/revisions"}],"predecessor-version":[{"id":111930,"href":"https:\/\/promis.ro\/ro\/wp-json\/wp\/v2\/product\/94410\/revisions\/111930"}],"wp:featuredmedia":[{"embeddable":true,"href":"https:\/\/promis.ro\/ro\/wp-json\/wp\/v2\/media\/137105"}],"wp:attachment":[{"href":"https:\/\/promis.ro\/ro\/wp-json\/wp\/v2\/media?parent=94410"}],"wp:term":[{"taxonomy":"product_brand","embeddable":true,"href":"https:\/\/promis.ro\/ro\/wp-json\/wp\/v2\/product_brand?post=94410"},{"taxonomy":"product_cat","embeddable":true,"href":"https:\/\/promis.ro\/ro\/wp-json\/wp\/v2\/product_cat?post=94410"},{"taxonomy":"product_tag","embeddable":true,"href":"https:\/\/promis.ro\/ro\/wp-json\/wp\/v2\/product_tag?post=94410"}],"curies":[{"name":"wp","href":"https:\/\/api.w.org\/{rel}","templated":true}]}}