{"id":94412,"date":"2025-11-04T23:13:52","date_gmt":"2025-11-04T23:13:52","guid":{"rendered":"https:\/\/promis.ro\/product\/matcher\/"},"modified":"2025-11-11T17:05:30","modified_gmt":"2025-11-11T17:05:30","slug":"matcher","status":"publish","type":"product","link":"https:\/\/promis.ro\/ro\/produs\/matcher\/","title":{"rendered":"Matcher"},"content":{"rendered":"<p> realizat din bambus cu motive de Cr\u0103ciun. Disponibil \u00een patru designuri originale: Ren, p\u0103l\u0103rie de Mo\u0219 Cr\u0103ciun, brad de Cr\u0103ciun \u0219i ciorap. Materiale precum bambusul promoveaz\u0103 utilizarea materiilor prime naturale, reduc\u00e2nd astfel emisiile de poluan\u021bi. Provine dintr-o plant\u0103 foarte rezistent\u0103 \u0219i versatil\u0103, cu cre\u0219tere \u0219i regenerare rapid\u0103, f\u0103c\u00e2ndu-l o alternativ\u0103 excelent\u0103 la utilizarea lemnului tradi\u021bional.<\/p>","protected":false},"excerpt":{"rendered":"<p>realizat din bambus cu motive de Cr\u0103ciun. Disponibil \u00een patru designuri originale: Ren, p\u0103l\u0103rie de Mo\u0219 Cr\u0103ciun, brad de Cr\u0103ciun<\/p>","protected":false},"featured_media":137112,"comment_status":"open","ping_status":"closed","template":"","meta":[],"product_brand":[],"product_cat":[189],"product_tag":[],"class_list":{"0":"post-94412","1":"product","2":"type-product","3":"status-publish","4":"has-post-thumbnail","6":"product_cat-craciun","8":"first","9":"instock","10":"shipping-taxable","11":"purchasable","12":"product-type-variable"},"_links":{"self":[{"href":"https:\/\/promis.ro\/ro\/wp-json\/wp\/v2\/product\/94412","targetHints":{"allow":["GET"]}}],"collection":[{"href":"https:\/\/promis.ro\/ro\/wp-json\/wp\/v2\/product"}],"about":[{"href":"https:\/\/promis.ro\/ro\/wp-json\/wp\/v2\/types\/product"}],"replies":[{"embeddable":true,"href":"https:\/\/promis.ro\/ro\/wp-json\/wp\/v2\/comments?post=94412"}],"version-history":[{"count":1,"href":"https:\/\/promis.ro\/ro\/wp-json\/wp\/v2\/product\/94412\/revisions"}],"predecessor-version":[{"id":111934,"href":"https:\/\/promis.ro\/ro\/wp-json\/wp\/v2\/product\/94412\/revisions\/111934"}],"wp:featuredmedia":[{"embeddable":true,"href":"https:\/\/promis.ro\/ro\/wp-json\/wp\/v2\/media\/137112"}],"wp:attachment":[{"href":"https:\/\/promis.ro\/ro\/wp-json\/wp\/v2\/media?parent=94412"}],"wp:term":[{"taxonomy":"product_brand","embeddable":true,"href":"https:\/\/promis.ro\/ro\/wp-json\/wp\/v2\/product_brand?post=94412"},{"taxonomy":"product_cat","embeddable":true,"href":"https:\/\/promis.ro\/ro\/wp-json\/wp\/v2\/product_cat?post=94412"},{"taxonomy":"product_tag","embeddable":true,"href":"https:\/\/promis.ro\/ro\/wp-json\/wp\/v2\/product_tag?post=94412"}],"curies":[{"name":"wp","href":"https:\/\/api.w.org\/{rel}","templated":true}]}}