{"id":94417,"date":"2025-11-04T23:13:54","date_gmt":"2025-11-04T23:13:54","guid":{"rendered":"https:\/\/promis.ro\/product\/astrox\/"},"modified":"2025-11-11T17:03:31","modified_gmt":"2025-11-11T17:03:31","slug":"astrox","status":"publish","type":"product","link":"https:\/\/promis.ro\/ro\/produs\/astrox\/","title":{"rendered":"Astrox"},"content":{"rendered":"<p>Set de felicit\u0103ri de Cr\u0103ciun sustenabil \u0219i original cu semin\u021be de pin, un cadou prietenos cu mediul \u0219i surprinz\u0103tor. Con\u021binut: Carton po\u0219tal din h\u00e2rtie Kraft. B\u0103nu\u021b de Cr\u0103ciun din lemn natural cu decupaj interior. Capsul\u0103 de semin\u021be de pin integrat\u0103 \u00een interior. Fabricat din elemente pe baz\u0103 de plante pentru a promova utilizarea materiilor prime naturale \u0219i a reduce emisiile poluante.<\/p>","protected":false},"excerpt":{"rendered":"<p>Set de felicit\u0103ri de Cr\u0103ciun sustenabil \u0219i original cu semin\u021be de pin, un cadou prietenos cu mediul \u0219i surprinz\u0103tor. Con\u021binut:<\/p>","protected":false},"featured_media":137125,"comment_status":"open","ping_status":"closed","template":"","meta":[],"product_brand":[],"product_cat":[197],"product_tag":[],"class_list":{"0":"post-94417","1":"product","2":"type-product","3":"status-publish","4":"has-post-thumbnail","6":"product_cat-articole-durabile","8":"first","9":"instock","10":"shipping-taxable","11":"purchasable","12":"product-type-simple"},"_links":{"self":[{"href":"https:\/\/promis.ro\/ro\/wp-json\/wp\/v2\/product\/94417","targetHints":{"allow":["GET"]}}],"collection":[{"href":"https:\/\/promis.ro\/ro\/wp-json\/wp\/v2\/product"}],"about":[{"href":"https:\/\/promis.ro\/ro\/wp-json\/wp\/v2\/types\/product"}],"replies":[{"embeddable":true,"href":"https:\/\/promis.ro\/ro\/wp-json\/wp\/v2\/comments?post=94417"}],"version-history":[{"count":1,"href":"https:\/\/promis.ro\/ro\/wp-json\/wp\/v2\/product\/94417\/revisions"}],"predecessor-version":[{"id":111935,"href":"https:\/\/promis.ro\/ro\/wp-json\/wp\/v2\/product\/94417\/revisions\/111935"}],"wp:featuredmedia":[{"embeddable":true,"href":"https:\/\/promis.ro\/ro\/wp-json\/wp\/v2\/media\/137125"}],"wp:attachment":[{"href":"https:\/\/promis.ro\/ro\/wp-json\/wp\/v2\/media?parent=94417"}],"wp:term":[{"taxonomy":"product_brand","embeddable":true,"href":"https:\/\/promis.ro\/ro\/wp-json\/wp\/v2\/product_brand?post=94417"},{"taxonomy":"product_cat","embeddable":true,"href":"https:\/\/promis.ro\/ro\/wp-json\/wp\/v2\/product_cat?post=94417"},{"taxonomy":"product_tag","embeddable":true,"href":"https:\/\/promis.ro\/ro\/wp-json\/wp\/v2\/product_tag?post=94417"}],"curies":[{"name":"wp","href":"https:\/\/api.w.org\/{rel}","templated":true}]}}