{"id":94418,"date":"2025-11-04T23:13:55","date_gmt":"2025-11-04T23:13:55","guid":{"rendered":"https:\/\/promis.ro\/product\/baird\/"},"modified":"2025-11-11T17:03:37","modified_gmt":"2025-11-11T17:03:37","slug":"baird","status":"publish","type":"product","link":"https:\/\/promis.ro\/ro\/produs\/baird\/","title":{"rendered":"Baird"},"content":{"rendered":"<p>Semn de carte de Cr\u0103ciun realizat din h\u00e2rtie cu semin\u021be, av\u00e2nd un design de Cr\u0103ciun. H\u00e2rtia include semin\u021be de petunie, ceea ce o face h\u00e2rtie plantabil\u0103 la sf\u00e2r\u0219itul duratei sale de via\u021b\u0103. Cu instruc\u021biuni de plantare pe coperta din spate \u0219i o zon\u0103 mare pentru branding.<\/p>","protected":false},"excerpt":{"rendered":"<p>Semn de carte de Cr\u0103ciun realizat din h\u00e2rtie cu semin\u021be, av\u00e2nd un design de Cr\u0103ciun. H\u00e2rtia include semin\u021be de petunie,<\/p>","protected":false},"featured_media":137130,"comment_status":"open","ping_status":"closed","template":"","meta":[],"product_brand":[],"product_cat":[171],"product_tag":[],"class_list":{"0":"post-94418","1":"product","2":"type-product","3":"status-publish","4":"has-post-thumbnail","6":"product_cat-birou-si-business","8":"first","9":"instock","10":"shipping-taxable","11":"purchasable","12":"product-type-simple"},"_links":{"self":[{"href":"https:\/\/promis.ro\/ro\/wp-json\/wp\/v2\/product\/94418","targetHints":{"allow":["GET"]}}],"collection":[{"href":"https:\/\/promis.ro\/ro\/wp-json\/wp\/v2\/product"}],"about":[{"href":"https:\/\/promis.ro\/ro\/wp-json\/wp\/v2\/types\/product"}],"replies":[{"embeddable":true,"href":"https:\/\/promis.ro\/ro\/wp-json\/wp\/v2\/comments?post=94418"}],"version-history":[{"count":1,"href":"https:\/\/promis.ro\/ro\/wp-json\/wp\/v2\/product\/94418\/revisions"}],"predecessor-version":[{"id":111936,"href":"https:\/\/promis.ro\/ro\/wp-json\/wp\/v2\/product\/94418\/revisions\/111936"}],"wp:featuredmedia":[{"embeddable":true,"href":"https:\/\/promis.ro\/ro\/wp-json\/wp\/v2\/media\/137130"}],"wp:attachment":[{"href":"https:\/\/promis.ro\/ro\/wp-json\/wp\/v2\/media?parent=94418"}],"wp:term":[{"taxonomy":"product_brand","embeddable":true,"href":"https:\/\/promis.ro\/ro\/wp-json\/wp\/v2\/product_brand?post=94418"},{"taxonomy":"product_cat","embeddable":true,"href":"https:\/\/promis.ro\/ro\/wp-json\/wp\/v2\/product_cat?post=94418"},{"taxonomy":"product_tag","embeddable":true,"href":"https:\/\/promis.ro\/ro\/wp-json\/wp\/v2\/product_tag?post=94418"}],"curies":[{"name":"wp","href":"https:\/\/api.w.org\/{rel}","templated":true}]}}