{"id":94420,"date":"2025-11-04T23:13:55","date_gmt":"2025-11-04T23:13:55","guid":{"rendered":"https:\/\/promis.ro\/product\/helogran\/"},"modified":"2025-11-11T17:05:25","modified_gmt":"2025-11-11T17:05:25","slug":"helogran","status":"publish","type":"product","link":"https:\/\/promis.ro\/ro\/produs\/helogran\/","title":{"rendered":"Helogran"},"content":{"rendered":"<p>Cana ceramic\u0103 cu o capacitate de 300 ml. Design distinctiv de Cr\u0103ciun cu fulgi de z\u0103pad\u0103, disponibil \u00een dou\u0103 combina\u021bii: ro\u0219u mat \u0219i alb. Include un capac fabricat din bambus moale. Materiale precum bambusul promoveaz\u0103 utilizarea materiilor prime naturale, reduc\u00e2nd astfel emisiile de poluan\u021bi. Provine dintr-o plant\u0103 foarte rezistent\u0103 \u0219i versatil\u0103, cu o cre\u0219tere \u0219i regenerare rapid\u0103, f\u0103c\u00e2ndu-l o alternativ\u0103 excelent\u0103 la utilizarea lemnului tradi\u021bional.<\/p>","protected":false},"excerpt":{"rendered":"<p>Cana ceramic\u0103 cu o capacitate de 300 ml. Design distinctiv de Cr\u0103ciun cu fulgi de z\u0103pad\u0103, disponibil \u00een dou\u0103 combina\u021bii:<\/p>","protected":false},"featured_media":137137,"comment_status":"open","ping_status":"closed","template":"","meta":[],"product_brand":[],"product_cat":[197],"product_tag":[],"class_list":{"0":"post-94420","1":"product","2":"type-product","3":"status-publish","4":"has-post-thumbnail","6":"product_cat-articole-durabile","8":"first","9":"instock","10":"shipping-taxable","11":"purchasable","12":"product-type-variable"},"_links":{"self":[{"href":"https:\/\/promis.ro\/ro\/wp-json\/wp\/v2\/product\/94420","targetHints":{"allow":["GET"]}}],"collection":[{"href":"https:\/\/promis.ro\/ro\/wp-json\/wp\/v2\/product"}],"about":[{"href":"https:\/\/promis.ro\/ro\/wp-json\/wp\/v2\/types\/product"}],"replies":[{"embeddable":true,"href":"https:\/\/promis.ro\/ro\/wp-json\/wp\/v2\/comments?post=94420"}],"version-history":[{"count":1,"href":"https:\/\/promis.ro\/ro\/wp-json\/wp\/v2\/product\/94420\/revisions"}],"predecessor-version":[{"id":111952,"href":"https:\/\/promis.ro\/ro\/wp-json\/wp\/v2\/product\/94420\/revisions\/111952"}],"wp:featuredmedia":[{"embeddable":true,"href":"https:\/\/promis.ro\/ro\/wp-json\/wp\/v2\/media\/137137"}],"wp:attachment":[{"href":"https:\/\/promis.ro\/ro\/wp-json\/wp\/v2\/media?parent=94420"}],"wp:term":[{"taxonomy":"product_brand","embeddable":true,"href":"https:\/\/promis.ro\/ro\/wp-json\/wp\/v2\/product_brand?post=94420"},{"taxonomy":"product_cat","embeddable":true,"href":"https:\/\/promis.ro\/ro\/wp-json\/wp\/v2\/product_cat?post=94420"},{"taxonomy":"product_tag","embeddable":true,"href":"https:\/\/promis.ro\/ro\/wp-json\/wp\/v2\/product_tag?post=94420"}],"curies":[{"name":"wp","href":"https:\/\/api.w.org\/{rel}","templated":true}]}}