{"id":94421,"date":"2025-11-04T23:13:56","date_gmt":"2025-11-04T23:13:56","guid":{"rendered":"https:\/\/promis.ro\/product\/clixar\/"},"modified":"2025-11-11T17:05:28","modified_gmt":"2025-11-11T17:05:28","slug":"clixar","status":"publish","type":"product","link":"https:\/\/promis.ro\/ro\/produs\/clixar\/","title":{"rendered":"Clixar"},"content":{"rendered":"<p>Ornament de Cr\u0103ciun realizat din lemn natural moale. Designuri disponibile: p\u0103l\u0103ria lui Mo\u0219 Cr\u0103ciun, bradul de Cr\u0103ciun \u0219i globul de Cr\u0103ciun. Include o panglic\u0103 ro\u0219ie pentru ag\u0103\u021bat. Proiectat special pentru imprimarea prin sublimare. Fabricat din elemente pe baz\u0103 de plante pentru a promova utilizarea materialelor brute naturale \u0219i a reduce emisiile de poluan\u021bi.<\/p>","protected":false},"excerpt":{"rendered":"<p>Ornament de Cr\u0103ciun realizat din lemn natural moale. Designuri disponibile: p\u0103l\u0103ria lui Mo\u0219 Cr\u0103ciun, bradul de Cr\u0103ciun \u0219i globul de<\/p>","protected":false},"featured_media":137140,"comment_status":"open","ping_status":"closed","template":"","meta":[],"product_brand":[],"product_cat":[197],"product_tag":[],"class_list":{"0":"post-94421","1":"product","2":"type-product","3":"status-publish","4":"has-post-thumbnail","6":"product_cat-articole-durabile","8":"first","9":"instock","10":"shipping-taxable","11":"purchasable","12":"product-type-variable"},"_links":{"self":[{"href":"https:\/\/promis.ro\/ro\/wp-json\/wp\/v2\/product\/94421","targetHints":{"allow":["GET"]}}],"collection":[{"href":"https:\/\/promis.ro\/ro\/wp-json\/wp\/v2\/product"}],"about":[{"href":"https:\/\/promis.ro\/ro\/wp-json\/wp\/v2\/types\/product"}],"replies":[{"embeddable":true,"href":"https:\/\/promis.ro\/ro\/wp-json\/wp\/v2\/comments?post=94421"}],"version-history":[{"count":1,"href":"https:\/\/promis.ro\/ro\/wp-json\/wp\/v2\/product\/94421\/revisions"}],"predecessor-version":[{"id":111940,"href":"https:\/\/promis.ro\/ro\/wp-json\/wp\/v2\/product\/94421\/revisions\/111940"}],"wp:featuredmedia":[{"embeddable":true,"href":"https:\/\/promis.ro\/ro\/wp-json\/wp\/v2\/media\/137140"}],"wp:attachment":[{"href":"https:\/\/promis.ro\/ro\/wp-json\/wp\/v2\/media?parent=94421"}],"wp:term":[{"taxonomy":"product_brand","embeddable":true,"href":"https:\/\/promis.ro\/ro\/wp-json\/wp\/v2\/product_brand?post=94421"},{"taxonomy":"product_cat","embeddable":true,"href":"https:\/\/promis.ro\/ro\/wp-json\/wp\/v2\/product_cat?post=94421"},{"taxonomy":"product_tag","embeddable":true,"href":"https:\/\/promis.ro\/ro\/wp-json\/wp\/v2\/product_tag?post=94421"}],"curies":[{"name":"wp","href":"https:\/\/api.w.org\/{rel}","templated":true}]}}