{"id":94422,"date":"2025-11-04T23:13:56","date_gmt":"2025-11-04T23:13:56","guid":{"rendered":"https:\/\/promis.ro\/product\/strasser\/"},"modified":"2025-11-11T17:03:50","modified_gmt":"2025-11-11T17:03:50","slug":"strasser","status":"publish","type":"product","link":"https:\/\/promis.ro\/ro\/produs\/strasser\/","title":{"rendered":"Strasser"},"content":{"rendered":"<p>Plac\u0103 de g\u0103tit cu un design original de brad de Cr\u0103ciun, realizat\u0103 din bambus moale, cu un m\u00e2ner t\u0103iat la laser pentru o prindere ferm\u0103, foarte u\u0219or de cur\u0103\u021bat \u0219i de depozitat. Materialele precum bambusul promoveaz\u0103 utilizarea materiilor prime naturale, reduc\u00e2nd astfel emisiile de poluan\u021bi. Provine dintr-o plant\u0103 foarte rezistent\u0103 \u0219i versatil\u0103, cu cre\u0219tere \u0219i regenerare rapid\u0103, f\u0103c\u00e2ndu-l o alternativ\u0103 excelent\u0103 la utilizarea lemnului tradi\u021bional.<\/p>","protected":false},"excerpt":{"rendered":"<p>Plac\u0103 de g\u0103tit cu un design original de brad de Cr\u0103ciun, realizat\u0103 din bambus moale, cu un m\u00e2ner t\u0103iat la<\/p>","protected":false},"featured_media":137144,"comment_status":"open","ping_status":"closed","template":"","meta":[],"product_brand":[],"product_cat":[197],"product_tag":[],"class_list":{"0":"post-94422","1":"product","2":"type-product","3":"status-publish","4":"has-post-thumbnail","6":"product_cat-articole-durabile","8":"first","9":"outofstock","10":"shipping-taxable","11":"purchasable","12":"product-type-simple"},"_links":{"self":[{"href":"https:\/\/promis.ro\/ro\/wp-json\/wp\/v2\/product\/94422","targetHints":{"allow":["GET"]}}],"collection":[{"href":"https:\/\/promis.ro\/ro\/wp-json\/wp\/v2\/product"}],"about":[{"href":"https:\/\/promis.ro\/ro\/wp-json\/wp\/v2\/types\/product"}],"replies":[{"embeddable":true,"href":"https:\/\/promis.ro\/ro\/wp-json\/wp\/v2\/comments?post=94422"}],"version-history":[{"count":1,"href":"https:\/\/promis.ro\/ro\/wp-json\/wp\/v2\/product\/94422\/revisions"}],"predecessor-version":[{"id":111946,"href":"https:\/\/promis.ro\/ro\/wp-json\/wp\/v2\/product\/94422\/revisions\/111946"}],"wp:featuredmedia":[{"embeddable":true,"href":"https:\/\/promis.ro\/ro\/wp-json\/wp\/v2\/media\/137144"}],"wp:attachment":[{"href":"https:\/\/promis.ro\/ro\/wp-json\/wp\/v2\/media?parent=94422"}],"wp:term":[{"taxonomy":"product_brand","embeddable":true,"href":"https:\/\/promis.ro\/ro\/wp-json\/wp\/v2\/product_brand?post=94422"},{"taxonomy":"product_cat","embeddable":true,"href":"https:\/\/promis.ro\/ro\/wp-json\/wp\/v2\/product_cat?post=94422"},{"taxonomy":"product_tag","embeddable":true,"href":"https:\/\/promis.ro\/ro\/wp-json\/wp\/v2\/product_tag?post=94422"}],"curies":[{"name":"wp","href":"https:\/\/api.w.org\/{rel}","templated":true}]}}