{"id":94918,"date":"2025-11-04T23:18:13","date_gmt":"2025-11-04T23:18:13","guid":{"rendered":"https:\/\/promis.ro\/product\/kalek\/"},"modified":"2025-11-11T17:10:41","modified_gmt":"2025-11-11T17:10:41","slug":"kalek","status":"publish","type":"product","link":"https:\/\/promis.ro\/ro\/produs\/kalek\/","title":{"rendered":"Kalek"},"content":{"rendered":"<p>Rucsac din PU moale. Cu sistem de \u00eenchidere cu fermoar invizibil pentru o securitate sporit\u0103 \u0219i cu un sistem de tragere dublu din metal. Dou\u0103 buzunare laterale \u0219i un buzunar frontal cu fermoar. Capacitate mare \u00een interior, cu un compartiment c\u0103ptu\u0219it pentru laptopuri de p\u00e2n\u0103 la 15 inci. Spate c\u0103ptu\u0219it. M\u00e2nere ajustabile \u0219i c\u0103ptu\u0219ite.<\/p>","protected":false},"excerpt":{"rendered":"<p>Rucsac din PU moale. Cu sistem de \u00eenchidere cu fermoar invizibil pentru o securitate sporit\u0103 \u0219i cu un sistem de<\/p>","protected":false},"featured_media":137558,"comment_status":"open","ping_status":"closed","template":"","meta":[],"product_brand":[],"product_cat":[169],"product_tag":[],"class_list":{"0":"post-94918","1":"product","2":"type-product","3":"status-publish","4":"has-post-thumbnail","6":"product_cat-ghiozdane","8":"first","9":"instock","10":"shipping-taxable","11":"purchasable","12":"product-type-simple"},"_links":{"self":[{"href":"https:\/\/promis.ro\/ro\/wp-json\/wp\/v2\/product\/94918","targetHints":{"allow":["GET"]}}],"collection":[{"href":"https:\/\/promis.ro\/ro\/wp-json\/wp\/v2\/product"}],"about":[{"href":"https:\/\/promis.ro\/ro\/wp-json\/wp\/v2\/types\/product"}],"replies":[{"embeddable":true,"href":"https:\/\/promis.ro\/ro\/wp-json\/wp\/v2\/comments?post=94918"}],"version-history":[{"count":1,"href":"https:\/\/promis.ro\/ro\/wp-json\/wp\/v2\/product\/94918\/revisions"}],"predecessor-version":[{"id":112029,"href":"https:\/\/promis.ro\/ro\/wp-json\/wp\/v2\/product\/94918\/revisions\/112029"}],"wp:featuredmedia":[{"embeddable":true,"href":"https:\/\/promis.ro\/ro\/wp-json\/wp\/v2\/media\/137558"}],"wp:attachment":[{"href":"https:\/\/promis.ro\/ro\/wp-json\/wp\/v2\/media?parent=94918"}],"wp:term":[{"taxonomy":"product_brand","embeddable":true,"href":"https:\/\/promis.ro\/ro\/wp-json\/wp\/v2\/product_brand?post=94918"},{"taxonomy":"product_cat","embeddable":true,"href":"https:\/\/promis.ro\/ro\/wp-json\/wp\/v2\/product_cat?post=94918"},{"taxonomy":"product_tag","embeddable":true,"href":"https:\/\/promis.ro\/ro\/wp-json\/wp\/v2\/product_tag?post=94918"}],"curies":[{"name":"wp","href":"https:\/\/api.w.org\/{rel}","templated":true}]}}