{"id":94922,"date":"2025-11-04T23:18:15","date_gmt":"2025-11-04T23:18:15","guid":{"rendered":"https:\/\/promis.ro\/product\/mobex\/"},"modified":"2025-11-11T17:11:04","modified_gmt":"2025-11-11T17:11:04","slug":"mobex","status":"publish","type":"product","link":"https:\/\/promis.ro\/ro\/produs\/mobex\/","title":{"rendered":"Mobex"},"content":{"rendered":"<p>Set de pix \u0219i roller din Aluminiu Reciclat, cu un design elegant mat negru \u0219i accesorii distinse din aur roz. Pix cu mecanism de r\u0103sucire \u0219i roller cu capac, ambele cu clips metalic. Cu cerneal\u0103 albastr\u0103 \u0219i logo-ul Aluminiu Reciclat. Prezentat \u00eentr-o cutie elegant\u0103 neagr\u0103. Aluminiul Reciclat este un material cu posibilit\u0103\u021bi de reciclare aproape infinite, f\u0103r\u0103 a-\u0219i pierde propriet\u0103\u021bile originale \u0219i consum\u00e2nd mai pu\u021bin\u0103 energie \u00een proces. Certificare GRS (Global Recycled Standard), garant\u00e2nd originea reciclat\u0103 a materialului folosit pentru fabricarea produsului.<\/p>","protected":false},"excerpt":{"rendered":"<p>Set de pix \u0219i roller din Aluminiu Reciclat, cu un design elegant mat negru \u0219i accesorii distinse din aur roz.<\/p>","protected":false},"featured_media":137575,"comment_status":"open","ping_status":"closed","template":"","meta":[],"product_brand":[],"product_cat":[197],"product_tag":[],"class_list":{"0":"post-94922","1":"product","2":"type-product","3":"status-publish","4":"has-post-thumbnail","6":"product_cat-articole-durabile","8":"first","9":"instock","10":"shipping-taxable","11":"purchasable","12":"product-type-simple"},"_links":{"self":[{"href":"https:\/\/promis.ro\/ro\/wp-json\/wp\/v2\/product\/94922","targetHints":{"allow":["GET"]}}],"collection":[{"href":"https:\/\/promis.ro\/ro\/wp-json\/wp\/v2\/product"}],"about":[{"href":"https:\/\/promis.ro\/ro\/wp-json\/wp\/v2\/types\/product"}],"replies":[{"embeddable":true,"href":"https:\/\/promis.ro\/ro\/wp-json\/wp\/v2\/comments?post=94922"}],"version-history":[{"count":1,"href":"https:\/\/promis.ro\/ro\/wp-json\/wp\/v2\/product\/94922\/revisions"}],"predecessor-version":[{"id":112039,"href":"https:\/\/promis.ro\/ro\/wp-json\/wp\/v2\/product\/94922\/revisions\/112039"}],"wp:featuredmedia":[{"embeddable":true,"href":"https:\/\/promis.ro\/ro\/wp-json\/wp\/v2\/media\/137575"}],"wp:attachment":[{"href":"https:\/\/promis.ro\/ro\/wp-json\/wp\/v2\/media?parent=94922"}],"wp:term":[{"taxonomy":"product_brand","embeddable":true,"href":"https:\/\/promis.ro\/ro\/wp-json\/wp\/v2\/product_brand?post=94922"},{"taxonomy":"product_cat","embeddable":true,"href":"https:\/\/promis.ro\/ro\/wp-json\/wp\/v2\/product_cat?post=94922"},{"taxonomy":"product_tag","embeddable":true,"href":"https:\/\/promis.ro\/ro\/wp-json\/wp\/v2\/product_tag?post=94922"}],"curies":[{"name":"wp","href":"https:\/\/api.w.org\/{rel}","templated":true}]}}