{"id":95257,"date":"2025-11-04T23:21:35","date_gmt":"2025-11-04T23:21:35","guid":{"rendered":"https:\/\/promis.ro\/product\/biccap\/"},"modified":"2025-11-11T17:19:32","modified_gmt":"2025-11-11T17:19:32","slug":"biccap","status":"publish","type":"product","link":"https:\/\/promis.ro\/ro\/produs\/biccap\/","title":{"rendered":"Biccap"},"content":{"rendered":"<p>Set de c\u0103l\u0103torie. Include: curea ajustabil\u0103 pentru valize, identificator de bagaje \u0219i un lac\u0103t cu o parol\u0103 numeric\u0103 de 3 cifre \u0219i \u00eenchidere cu cablu de o\u021bel. Prezentat \u00eentr-un caz din RPET cu \u00eenchidere cu fermoar \u0219i dou\u0103 buzunare interioare. Include etichet\u0103 RPET. Materialul RPET este fabricat din plastic reciclat pentru a promova reutilizarea de\u0219eurilor de plastic \u0219i a ajuta la sustenabilitatea planetei.<\/p>","protected":false},"excerpt":{"rendered":"<p>Set de c\u0103l\u0103torie. Include: curea ajustabil\u0103 pentru valize, identificator de bagaje \u0219i un lac\u0103t cu o parol\u0103 numeric\u0103 de 3<\/p>","protected":false},"featured_media":138120,"comment_status":"open","ping_status":"closed","template":"","meta":[],"product_brand":[],"product_cat":[178],"product_tag":[],"class_list":{"0":"post-95257","1":"product","2":"type-product","3":"status-publish","4":"has-post-thumbnail","6":"product_cat-calatorit","8":"first","9":"instock","10":"shipping-taxable","11":"purchasable","12":"product-type-simple"},"_links":{"self":[{"href":"https:\/\/promis.ro\/ro\/wp-json\/wp\/v2\/product\/95257","targetHints":{"allow":["GET"]}}],"collection":[{"href":"https:\/\/promis.ro\/ro\/wp-json\/wp\/v2\/product"}],"about":[{"href":"https:\/\/promis.ro\/ro\/wp-json\/wp\/v2\/types\/product"}],"replies":[{"embeddable":true,"href":"https:\/\/promis.ro\/ro\/wp-json\/wp\/v2\/comments?post=95257"}],"version-history":[{"count":2,"href":"https:\/\/promis.ro\/ro\/wp-json\/wp\/v2\/product\/95257\/revisions"}],"predecessor-version":[{"id":112171,"href":"https:\/\/promis.ro\/ro\/wp-json\/wp\/v2\/product\/95257\/revisions\/112171"}],"wp:featuredmedia":[{"embeddable":true,"href":"https:\/\/promis.ro\/ro\/wp-json\/wp\/v2\/media\/138120"}],"wp:attachment":[{"href":"https:\/\/promis.ro\/ro\/wp-json\/wp\/v2\/media?parent=95257"}],"wp:term":[{"taxonomy":"product_brand","embeddable":true,"href":"https:\/\/promis.ro\/ro\/wp-json\/wp\/v2\/product_brand?post=95257"},{"taxonomy":"product_cat","embeddable":true,"href":"https:\/\/promis.ro\/ro\/wp-json\/wp\/v2\/product_cat?post=95257"},{"taxonomy":"product_tag","embeddable":true,"href":"https:\/\/promis.ro\/ro\/wp-json\/wp\/v2\/product_tag?post=95257"}],"curies":[{"name":"wp","href":"https:\/\/api.w.org\/{rel}","templated":true}]}}