{"id":95261,"date":"2025-11-04T23:21:36","date_gmt":"2025-11-04T23:21:36","guid":{"rendered":"https:\/\/promis.ro\/product\/vilbur\/"},"modified":"2025-11-11T17:28:07","modified_gmt":"2025-11-11T17:28:07","slug":"vilbur","status":"publish","type":"product","link":"https:\/\/promis.ro\/ro\/produs\/vilbur\/","title":{"rendered":"Vilbur"},"content":{"rendered":"<p>Lum\u00e2nare parfumat\u0103 \u00een sticl\u0103. Disponibil\u0103 \u00een diverse arome: <br \/> &#8211; Culoare alb\u0103: arom\u0103 de vanilie. <br \/> &#8211; Culoare neagr\u0103: arom\u0103 de lemn de santal.<\/p>","protected":false},"excerpt":{"rendered":"<p>Lum\u00e2nare parfumat\u0103 \u00een sticl\u0103. Disponibil\u0103 \u00een diverse arome: &#8211; Culoare alb\u0103: arom\u0103 de vanilie. &#8211; Culoare neagr\u0103: arom\u0103 de lemn<\/p>","protected":false},"featured_media":138724,"comment_status":"open","ping_status":"closed","template":"","meta":[],"product_brand":[],"product_cat":[179],"product_tag":[],"class_list":{"0":"post-95261","1":"product","2":"type-product","3":"status-publish","4":"has-post-thumbnail","6":"product_cat-casa-si-decoratiuni","8":"first","9":"instock","10":"shipping-taxable","11":"purchasable","12":"product-type-variable"},"_links":{"self":[{"href":"https:\/\/promis.ro\/ro\/wp-json\/wp\/v2\/product\/95261","targetHints":{"allow":["GET"]}}],"collection":[{"href":"https:\/\/promis.ro\/ro\/wp-json\/wp\/v2\/product"}],"about":[{"href":"https:\/\/promis.ro\/ro\/wp-json\/wp\/v2\/types\/product"}],"replies":[{"embeddable":true,"href":"https:\/\/promis.ro\/ro\/wp-json\/wp\/v2\/comments?post=95261"}],"version-history":[{"count":1,"href":"https:\/\/promis.ro\/ro\/wp-json\/wp\/v2\/product\/95261\/revisions"}],"predecessor-version":[{"id":112158,"href":"https:\/\/promis.ro\/ro\/wp-json\/wp\/v2\/product\/95261\/revisions\/112158"}],"wp:featuredmedia":[{"embeddable":true,"href":"https:\/\/promis.ro\/ro\/wp-json\/wp\/v2\/media\/138724"}],"wp:attachment":[{"href":"https:\/\/promis.ro\/ro\/wp-json\/wp\/v2\/media?parent=95261"}],"wp:term":[{"taxonomy":"product_brand","embeddable":true,"href":"https:\/\/promis.ro\/ro\/wp-json\/wp\/v2\/product_brand?post=95261"},{"taxonomy":"product_cat","embeddable":true,"href":"https:\/\/promis.ro\/ro\/wp-json\/wp\/v2\/product_cat?post=95261"},{"taxonomy":"product_tag","embeddable":true,"href":"https:\/\/promis.ro\/ro\/wp-json\/wp\/v2\/product_tag?post=95261"}],"curies":[{"name":"wp","href":"https:\/\/api.w.org\/{rel}","templated":true}]}}