{"id":95718,"date":"2025-11-04T23:26:21","date_gmt":"2025-11-04T23:26:21","guid":{"rendered":"https:\/\/promis.ro\/product\/kintar\/"},"modified":"2025-11-11T17:29:08","modified_gmt":"2025-11-11T17:29:08","slug":"kintar","status":"publish","type":"product","link":"https:\/\/promis.ro\/ro\/produs\/kintar\/","title":{"rendered":"Kintar"},"content":{"rendered":"<p>Kit de urgen\u021b\u0103 cu 20 de accesorii \u00eentr-o carcas\u0103 robust\u0103 din poliester 600D cu \u00eenchidere cu fermoar pe un singur traseu. Include comprese sterile, bandaje, prosoape cu alcool, band\u0103 adeziv\u0103, ac de siguran\u021b\u0103 \u0219i foarfece. Cu curele pentru ag\u0103\u021bare pentru a facilita un transport mai bun.<\/p>","protected":false},"excerpt":{"rendered":"<p>Kit de urgen\u021b\u0103 cu 20 de accesorii \u00eentr-o carcas\u0103 robust\u0103 din poliester 600D cu \u00eenchidere cu fermoar pe un singur<\/p>","protected":false},"featured_media":138996,"comment_status":"open","ping_status":"closed","template":"","meta":[],"product_brand":[],"product_cat":[181],"product_tag":[],"class_list":{"0":"post-95718","1":"product","2":"type-product","3":"status-publish","4":"has-post-thumbnail","6":"product_cat-ingrijire-personala-si-farmaceutica","8":"first","9":"instock","10":"shipping-taxable","11":"purchasable","12":"product-type-variable"},"yoast_head":"<!-- This site is optimized with the Yoast SEO plugin v27.4 - https:\/\/yoast.com\/product\/yoast-seo-wordpress\/ -->\n<title>Kintar - Promis.ro<\/title>\n<meta name=\"description\" content=\"Kit de urgen\u021b\u0103 cu 20 de accesorii \u00eentr-o carcas\u0103 robust\u0103 din poliester 600D cu \u00eenchidere cu fermoar pe un singur traseu. Include comprese sterile,\" \/>\n<meta name=\"robots\" content=\"index, follow, max-snippet:-1, max-image-preview:large, max-video-preview:-1\" \/>\n<link rel=\"canonical\" href=\"https:\/\/promis.ro\/ro\/produs\/kintar\/\" \/>\n<meta property=\"og:locale\" content=\"ro_RO\" \/>\n<meta property=\"og:type\" content=\"article\" \/>\n<meta property=\"og:title\" content=\"Kintar - Promis.ro\" \/>\n<meta property=\"og:description\" content=\"Kit de urgen\u021b\u0103 cu 20 de accesorii \u00eentr-o carcas\u0103 robust\u0103 din poliester 600D cu \u00eenchidere cu fermoar pe un singur traseu. Include comprese sterile,\" \/>\n<meta property=\"og:url\" content=\"https:\/\/promis.ro\/ro\/produs\/kintar\/\" \/>\n<meta property=\"og:site_name\" content=\"Promis.ro\" \/>\n<meta property=\"article:modified_time\" content=\"2025-11-11T17:29:08+00:00\" \/>\n<meta property=\"og:image\" content=\"https:\/\/promis.ro\/wp-content\/uploads\/2025\/11\/21593-W-1.jpg\" \/>\n\t<meta property=\"og:image:width\" content=\"1080\" \/>\n\t<meta property=\"og:image:height\" content=\"1080\" \/>\n\t<meta property=\"og:image:type\" content=\"image\/jpeg\" \/>\n<meta name=\"twitter:card\" content=\"summary_large_image\" \/>\n<script type=\"application\/ld+json\" class=\"yoast-schema-graph\">{\"@context\":\"https:\\\/\\\/schema.org\",\"@graph\":[{\"@type\":\"WebPage\",\"@id\":\"https:\\\/\\\/promis.ro\\\/product\\\/kintar\\\/\",\"url\":\"https:\\\/\\\/promis.ro\\\/product\\\/kintar\\\/\",\"name\":\"Kintar - Promis.ro\",\"isPartOf\":{\"@id\":\"https:\\\/\\\/promis.ro\\\/#website\"},\"primaryImageOfPage\":{\"@id\":\"https:\\\/\\\/promis.ro\\\/product\\\/kintar\\\/#primaryimage\"},\"image\":{\"@id\":\"https:\\\/\\\/promis.ro\\\/product\\\/kintar\\\/#primaryimage\"},\"thumbnailUrl\":\"https:\\\/\\\/promis.ro\\\/wp-content\\\/uploads\\\/2025\\\/11\\\/21593-W-1.jpg\",\"datePublished\":\"2025-11-04T23:26:21+00:00\",\"dateModified\":\"2025-11-11T17:29:08+00:00\",\"description\":\"Kit de urgen\u021b\u0103 cu 20 de accesorii \u00eentr-o carcas\u0103 robust\u0103 din poliester 600D cu \u00eenchidere cu fermoar pe un singur traseu. Include comprese sterile,\",\"breadcrumb\":{\"@id\":\"https:\\\/\\\/promis.ro\\\/product\\\/kintar\\\/#breadcrumb\"},\"inLanguage\":\"ro-RO\",\"potentialAction\":[{\"@type\":\"ReadAction\",\"target\":[\"https:\\\/\\\/promis.ro\\\/product\\\/kintar\\\/\"]}]},{\"@type\":\"ImageObject\",\"inLanguage\":\"ro-RO\",\"@id\":\"https:\\\/\\\/promis.ro\\\/product\\\/kintar\\\/#primaryimage\",\"url\":\"https:\\\/\\\/promis.ro\\\/wp-content\\\/uploads\\\/2025\\\/11\\\/21593-W-1.jpg\",\"contentUrl\":\"https:\\\/\\\/promis.ro\\\/wp-content\\\/uploads\\\/2025\\\/11\\\/21593-W-1.jpg\",\"width\":1080,\"height\":1080},{\"@type\":\"BreadcrumbList\",\"@id\":\"https:\\\/\\\/promis.ro\\\/product\\\/kintar\\\/#breadcrumb\",\"itemListElement\":[{\"@type\":\"ListItem\",\"position\":1,\"name\":\"Home\",\"item\":\"https:\\\/\\\/promis.ro\\\/\"},{\"@type\":\"ListItem\",\"position\":2,\"name\":\"Magazin\",\"item\":\"https:\\\/\\\/promis.ro\\\/magazin\\\/\"},{\"@type\":\"ListItem\",\"position\":3,\"name\":\"Kintar\"}]},{\"@type\":\"WebSite\",\"@id\":\"https:\\\/\\\/promis.ro\\\/#website\",\"url\":\"https:\\\/\\\/promis.ro\\\/\",\"name\":\"Promis.ro\",\"description\":\"\",\"potentialAction\":[{\"@type\":\"SearchAction\",\"target\":{\"@type\":\"EntryPoint\",\"urlTemplate\":\"https:\\\/\\\/promis.ro\\\/?s={search_term_string}\"},\"query-input\":{\"@type\":\"PropertyValueSpecification\",\"valueRequired\":true,\"valueName\":\"search_term_string\"}}],\"inLanguage\":\"ro-RO\"}]}<\/script>\n<!-- \/ Yoast SEO plugin. -->","yoast_head_json":{"title":"Kintar - Promis.ro","description":"Kit de urgen\u021b\u0103 cu 20 de accesorii \u00eentr-o carcas\u0103 robust\u0103 din poliester 600D cu \u00eenchidere cu fermoar pe un singur traseu. Include comprese sterile,","robots":{"index":"index","follow":"follow","max-snippet":"max-snippet:-1","max-image-preview":"max-image-preview:large","max-video-preview":"max-video-preview:-1"},"canonical":"https:\/\/promis.ro\/ro\/produs\/kintar\/","og_locale":"ro_RO","og_type":"article","og_title":"Kintar - Promis.ro","og_description":"Kit de urgen\u021b\u0103 cu 20 de accesorii \u00eentr-o carcas\u0103 robust\u0103 din poliester 600D cu \u00eenchidere cu fermoar pe un singur traseu. Include comprese sterile,","og_url":"https:\/\/promis.ro\/ro\/produs\/kintar\/","og_site_name":"Promis.ro","article_modified_time":"2025-11-11T17:29:08+00:00","og_image":[{"width":1080,"height":1080,"url":"https:\/\/promis.ro\/wp-content\/uploads\/2025\/11\/21593-W-1.jpg","type":"image\/jpeg"}],"twitter_card":"summary_large_image","schema":{"@context":"https:\/\/schema.org","@graph":[{"@type":"WebPage","@id":"https:\/\/promis.ro\/product\/kintar\/","url":"https:\/\/promis.ro\/product\/kintar\/","name":"Kintar - Promis.ro","isPartOf":{"@id":"https:\/\/promis.ro\/#website"},"primaryImageOfPage":{"@id":"https:\/\/promis.ro\/product\/kintar\/#primaryimage"},"image":{"@id":"https:\/\/promis.ro\/product\/kintar\/#primaryimage"},"thumbnailUrl":"https:\/\/promis.ro\/wp-content\/uploads\/2025\/11\/21593-W-1.jpg","datePublished":"2025-11-04T23:26:21+00:00","dateModified":"2025-11-11T17:29:08+00:00","description":"Kit de urgen\u021b\u0103 cu 20 de accesorii \u00eentr-o carcas\u0103 robust\u0103 din poliester 600D cu \u00eenchidere cu fermoar pe un singur traseu. Include comprese sterile,","breadcrumb":{"@id":"https:\/\/promis.ro\/product\/kintar\/#breadcrumb"},"inLanguage":"ro-RO","potentialAction":[{"@type":"ReadAction","target":["https:\/\/promis.ro\/product\/kintar\/"]}]},{"@type":"ImageObject","inLanguage":"ro-RO","@id":"https:\/\/promis.ro\/product\/kintar\/#primaryimage","url":"https:\/\/promis.ro\/wp-content\/uploads\/2025\/11\/21593-W-1.jpg","contentUrl":"https:\/\/promis.ro\/wp-content\/uploads\/2025\/11\/21593-W-1.jpg","width":1080,"height":1080},{"@type":"BreadcrumbList","@id":"https:\/\/promis.ro\/product\/kintar\/#breadcrumb","itemListElement":[{"@type":"ListItem","position":1,"name":"Home","item":"https:\/\/promis.ro\/"},{"@type":"ListItem","position":2,"name":"Magazin","item":"https:\/\/promis.ro\/magazin\/"},{"@type":"ListItem","position":3,"name":"Kintar"}]},{"@type":"WebSite","@id":"https:\/\/promis.ro\/#website","url":"https:\/\/promis.ro\/","name":"Promis.ro","description":"","potentialAction":[{"@type":"SearchAction","target":{"@type":"EntryPoint","urlTemplate":"https:\/\/promis.ro\/?s={search_term_string}"},"query-input":{"@type":"PropertyValueSpecification","valueRequired":true,"valueName":"search_term_string"}}],"inLanguage":"ro-RO"}]}},"_links":{"self":[{"href":"https:\/\/promis.ro\/ro\/wp-json\/wp\/v2\/product\/95718","targetHints":{"allow":["GET"]}}],"collection":[{"href":"https:\/\/promis.ro\/ro\/wp-json\/wp\/v2\/product"}],"about":[{"href":"https:\/\/promis.ro\/ro\/wp-json\/wp\/v2\/types\/product"}],"replies":[{"embeddable":true,"href":"https:\/\/promis.ro\/ro\/wp-json\/wp\/v2\/comments?post=95718"}],"version-history":[{"count":1,"href":"https:\/\/promis.ro\/ro\/wp-json\/wp\/v2\/product\/95718\/revisions"}],"predecessor-version":[{"id":112242,"href":"https:\/\/promis.ro\/ro\/wp-json\/wp\/v2\/product\/95718\/revisions\/112242"}],"wp:featuredmedia":[{"embeddable":true,"href":"https:\/\/promis.ro\/ro\/wp-json\/wp\/v2\/media\/138996"}],"wp:attachment":[{"href":"https:\/\/promis.ro\/ro\/wp-json\/wp\/v2\/media?parent=95718"}],"wp:term":[{"taxonomy":"product_brand","embeddable":true,"href":"https:\/\/promis.ro\/ro\/wp-json\/wp\/v2\/product_brand?post=95718"},{"taxonomy":"product_cat","embeddable":true,"href":"https:\/\/promis.ro\/ro\/wp-json\/wp\/v2\/product_cat?post=95718"},{"taxonomy":"product_tag","embeddable":true,"href":"https:\/\/promis.ro\/ro\/wp-json\/wp\/v2\/product_tag?post=95718"}],"curies":[{"name":"wp","href":"https:\/\/api.w.org\/{rel}","templated":true}]}}