{"id":95737,"date":"2025-11-04T23:26:35","date_gmt":"2025-11-04T23:26:35","guid":{"rendered":"https:\/\/promis.ro\/product\/kimich-fairtrade\/"},"modified":"2025-11-11T17:29:31","modified_gmt":"2025-11-11T17:29:31","slug":"kimich-fairtrade","status":"publish","type":"product","link":"https:\/\/promis.ro\/ro\/produs\/kimich-fairtrade\/","title":{"rendered":"Kimich Fairtrade"},"content":{"rendered":"<p>Geant\u0103 fabricat\u0103 \u00een principal din bumbac de 220g\/m2. Cu certificare Fairtrade, un sistem de comer\u021b echitabil \u0219i alternativ care promoveaz\u0103 dezvoltarea popoarelor \u0219i lupta \u00eempotriva s\u0103r\u0103ciei. Finisaj cusut cu pan\u0103, m\u00e2nere lungi \u00eent\u0103rite de 70 cm \u0219i rezisten\u021b\u0103 la greutate de p\u00e2n\u0103 la 10 kg. Include eticheta Fairtrade \u0219i un tag distinctiv din carton reciclat.<\/p>","protected":false},"excerpt":{"rendered":"<p>Geant\u0103 fabricat\u0103 \u00een principal din bumbac de 220g\/m2. Cu certificare Fairtrade, un sistem de comer\u021b echitabil \u0219i alternativ care promoveaz\u0103<\/p>","protected":false},"featured_media":139400,"comment_status":"open","ping_status":"closed","template":"","meta":[],"product_brand":[],"product_cat":[174],"product_tag":[],"class_list":{"0":"post-95737","1":"product","2":"type-product","3":"status-publish","4":"has-post-thumbnail","6":"product_cat-pungi","8":"first","9":"instock","10":"shipping-taxable","11":"purchasable","12":"product-type-simple"},"_links":{"self":[{"href":"https:\/\/promis.ro\/ro\/wp-json\/wp\/v2\/product\/95737","targetHints":{"allow":["GET"]}}],"collection":[{"href":"https:\/\/promis.ro\/ro\/wp-json\/wp\/v2\/product"}],"about":[{"href":"https:\/\/promis.ro\/ro\/wp-json\/wp\/v2\/types\/product"}],"replies":[{"embeddable":true,"href":"https:\/\/promis.ro\/ro\/wp-json\/wp\/v2\/comments?post=95737"}],"version-history":[{"count":1,"href":"https:\/\/promis.ro\/ro\/wp-json\/wp\/v2\/product\/95737\/revisions"}],"predecessor-version":[{"id":112260,"href":"https:\/\/promis.ro\/ro\/wp-json\/wp\/v2\/product\/95737\/revisions\/112260"}],"wp:featuredmedia":[{"embeddable":true,"href":"https:\/\/promis.ro\/ro\/wp-json\/wp\/v2\/media\/139400"}],"wp:attachment":[{"href":"https:\/\/promis.ro\/ro\/wp-json\/wp\/v2\/media?parent=95737"}],"wp:term":[{"taxonomy":"product_brand","embeddable":true,"href":"https:\/\/promis.ro\/ro\/wp-json\/wp\/v2\/product_brand?post=95737"},{"taxonomy":"product_cat","embeddable":true,"href":"https:\/\/promis.ro\/ro\/wp-json\/wp\/v2\/product_cat?post=95737"},{"taxonomy":"product_tag","embeddable":true,"href":"https:\/\/promis.ro\/ro\/wp-json\/wp\/v2\/product_tag?post=95737"}],"curies":[{"name":"wp","href":"https:\/\/api.w.org\/{rel}","templated":true}]}}