{"id":95739,"date":"2025-11-04T23:26:36","date_gmt":"2025-11-04T23:26:36","guid":{"rendered":"https:\/\/promis.ro\/product\/kieran-fairtrade\/"},"modified":"2025-11-11T17:29:39","modified_gmt":"2025-11-11T17:29:39","slug":"kieran-fairtrade","status":"publish","type":"product","link":"https:\/\/promis.ro\/ro\/produs\/kieran-fairtrade\/","title":{"rendered":"Kieran Fairtrade"},"content":{"rendered":"<p>Geant\u0103 pliabil\u0103 realizat\u0103 \u00een principal din bumbac de 120g\/m2. Cu certificare Fairtrade, un sistem de comer\u021b echitabil \u0219i alternativ care promoveaz\u0103 dezvoltarea popoarelor \u0219i lupta \u00eempotriva s\u0103r\u0103ciei. Finisaj cusut, cu m\u00e2nere lungi de 70 cm \u0219i rezisten\u021b\u0103 la greutate de p\u00e2n\u0103 la 6 kg. Cu accesoriu de ajustare pentru o pliere u\u0219oar\u0103. Include eticheta Fairtrade \u0219i un tag distinctiv realizat din carton reciclat.<\/p>","protected":false},"excerpt":{"rendered":"<p>Geant\u0103 pliabil\u0103 realizat\u0103 \u00een principal din bumbac de 120g\/m2. Cu certificare Fairtrade, un sistem de comer\u021b echitabil \u0219i alternativ care<\/p>","protected":false},"featured_media":139406,"comment_status":"open","ping_status":"closed","template":"","meta":[],"product_brand":[],"product_cat":[174],"product_tag":[],"class_list":{"0":"post-95739","1":"product","2":"type-product","3":"status-publish","4":"has-post-thumbnail","6":"product_cat-pungi","8":"first","9":"instock","10":"shipping-taxable","11":"purchasable","12":"product-type-simple"},"_links":{"self":[{"href":"https:\/\/promis.ro\/ro\/wp-json\/wp\/v2\/product\/95739","targetHints":{"allow":["GET"]}}],"collection":[{"href":"https:\/\/promis.ro\/ro\/wp-json\/wp\/v2\/product"}],"about":[{"href":"https:\/\/promis.ro\/ro\/wp-json\/wp\/v2\/types\/product"}],"replies":[{"embeddable":true,"href":"https:\/\/promis.ro\/ro\/wp-json\/wp\/v2\/comments?post=95739"}],"version-history":[{"count":1,"href":"https:\/\/promis.ro\/ro\/wp-json\/wp\/v2\/product\/95739\/revisions"}],"predecessor-version":[{"id":112268,"href":"https:\/\/promis.ro\/ro\/wp-json\/wp\/v2\/product\/95739\/revisions\/112268"}],"wp:featuredmedia":[{"embeddable":true,"href":"https:\/\/promis.ro\/ro\/wp-json\/wp\/v2\/media\/139406"}],"wp:attachment":[{"href":"https:\/\/promis.ro\/ro\/wp-json\/wp\/v2\/media?parent=95739"}],"wp:term":[{"taxonomy":"product_brand","embeddable":true,"href":"https:\/\/promis.ro\/ro\/wp-json\/wp\/v2\/product_brand?post=95739"},{"taxonomy":"product_cat","embeddable":true,"href":"https:\/\/promis.ro\/ro\/wp-json\/wp\/v2\/product_cat?post=95739"},{"taxonomy":"product_tag","embeddable":true,"href":"https:\/\/promis.ro\/ro\/wp-json\/wp\/v2\/product_tag?post=95739"}],"curies":[{"name":"wp","href":"https:\/\/api.w.org\/{rel}","templated":true}]}}