{"id":95740,"date":"2025-11-04T23:26:36","date_gmt":"2025-11-04T23:26:36","guid":{"rendered":"https:\/\/promis.ro\/product\/barzon\/"},"modified":"2025-11-11T17:29:43","modified_gmt":"2025-11-11T17:29:43","slug":"barzon","status":"publish","type":"product","link":"https:\/\/promis.ro\/ro\/produs\/barzon\/","title":{"rendered":"Barzon"},"content":{"rendered":"<p>Geant\u0103 din bumbac reciclat cu 180 g\/m2. M\u00e2nere lungi. Include etichet\u0103 din bumbac reciclat. Rezisten\u021b\u0103 de p\u00e2n\u0103 la 7 kg.<\/p>","protected":false},"excerpt":{"rendered":"<p>Geant\u0103 din bumbac reciclat cu 180 g\/m2. M\u00e2nere lungi. Include etichet\u0103 din bumbac reciclat. Rezisten\u021b\u0103 de p\u00e2n\u0103 la 7 kg.<\/p>","protected":false},"featured_media":139410,"comment_status":"open","ping_status":"closed","template":"","meta":[],"product_brand":[],"product_cat":[174],"product_tag":[],"class_list":{"0":"post-95740","1":"product","2":"type-product","3":"status-publish","4":"has-post-thumbnail","6":"product_cat-pungi","8":"first","9":"instock","10":"shipping-taxable","11":"purchasable","12":"product-type-simple"},"_links":{"self":[{"href":"https:\/\/promis.ro\/ro\/wp-json\/wp\/v2\/product\/95740","targetHints":{"allow":["GET"]}}],"collection":[{"href":"https:\/\/promis.ro\/ro\/wp-json\/wp\/v2\/product"}],"about":[{"href":"https:\/\/promis.ro\/ro\/wp-json\/wp\/v2\/types\/product"}],"replies":[{"embeddable":true,"href":"https:\/\/promis.ro\/ro\/wp-json\/wp\/v2\/comments?post=95740"}],"version-history":[{"count":1,"href":"https:\/\/promis.ro\/ro\/wp-json\/wp\/v2\/product\/95740\/revisions"}],"predecessor-version":[{"id":112253,"href":"https:\/\/promis.ro\/ro\/wp-json\/wp\/v2\/product\/95740\/revisions\/112253"}],"wp:featuredmedia":[{"embeddable":true,"href":"https:\/\/promis.ro\/ro\/wp-json\/wp\/v2\/media\/139410"}],"wp:attachment":[{"href":"https:\/\/promis.ro\/ro\/wp-json\/wp\/v2\/media?parent=95740"}],"wp:term":[{"taxonomy":"product_brand","embeddable":true,"href":"https:\/\/promis.ro\/ro\/wp-json\/wp\/v2\/product_brand?post=95740"},{"taxonomy":"product_cat","embeddable":true,"href":"https:\/\/promis.ro\/ro\/wp-json\/wp\/v2\/product_cat?post=95740"},{"taxonomy":"product_tag","embeddable":true,"href":"https:\/\/promis.ro\/ro\/wp-json\/wp\/v2\/product_tag?post=95740"}],"curies":[{"name":"wp","href":"https:\/\/api.w.org\/{rel}","templated":true}]}}