{"id":95743,"date":"2025-11-04T23:26:37","date_gmt":"2025-11-04T23:26:37","guid":{"rendered":"https:\/\/promis.ro\/product\/sayon\/"},"modified":"2025-11-11T17:29:54","modified_gmt":"2025-11-11T17:29:54","slug":"sayon","status":"publish","type":"product","link":"https:\/\/promis.ro\/ro\/produs\/sayon\/","title":{"rendered":"Sayon"},"content":{"rendered":"<p>Geant\u0103 din RPET \u021besut laminat. Echipat\u0103 cu m\u00e2nere duble \u00eent\u0103rite: m\u00e2nere scurte de 40&#215;3 cm \u0219i m\u00e2nere lungi de 70&#215;3 cm. Cu o rezisten\u021b\u0103 la greutate de p\u00e2n\u0103 la 8 kg. Materialul RPET este fabricat din plastic reciclat pentru a promova reutilizarea de\u0219eurilor plastice \u0219i a ajuta la sustenabilitatea planetei.<\/p>","protected":false},"excerpt":{"rendered":"<p>Geant\u0103 din RPET \u021besut laminat. Echipat\u0103 cu m\u00e2nere duble \u00eent\u0103rite: m\u00e2nere scurte de 40&#215;3 cm \u0219i m\u00e2nere lungi de 70&#215;3<\/p>","protected":false},"featured_media":139419,"comment_status":"open","ping_status":"closed","template":"","meta":[],"product_brand":[],"product_cat":[174],"product_tag":[],"class_list":{"0":"post-95743","1":"product","2":"type-product","3":"status-publish","4":"has-post-thumbnail","6":"product_cat-pungi","8":"first","9":"instock","10":"shipping-taxable","11":"purchasable","12":"product-type-simple"},"_links":{"self":[{"href":"https:\/\/promis.ro\/ro\/wp-json\/wp\/v2\/product\/95743","targetHints":{"allow":["GET"]}}],"collection":[{"href":"https:\/\/promis.ro\/ro\/wp-json\/wp\/v2\/product"}],"about":[{"href":"https:\/\/promis.ro\/ro\/wp-json\/wp\/v2\/types\/product"}],"replies":[{"embeddable":true,"href":"https:\/\/promis.ro\/ro\/wp-json\/wp\/v2\/comments?post=95743"}],"version-history":[{"count":2,"href":"https:\/\/promis.ro\/ro\/wp-json\/wp\/v2\/product\/95743\/revisions"}],"predecessor-version":[{"id":112273,"href":"https:\/\/promis.ro\/ro\/wp-json\/wp\/v2\/product\/95743\/revisions\/112273"}],"wp:featuredmedia":[{"embeddable":true,"href":"https:\/\/promis.ro\/ro\/wp-json\/wp\/v2\/media\/139419"}],"wp:attachment":[{"href":"https:\/\/promis.ro\/ro\/wp-json\/wp\/v2\/media?parent=95743"}],"wp:term":[{"taxonomy":"product_brand","embeddable":true,"href":"https:\/\/promis.ro\/ro\/wp-json\/wp\/v2\/product_brand?post=95743"},{"taxonomy":"product_cat","embeddable":true,"href":"https:\/\/promis.ro\/ro\/wp-json\/wp\/v2\/product_cat?post=95743"},{"taxonomy":"product_tag","embeddable":true,"href":"https:\/\/promis.ro\/ro\/wp-json\/wp\/v2\/product_tag?post=95743"}],"curies":[{"name":"wp","href":"https:\/\/api.w.org\/{rel}","templated":true}]}}