{"id":95745,"date":"2025-11-04T23:26:38","date_gmt":"2025-11-04T23:26:38","guid":{"rendered":"https:\/\/promis.ro\/product\/northax\/"},"modified":"2025-11-11T17:36:46","modified_gmt":"2025-11-11T17:36:46","slug":"northax","status":"publish","type":"product","link":"https:\/\/promis.ro\/ro\/produs\/northax\/","title":{"rendered":"Northax"},"content":{"rendered":"<p>Geant\u0103 din fetru reciclat. Cu m\u00e2nere din sfoar\u0103 de bumbac \u00eent\u0103rite cu inele \u0219i pliu. Rezisten\u021b\u0103 de p\u00e2n\u0103 la 6 kg. Etichet\u0103 RPET pe eticheta exterioar\u0103. Materialul RPET este fabricat din plastic reciclat pentru a promova reutilizarea de\u0219eurilor plastice \u0219i a ajuta la sustenabilitatea planetei.<\/p>","protected":false},"excerpt":{"rendered":"<p>Geant\u0103 din fetru reciclat. Cu m\u00e2nere din sfoar\u0103 de bumbac \u00eent\u0103rite cu inele \u0219i pliu. Rezisten\u021b\u0103 de p\u00e2n\u0103 la 6<\/p>","protected":false},"featured_media":139426,"comment_status":"open","ping_status":"closed","template":"","meta":[],"product_brand":[],"product_cat":[188],"product_tag":[],"class_list":{"0":"post-95745","1":"product","2":"type-product","3":"status-publish","4":"has-post-thumbnail","6":"product_cat-vara-si-plaja","8":"first","9":"instock","10":"shipping-taxable","11":"purchasable","12":"product-type-variable"},"_links":{"self":[{"href":"https:\/\/promis.ro\/ro\/wp-json\/wp\/v2\/product\/95745","targetHints":{"allow":["GET"]}}],"collection":[{"href":"https:\/\/promis.ro\/ro\/wp-json\/wp\/v2\/product"}],"about":[{"href":"https:\/\/promis.ro\/ro\/wp-json\/wp\/v2\/types\/product"}],"replies":[{"embeddable":true,"href":"https:\/\/promis.ro\/ro\/wp-json\/wp\/v2\/comments?post=95745"}],"version-history":[{"count":2,"href":"https:\/\/promis.ro\/ro\/wp-json\/wp\/v2\/product\/95745\/revisions"}],"predecessor-version":[{"id":112282,"href":"https:\/\/promis.ro\/ro\/wp-json\/wp\/v2\/product\/95745\/revisions\/112282"}],"wp:featuredmedia":[{"embeddable":true,"href":"https:\/\/promis.ro\/ro\/wp-json\/wp\/v2\/media\/139426"}],"wp:attachment":[{"href":"https:\/\/promis.ro\/ro\/wp-json\/wp\/v2\/media?parent=95745"}],"wp:term":[{"taxonomy":"product_brand","embeddable":true,"href":"https:\/\/promis.ro\/ro\/wp-json\/wp\/v2\/product_brand?post=95745"},{"taxonomy":"product_cat","embeddable":true,"href":"https:\/\/promis.ro\/ro\/wp-json\/wp\/v2\/product_cat?post=95745"},{"taxonomy":"product_tag","embeddable":true,"href":"https:\/\/promis.ro\/ro\/wp-json\/wp\/v2\/product_tag?post=95745"}],"curies":[{"name":"wp","href":"https:\/\/api.w.org\/{rel}","templated":true}]}}