{"id":95957,"date":"2025-11-04T23:29:00","date_gmt":"2025-11-04T23:29:00","guid":{"rendered":"https:\/\/promis.ro\/product\/bolten\/"},"modified":"2025-11-11T17:30:24","modified_gmt":"2025-11-11T17:30:24","slug":"bolten","status":"publish","type":"product","link":"https:\/\/promis.ro\/ro\/produs\/bolten\/","title":{"rendered":"Bolten"},"content":{"rendered":"<p>Shot glass cu lumini LED \u0219i capacitate de 50 ml. Fabricat din PS. Include un cablu practic pentru a fi purtat confortabil \u00een jurul g\u00e2tului. Are un buton la baz\u0103 pentru a activa lumina, oferind 3 moduri de iluminare: lumin\u0103 constant\u0103 \u0219i intermitent\u0103 la viteze diferite. Alimentat de baterii cu buton (inclus). F\u0103r\u0103 BPA.<\/p>","protected":false},"excerpt":{"rendered":"<p>Shot glass cu lumini LED \u0219i capacitate de 50 ml. Fabricat din PS. Include un cablu practic pentru a fi<\/p>","protected":false},"featured_media":139441,"comment_status":"open","ping_status":"closed","template":"","meta":[],"product_brand":[],"product_cat":[187],"product_tag":[],"class_list":{"0":"post-95957","1":"product","2":"type-product","3":"status-publish","4":"has-post-thumbnail","6":"product_cat-evenimente-si-petreceri","8":"first","9":"instock","10":"shipping-taxable","11":"purchasable","12":"product-type-simple"},"_links":{"self":[{"href":"https:\/\/promis.ro\/ro\/wp-json\/wp\/v2\/product\/95957","targetHints":{"allow":["GET"]}}],"collection":[{"href":"https:\/\/promis.ro\/ro\/wp-json\/wp\/v2\/product"}],"about":[{"href":"https:\/\/promis.ro\/ro\/wp-json\/wp\/v2\/types\/product"}],"replies":[{"embeddable":true,"href":"https:\/\/promis.ro\/ro\/wp-json\/wp\/v2\/comments?post=95957"}],"version-history":[{"count":1,"href":"https:\/\/promis.ro\/ro\/wp-json\/wp\/v2\/product\/95957\/revisions"}],"predecessor-version":[{"id":112279,"href":"https:\/\/promis.ro\/ro\/wp-json\/wp\/v2\/product\/95957\/revisions\/112279"}],"wp:featuredmedia":[{"embeddable":true,"href":"https:\/\/promis.ro\/ro\/wp-json\/wp\/v2\/media\/139441"}],"wp:attachment":[{"href":"https:\/\/promis.ro\/ro\/wp-json\/wp\/v2\/media?parent=95957"}],"wp:term":[{"taxonomy":"product_brand","embeddable":true,"href":"https:\/\/promis.ro\/ro\/wp-json\/wp\/v2\/product_brand?post=95957"},{"taxonomy":"product_cat","embeddable":true,"href":"https:\/\/promis.ro\/ro\/wp-json\/wp\/v2\/product_cat?post=95957"},{"taxonomy":"product_tag","embeddable":true,"href":"https:\/\/promis.ro\/ro\/wp-json\/wp\/v2\/product_tag?post=95957"}],"curies":[{"name":"wp","href":"https:\/\/api.w.org\/{rel}","templated":true}]}}