{"id":95958,"date":"2025-11-04T23:29:01","date_gmt":"2025-11-04T23:29:01","guid":{"rendered":"https:\/\/promis.ro\/product\/meron\/"},"modified":"2025-11-11T17:30:29","modified_gmt":"2025-11-11T17:30:29","slug":"meron","status":"publish","type":"product","link":"https:\/\/promis.ro\/ro\/produs\/meron\/","title":{"rendered":"Meron"},"content":{"rendered":"<p>Creion cilindric practic prezentat \u00eentr-o carcas\u0103 din h\u00e2rtie cu semin\u021be, fabricat din lemn natural moale cu radier\u0103. Carcasa include semin\u021be de petunie, f\u0103c\u00e2ndu-l o h\u00e2rtie plantabil\u0103 la sf\u00e2r\u0219itul vie\u021bii sale utile. Include instruc\u021biuni de plantare pe coperta din spate.<\/p>","protected":false},"excerpt":{"rendered":"<p>Creion cilindric practic prezentat \u00eentr-o carcas\u0103 din h\u00e2rtie cu semin\u021be, fabricat din lemn natural moale cu radier\u0103. Carcasa include semin\u021be<\/p>","protected":false},"featured_media":139445,"comment_status":"open","ping_status":"closed","template":"","meta":[],"product_brand":[],"product_cat":[180],"product_tag":[],"class_list":{"0":"post-95958","1":"product","2":"type-product","3":"status-publish","4":"has-post-thumbnail","6":"product_cat-cadouri-si-prime","8":"first","9":"instock","10":"shipping-taxable","11":"purchasable","12":"product-type-simple"},"_links":{"self":[{"href":"https:\/\/promis.ro\/ro\/wp-json\/wp\/v2\/product\/95958","targetHints":{"allow":["GET"]}}],"collection":[{"href":"https:\/\/promis.ro\/ro\/wp-json\/wp\/v2\/product"}],"about":[{"href":"https:\/\/promis.ro\/ro\/wp-json\/wp\/v2\/types\/product"}],"replies":[{"embeddable":true,"href":"https:\/\/promis.ro\/ro\/wp-json\/wp\/v2\/comments?post=95958"}],"version-history":[{"count":1,"href":"https:\/\/promis.ro\/ro\/wp-json\/wp\/v2\/product\/95958\/revisions"}],"predecessor-version":[{"id":112278,"href":"https:\/\/promis.ro\/ro\/wp-json\/wp\/v2\/product\/95958\/revisions\/112278"}],"wp:featuredmedia":[{"embeddable":true,"href":"https:\/\/promis.ro\/ro\/wp-json\/wp\/v2\/media\/139445"}],"wp:attachment":[{"href":"https:\/\/promis.ro\/ro\/wp-json\/wp\/v2\/media?parent=95958"}],"wp:term":[{"taxonomy":"product_brand","embeddable":true,"href":"https:\/\/promis.ro\/ro\/wp-json\/wp\/v2\/product_brand?post=95958"},{"taxonomy":"product_cat","embeddable":true,"href":"https:\/\/promis.ro\/ro\/wp-json\/wp\/v2\/product_cat?post=95958"},{"taxonomy":"product_tag","embeddable":true,"href":"https:\/\/promis.ro\/ro\/wp-json\/wp\/v2\/product_tag?post=95958"}],"curies":[{"name":"wp","href":"https:\/\/api.w.org\/{rel}","templated":true}]}}