{"id":95959,"date":"2025-11-04T23:29:01","date_gmt":"2025-11-04T23:29:01","guid":{"rendered":"https:\/\/promis.ro\/product\/logan-2\/"},"modified":"2025-11-11T17:30:33","modified_gmt":"2025-11-11T17:30:33","slug":"logan-2","status":"publish","type":"product","link":"https:\/\/promis.ro\/ro\/produs\/logan-2\/","title":{"rendered":"Logan"},"content":{"rendered":"<p>Geant\u0103 impermeabil\u0103 din PVC, conceput\u0103 cu o func\u021bie tactil\u0103 pentru a facilita utilizarea dispozitivelor. Cu un sistem de securitate cu \u00eenchidere prin levier pentru o bun\u0103 etan\u0219are. Compatibil\u0103 cu ecrane de p\u00e2n\u0103 la 6.7 inci. Include un cord asortat \u0219i un carabinier pentru un plus de confort.<\/p>","protected":false},"excerpt":{"rendered":"<p>Geant\u0103 impermeabil\u0103 din PVC, conceput\u0103 cu o func\u021bie tactil\u0103 pentru a facilita utilizarea dispozitivelor. Cu un sistem de securitate cu<\/p>","protected":false},"featured_media":139449,"comment_status":"open","ping_status":"closed","template":"","meta":[],"product_brand":[],"product_cat":[170],"product_tag":[],"class_list":{"0":"post-95959","1":"product","2":"type-product","3":"status-publish","4":"has-post-thumbnail","6":"product_cat-tehnologie-si-accesorii","8":"first","9":"instock","10":"shipping-taxable","11":"purchasable","12":"product-type-simple"},"_links":{"self":[{"href":"https:\/\/promis.ro\/ro\/wp-json\/wp\/v2\/product\/95959","targetHints":{"allow":["GET"]}}],"collection":[{"href":"https:\/\/promis.ro\/ro\/wp-json\/wp\/v2\/product"}],"about":[{"href":"https:\/\/promis.ro\/ro\/wp-json\/wp\/v2\/types\/product"}],"replies":[{"embeddable":true,"href":"https:\/\/promis.ro\/ro\/wp-json\/wp\/v2\/comments?post=95959"}],"version-history":[{"count":1,"href":"https:\/\/promis.ro\/ro\/wp-json\/wp\/v2\/product\/95959\/revisions"}],"predecessor-version":[{"id":112281,"href":"https:\/\/promis.ro\/ro\/wp-json\/wp\/v2\/product\/95959\/revisions\/112281"}],"wp:featuredmedia":[{"embeddable":true,"href":"https:\/\/promis.ro\/ro\/wp-json\/wp\/v2\/media\/139449"}],"wp:attachment":[{"href":"https:\/\/promis.ro\/ro\/wp-json\/wp\/v2\/media?parent=95959"}],"wp:term":[{"taxonomy":"product_brand","embeddable":true,"href":"https:\/\/promis.ro\/ro\/wp-json\/wp\/v2\/product_brand?post=95959"},{"taxonomy":"product_cat","embeddable":true,"href":"https:\/\/promis.ro\/ro\/wp-json\/wp\/v2\/product_cat?post=95959"},{"taxonomy":"product_tag","embeddable":true,"href":"https:\/\/promis.ro\/ro\/wp-json\/wp\/v2\/product_tag?post=95959"}],"curies":[{"name":"wp","href":"https:\/\/api.w.org\/{rel}","templated":true}]}}