{"id":95960,"date":"2025-11-04T23:29:01","date_gmt":"2025-11-04T23:29:01","guid":{"rendered":"https:\/\/promis.ro\/product\/gleor\/"},"modified":"2025-11-11T17:36:47","modified_gmt":"2025-11-11T17:36:47","slug":"gleor","status":"publish","type":"product","link":"https:\/\/promis.ro\/ro\/produs\/gleor\/","title":{"rendered":"Gleor"},"content":{"rendered":"<p>Geant\u0103 din poliester RPET 600D. Dispune de trei compartimente func\u021bionale: un compartiment principal mare cu \u00eenchidere cu fermoar, un buzunar lateral cu \u00eenchidere cu fermoar \u0219i un buzunar la baz\u0103 cu \u00eenchidere cu fermoar dublu, ideal pentru \u00eenc\u0103l\u021b\u0103minte. Include curea lung\u0103 ajustabil\u0103, m\u00e2nere \u00eent\u0103rite cu capse metalice \u0219i detalii elegante argintii. Materialul RPET este fabricat din plastic reciclat pentru a promova reutilizarea de\u0219eurilor plastice \u0219i a ajuta la sustenabilitatea planetei.<\/p>","protected":false},"excerpt":{"rendered":"<p>Geant\u0103 din poliester RPET 600D. Dispune de trei compartimente func\u021bionale: un compartiment principal mare cu \u00eenchidere cu fermoar, un buzunar<\/p>","protected":false},"featured_media":139452,"comment_status":"open","ping_status":"closed","template":"","meta":[],"product_brand":[],"product_cat":[169],"product_tag":[],"class_list":{"0":"post-95960","1":"product","2":"type-product","3":"status-publish","4":"has-post-thumbnail","6":"product_cat-ghiozdane","8":"first","9":"instock","10":"shipping-taxable","11":"purchasable","12":"product-type-variable"},"_links":{"self":[{"href":"https:\/\/promis.ro\/ro\/wp-json\/wp\/v2\/product\/95960","targetHints":{"allow":["GET"]}}],"collection":[{"href":"https:\/\/promis.ro\/ro\/wp-json\/wp\/v2\/product"}],"about":[{"href":"https:\/\/promis.ro\/ro\/wp-json\/wp\/v2\/types\/product"}],"replies":[{"embeddable":true,"href":"https:\/\/promis.ro\/ro\/wp-json\/wp\/v2\/comments?post=95960"}],"version-history":[{"count":1,"href":"https:\/\/promis.ro\/ro\/wp-json\/wp\/v2\/product\/95960\/revisions"}],"predecessor-version":[{"id":112286,"href":"https:\/\/promis.ro\/ro\/wp-json\/wp\/v2\/product\/95960\/revisions\/112286"}],"wp:featuredmedia":[{"embeddable":true,"href":"https:\/\/promis.ro\/ro\/wp-json\/wp\/v2\/media\/139452"}],"wp:attachment":[{"href":"https:\/\/promis.ro\/ro\/wp-json\/wp\/v2\/media?parent=95960"}],"wp:term":[{"taxonomy":"product_brand","embeddable":true,"href":"https:\/\/promis.ro\/ro\/wp-json\/wp\/v2\/product_brand?post=95960"},{"taxonomy":"product_cat","embeddable":true,"href":"https:\/\/promis.ro\/ro\/wp-json\/wp\/v2\/product_cat?post=95960"},{"taxonomy":"product_tag","embeddable":true,"href":"https:\/\/promis.ro\/ro\/wp-json\/wp\/v2\/product_tag?post=95960"}],"curies":[{"name":"wp","href":"https:\/\/api.w.org\/{rel}","templated":true}]}}