{"id":95961,"date":"2025-11-04T23:29:02","date_gmt":"2025-11-04T23:29:02","guid":{"rendered":"https:\/\/promis.ro\/product\/mubar\/"},"modified":"2025-11-11T17:36:47","modified_gmt":"2025-11-11T17:36:47","slug":"mubar","status":"publish","type":"product","link":"https:\/\/promis.ro\/ro\/produs\/mubar\/","title":{"rendered":"Mubar"},"content":{"rendered":"<p>Geant\u0103 multifunc\u021bional\u0103 cu capacitate mare, fabricat\u0103 din poliester RPET 600D durabil. \u00cenchidere superioar\u0103 cu cordon \u0219i accesoriu de ajustare, cu inele metalice \u00eent\u0103rite. Curea de um\u0103r 2 \u00een 1 cu \u00eenchidere cu fermoar pentru transport pe un singur um\u0103r sau pe ambele umeri. Cu eticheta RPET pe etichet\u0103. Materialul RPET este fabricat din plastic reciclat pentru a promova reutilizarea de\u0219eurilor de plastic \u0219i a ajuta la sustenabilitatea planetei.<\/p>","protected":false},"excerpt":{"rendered":"<p>Geant\u0103 multifunc\u021bional\u0103 cu capacitate mare, fabricat\u0103 din poliester RPET 600D durabil. \u00cenchidere superioar\u0103 cu cordon \u0219i accesoriu de ajustare, cu<\/p>","protected":false},"featured_media":139457,"comment_status":"open","ping_status":"closed","template":"","meta":[],"product_brand":[],"product_cat":[169],"product_tag":[],"class_list":{"0":"post-95961","1":"product","2":"type-product","3":"status-publish","4":"has-post-thumbnail","6":"product_cat-ghiozdane","8":"first","9":"instock","10":"shipping-taxable","11":"purchasable","12":"product-type-variable"},"_links":{"self":[{"href":"https:\/\/promis.ro\/ro\/wp-json\/wp\/v2\/product\/95961","targetHints":{"allow":["GET"]}}],"collection":[{"href":"https:\/\/promis.ro\/ro\/wp-json\/wp\/v2\/product"}],"about":[{"href":"https:\/\/promis.ro\/ro\/wp-json\/wp\/v2\/types\/product"}],"replies":[{"embeddable":true,"href":"https:\/\/promis.ro\/ro\/wp-json\/wp\/v2\/comments?post=95961"}],"version-history":[{"count":1,"href":"https:\/\/promis.ro\/ro\/wp-json\/wp\/v2\/product\/95961\/revisions"}],"predecessor-version":[{"id":112287,"href":"https:\/\/promis.ro\/ro\/wp-json\/wp\/v2\/product\/95961\/revisions\/112287"}],"wp:featuredmedia":[{"embeddable":true,"href":"https:\/\/promis.ro\/ro\/wp-json\/wp\/v2\/media\/139457"}],"wp:attachment":[{"href":"https:\/\/promis.ro\/ro\/wp-json\/wp\/v2\/media?parent=95961"}],"wp:term":[{"taxonomy":"product_brand","embeddable":true,"href":"https:\/\/promis.ro\/ro\/wp-json\/wp\/v2\/product_brand?post=95961"},{"taxonomy":"product_cat","embeddable":true,"href":"https:\/\/promis.ro\/ro\/wp-json\/wp\/v2\/product_cat?post=95961"},{"taxonomy":"product_tag","embeddable":true,"href":"https:\/\/promis.ro\/ro\/wp-json\/wp\/v2\/product_tag?post=95961"}],"curies":[{"name":"wp","href":"https:\/\/api.w.org\/{rel}","templated":true}]}}