{"id":95962,"date":"2025-11-04T23:29:02","date_gmt":"2025-11-04T23:29:02","guid":{"rendered":"https:\/\/promis.ro\/product\/pular\/"},"modified":"2025-11-11T17:37:08","modified_gmt":"2025-11-11T17:37:08","slug":"pular","status":"publish","type":"product","link":"https:\/\/promis.ro\/ro\/produs\/pular\/","title":{"rendered":"Pular"},"content":{"rendered":"<p>Rucsac fabricat din poliester RPET 600D durabil. Dispune de un compartiment principal care se \u00eenchide cu o cataram\u0103, cu un compartiment c\u0103ptu\u0219it pentru laptop de p\u00e2n\u0103 la 15 inci \u0219i un compartiment frontal suplimentar cu \u00eenchidere cu fermoar. Bretelele sunt c\u0103ptu\u0219ite \u0219i ajustabile. Logo-ul RPET este pe etichet\u0103, iar accesoriile sunt negre. Materialul RPET este fabricat din plastic reciclat pentru a promova reutilizarea de\u0219eurilor plastice \u0219i a ajuta la sustenabilitatea planetei.<\/p>","protected":false},"excerpt":{"rendered":"<p>Rucsac fabricat din poliester RPET 600D durabil. Dispune de un compartiment principal care se \u00eenchide cu o cataram\u0103, cu un<\/p>","protected":false},"featured_media":139460,"comment_status":"open","ping_status":"closed","template":"","meta":[],"product_brand":[],"product_cat":[169],"product_tag":[],"class_list":{"0":"post-95962","1":"product","2":"type-product","3":"status-publish","4":"has-post-thumbnail","6":"product_cat-ghiozdane","8":"first","9":"instock","10":"shipping-taxable","11":"purchasable","12":"product-type-variable"},"_links":{"self":[{"href":"https:\/\/promis.ro\/ro\/wp-json\/wp\/v2\/product\/95962","targetHints":{"allow":["GET"]}}],"collection":[{"href":"https:\/\/promis.ro\/ro\/wp-json\/wp\/v2\/product"}],"about":[{"href":"https:\/\/promis.ro\/ro\/wp-json\/wp\/v2\/types\/product"}],"replies":[{"embeddable":true,"href":"https:\/\/promis.ro\/ro\/wp-json\/wp\/v2\/comments?post=95962"}],"version-history":[{"count":1,"href":"https:\/\/promis.ro\/ro\/wp-json\/wp\/v2\/product\/95962\/revisions"}],"predecessor-version":[{"id":112290,"href":"https:\/\/promis.ro\/ro\/wp-json\/wp\/v2\/product\/95962\/revisions\/112290"}],"wp:featuredmedia":[{"embeddable":true,"href":"https:\/\/promis.ro\/ro\/wp-json\/wp\/v2\/media\/139460"}],"wp:attachment":[{"href":"https:\/\/promis.ro\/ro\/wp-json\/wp\/v2\/media?parent=95962"}],"wp:term":[{"taxonomy":"product_brand","embeddable":true,"href":"https:\/\/promis.ro\/ro\/wp-json\/wp\/v2\/product_brand?post=95962"},{"taxonomy":"product_cat","embeddable":true,"href":"https:\/\/promis.ro\/ro\/wp-json\/wp\/v2\/product_cat?post=95962"},{"taxonomy":"product_tag","embeddable":true,"href":"https:\/\/promis.ro\/ro\/wp-json\/wp\/v2\/product_tag?post=95962"}],"curies":[{"name":"wp","href":"https:\/\/api.w.org\/{rel}","templated":true}]}}