{"id":95963,"date":"2025-11-04T23:29:03","date_gmt":"2025-11-04T23:29:03","guid":{"rendered":"https:\/\/promis.ro\/product\/redrax\/"},"modified":"2025-11-11T17:37:08","modified_gmt":"2025-11-11T17:37:08","slug":"redrax","status":"publish","type":"product","link":"https:\/\/promis.ro\/ro\/produs\/redrax\/","title":{"rendered":"Redrax"},"content":{"rendered":"<p> Rucsac pliabil din RPET 210D. Cu \u00eenchidere cu fermoar, col\u021buri \u00eent\u0103rite, bretele ajustabile. Etichet\u0103 RPET pe eticheta exterioar\u0103. Materialul RPET este fabricat din plastic reciclat pentru a promova reutilizarea de\u0219eurilor din plastic \u0219i a ajuta la sustenabilitatea planetei. <\/p>","protected":false},"excerpt":{"rendered":"<p>Rucsac pliabil din RPET 210D. Cu \u00eenchidere cu fermoar, col\u021buri \u00eent\u0103rite, bretele ajustabile. Etichet\u0103 RPET pe eticheta exterioar\u0103. Materialul RPET<\/p>","protected":false},"featured_media":139464,"comment_status":"open","ping_status":"closed","template":"","meta":[],"product_brand":[],"product_cat":[169],"product_tag":[],"class_list":{"0":"post-95963","1":"product","2":"type-product","3":"status-publish","4":"has-post-thumbnail","6":"product_cat-ghiozdane","8":"first","9":"instock","10":"shipping-taxable","11":"purchasable","12":"product-type-variable"},"_links":{"self":[{"href":"https:\/\/promis.ro\/ro\/wp-json\/wp\/v2\/product\/95963","targetHints":{"allow":["GET"]}}],"collection":[{"href":"https:\/\/promis.ro\/ro\/wp-json\/wp\/v2\/product"}],"about":[{"href":"https:\/\/promis.ro\/ro\/wp-json\/wp\/v2\/types\/product"}],"replies":[{"embeddable":true,"href":"https:\/\/promis.ro\/ro\/wp-json\/wp\/v2\/comments?post=95963"}],"version-history":[{"count":2,"href":"https:\/\/promis.ro\/ro\/wp-json\/wp\/v2\/product\/95963\/revisions"}],"predecessor-version":[{"id":112283,"href":"https:\/\/promis.ro\/ro\/wp-json\/wp\/v2\/product\/95963\/revisions\/112283"}],"wp:featuredmedia":[{"embeddable":true,"href":"https:\/\/promis.ro\/ro\/wp-json\/wp\/v2\/media\/139464"}],"wp:attachment":[{"href":"https:\/\/promis.ro\/ro\/wp-json\/wp\/v2\/media?parent=95963"}],"wp:term":[{"taxonomy":"product_brand","embeddable":true,"href":"https:\/\/promis.ro\/ro\/wp-json\/wp\/v2\/product_brand?post=95963"},{"taxonomy":"product_cat","embeddable":true,"href":"https:\/\/promis.ro\/ro\/wp-json\/wp\/v2\/product_cat?post=95963"},{"taxonomy":"product_tag","embeddable":true,"href":"https:\/\/promis.ro\/ro\/wp-json\/wp\/v2\/product_tag?post=95963"}],"curies":[{"name":"wp","href":"https:\/\/api.w.org\/{rel}","templated":true}]}}