{"id":95964,"date":"2025-11-04T23:29:04","date_gmt":"2025-11-04T23:29:04","guid":{"rendered":"https:\/\/promis.ro\/product\/dykes-fairtrade\/"},"modified":"2025-11-11T17:37:02","modified_gmt":"2025-11-11T17:37:02","slug":"dykes-fairtrade","status":"publish","type":"product","link":"https:\/\/promis.ro\/ro\/produs\/dykes-fairtrade\/","title":{"rendered":"Dykes Fairtrade"},"content":{"rendered":"<p>Rucsac cu \u0219nur fabricat din bumbac de 140g\/m2. Cu certificare Fairtrade, un sistem de comer\u021b echitabil \u0219i alternativ care promoveaz\u0103 dezvoltarea popoarelor \u0219i lupta \u00eempotriva s\u0103r\u0103ciei. Finisaj cusut, \u0219nururi din bumbac \u0219i rezisten\u021b\u0103 la greutate de p\u00e2n\u0103 la 9 kg. Include eticheta Fairtrade \u0219i un tag distinctiv din carton reciclat.<\/p>","protected":false},"excerpt":{"rendered":"<p>Rucsac cu \u0219nur fabricat din bumbac de 140g\/m2. Cu certificare Fairtrade, un sistem de comer\u021b echitabil \u0219i alternativ care promoveaz\u0103<\/p>","protected":false},"featured_media":139469,"comment_status":"open","ping_status":"closed","template":"","meta":[],"product_brand":[],"product_cat":[169],"product_tag":[],"class_list":{"0":"post-95964","1":"product","2":"type-product","3":"status-publish","4":"has-post-thumbnail","6":"product_cat-ghiozdane","8":"first","9":"instock","10":"shipping-taxable","11":"purchasable","12":"product-type-variable"},"_links":{"self":[{"href":"https:\/\/promis.ro\/ro\/wp-json\/wp\/v2\/product\/95964","targetHints":{"allow":["GET"]}}],"collection":[{"href":"https:\/\/promis.ro\/ro\/wp-json\/wp\/v2\/product"}],"about":[{"href":"https:\/\/promis.ro\/ro\/wp-json\/wp\/v2\/types\/product"}],"replies":[{"embeddable":true,"href":"https:\/\/promis.ro\/ro\/wp-json\/wp\/v2\/comments?post=95964"}],"version-history":[{"count":1,"href":"https:\/\/promis.ro\/ro\/wp-json\/wp\/v2\/product\/95964\/revisions"}],"predecessor-version":[{"id":112284,"href":"https:\/\/promis.ro\/ro\/wp-json\/wp\/v2\/product\/95964\/revisions\/112284"}],"wp:featuredmedia":[{"embeddable":true,"href":"https:\/\/promis.ro\/ro\/wp-json\/wp\/v2\/media\/139469"}],"wp:attachment":[{"href":"https:\/\/promis.ro\/ro\/wp-json\/wp\/v2\/media?parent=95964"}],"wp:term":[{"taxonomy":"product_brand","embeddable":true,"href":"https:\/\/promis.ro\/ro\/wp-json\/wp\/v2\/product_brand?post=95964"},{"taxonomy":"product_cat","embeddable":true,"href":"https:\/\/promis.ro\/ro\/wp-json\/wp\/v2\/product_cat?post=95964"},{"taxonomy":"product_tag","embeddable":true,"href":"https:\/\/promis.ro\/ro\/wp-json\/wp\/v2\/product_tag?post=95964"}],"curies":[{"name":"wp","href":"https:\/\/api.w.org\/{rel}","templated":true}]}}