{"id":95965,"date":"2025-11-04T23:29:04","date_gmt":"2025-11-04T23:29:04","guid":{"rendered":"https:\/\/promis.ro\/product\/cladox\/"},"modified":"2025-11-11T17:31:07","modified_gmt":"2025-11-11T17:31:07","slug":"cladox","status":"publish","type":"product","link":"https:\/\/promis.ro\/ro\/produs\/cladox\/","title":{"rendered":"Cladox"},"content":{"rendered":"<p>Rucsac pliabil din RPET. Fabricat dintr-un material cu o reflectivitate ridicat\u0103, datorit\u0103 milioanelor de pigmen\u021bi reflectorizan\u021bi \u0219i bazat pe principiul retro-reflec\u021biei luminii, o proprietate de vizibilitate nocturn\u0103 const\u00e2nd \u00een refrac\u021bia luminii \u00eenapoi c\u0103tre sursa sa. Cu \u00eenchidere cu fermoar \u0219i buzunar frontal. Bretelele ajustabile sunt fabricate dintr-un material respirabil. Se pliaz\u0103 \u00eentr-o dimensiune mic\u0103, av\u00e2nd o curea de transport. Include denumirea RPET. Materialul RPET este fabricat din plastic reciclat, promov\u00e2nd astfel reutilizarea de\u0219eurilor din plastic \u0219i ajut\u00e2nd la sustenabilitatea planetei.<\/p>","protected":false},"excerpt":{"rendered":"<p>Rucsac pliabil din RPET. Fabricat dintr-un material cu o reflectivitate ridicat\u0103, datorit\u0103 milioanelor de pigmen\u021bi reflectorizan\u021bi \u0219i bazat pe principiul<\/p>","protected":false},"featured_media":139472,"comment_status":"open","ping_status":"closed","template":"","meta":[],"product_brand":[],"product_cat":[169],"product_tag":[],"class_list":{"0":"post-95965","1":"product","2":"type-product","3":"status-publish","4":"has-post-thumbnail","6":"product_cat-ghiozdane","8":"first","9":"instock","10":"shipping-taxable","11":"purchasable","12":"product-type-simple"},"_links":{"self":[{"href":"https:\/\/promis.ro\/ro\/wp-json\/wp\/v2\/product\/95965","targetHints":{"allow":["GET"]}}],"collection":[{"href":"https:\/\/promis.ro\/ro\/wp-json\/wp\/v2\/product"}],"about":[{"href":"https:\/\/promis.ro\/ro\/wp-json\/wp\/v2\/types\/product"}],"replies":[{"embeddable":true,"href":"https:\/\/promis.ro\/ro\/wp-json\/wp\/v2\/comments?post=95965"}],"version-history":[{"count":2,"href":"https:\/\/promis.ro\/ro\/wp-json\/wp\/v2\/product\/95965\/revisions"}],"predecessor-version":[{"id":112304,"href":"https:\/\/promis.ro\/ro\/wp-json\/wp\/v2\/product\/95965\/revisions\/112304"}],"wp:featuredmedia":[{"embeddable":true,"href":"https:\/\/promis.ro\/ro\/wp-json\/wp\/v2\/media\/139472"}],"wp:attachment":[{"href":"https:\/\/promis.ro\/ro\/wp-json\/wp\/v2\/media?parent=95965"}],"wp:term":[{"taxonomy":"product_brand","embeddable":true,"href":"https:\/\/promis.ro\/ro\/wp-json\/wp\/v2\/product_brand?post=95965"},{"taxonomy":"product_cat","embeddable":true,"href":"https:\/\/promis.ro\/ro\/wp-json\/wp\/v2\/product_cat?post=95965"},{"taxonomy":"product_tag","embeddable":true,"href":"https:\/\/promis.ro\/ro\/wp-json\/wp\/v2\/product_tag?post=95965"}],"curies":[{"name":"wp","href":"https:\/\/api.w.org\/{rel}","templated":true}]}}