{"id":95966,"date":"2025-11-04T23:29:04","date_gmt":"2025-11-04T23:29:04","guid":{"rendered":"https:\/\/promis.ro\/product\/magar\/"},"modified":"2025-11-11T17:31:14","modified_gmt":"2025-11-11T17:31:14","slug":"magar","status":"publish","type":"product","link":"https:\/\/promis.ro\/ro\/produs\/magar\/","title":{"rendered":"Magar"},"content":{"rendered":"<p>Rucsac din fetru RPET. Dispune de un compartiment principal cu \u00eenchidere prin cataram\u0103 \u0219i un compartiment frontal suplimentar cu \u00eenchidere prin fermoar. Echipat cu bretele de um\u0103r ajustabile \u0219i \u00eent\u0103rite \u0219i o m\u00e2nere superioar\u0103. Include eticheta RPET pe eticheta exterioar\u0103. Fetru RPET este rezultatul combin\u0103rii procesului de reciclare a materialelor plastice cu tehnica antic\u0103 de fabricare a fetelui, rezult\u00e2nd un material ecologic care, pe l\u00e2ng\u0103 faptul c\u0103 este reciclat, este \u0219i reciclabil.<\/p>","protected":false},"excerpt":{"rendered":"<p>Rucsac din fetru RPET. Dispune de un compartiment principal cu \u00eenchidere prin cataram\u0103 \u0219i un compartiment frontal suplimentar cu \u00eenchidere<\/p>","protected":false},"featured_media":139476,"comment_status":"open","ping_status":"closed","template":"","meta":[],"product_brand":[],"product_cat":[169],"product_tag":[],"class_list":{"0":"post-95966","1":"product","2":"type-product","3":"status-publish","4":"has-post-thumbnail","6":"product_cat-ghiozdane","8":"first","9":"instock","10":"shipping-taxable","11":"purchasable","12":"product-type-simple"},"_links":{"self":[{"href":"https:\/\/promis.ro\/ro\/wp-json\/wp\/v2\/product\/95966","targetHints":{"allow":["GET"]}}],"collection":[{"href":"https:\/\/promis.ro\/ro\/wp-json\/wp\/v2\/product"}],"about":[{"href":"https:\/\/promis.ro\/ro\/wp-json\/wp\/v2\/types\/product"}],"replies":[{"embeddable":true,"href":"https:\/\/promis.ro\/ro\/wp-json\/wp\/v2\/comments?post=95966"}],"version-history":[{"count":1,"href":"https:\/\/promis.ro\/ro\/wp-json\/wp\/v2\/product\/95966\/revisions"}],"predecessor-version":[{"id":112292,"href":"https:\/\/promis.ro\/ro\/wp-json\/wp\/v2\/product\/95966\/revisions\/112292"}],"wp:featuredmedia":[{"embeddable":true,"href":"https:\/\/promis.ro\/ro\/wp-json\/wp\/v2\/media\/139476"}],"wp:attachment":[{"href":"https:\/\/promis.ro\/ro\/wp-json\/wp\/v2\/media?parent=95966"}],"wp:term":[{"taxonomy":"product_brand","embeddable":true,"href":"https:\/\/promis.ro\/ro\/wp-json\/wp\/v2\/product_brand?post=95966"},{"taxonomy":"product_cat","embeddable":true,"href":"https:\/\/promis.ro\/ro\/wp-json\/wp\/v2\/product_cat?post=95966"},{"taxonomy":"product_tag","embeddable":true,"href":"https:\/\/promis.ro\/ro\/wp-json\/wp\/v2\/product_tag?post=95966"}],"curies":[{"name":"wp","href":"https:\/\/api.w.org\/{rel}","templated":true}]}}