{"id":95967,"date":"2025-11-04T23:29:05","date_gmt":"2025-11-04T23:29:05","guid":{"rendered":"https:\/\/promis.ro\/product\/yusof\/"},"modified":"2025-11-11T17:31:19","modified_gmt":"2025-11-11T17:31:19","slug":"yusof","status":"publish","type":"product","link":"https:\/\/promis.ro\/ro\/produs\/yusof\/","title":{"rendered":"Yusof"},"content":{"rendered":"<p>Geant\u0103 din fetru RPET. Cu un compartiment principal cu un \u00eenchiz\u0103tor cu fermoar asortat \u0219i o baz\u0103 neagr\u0103, \u0219i o buzunar exterior cu fermoar. Include m\u00e2nere late negre, o curea de um\u0103r ajustabil\u0103 asortat\u0103 \u0219i un eticheta RPET. Fetru RPET este rezultatul combin\u0103rii procesului de reciclare a materialelor plastice cu tehnica antic\u0103 de fabricare a fetelui, rezult\u00e2nd un material ecologic care, pe l\u00e2ng\u0103 faptul c\u0103 este reciclat, este \u0219i reciclabil.<\/p>","protected":false},"excerpt":{"rendered":"<p>Geant\u0103 din fetru RPET. Cu un compartiment principal cu un \u00eenchiz\u0103tor cu fermoar asortat \u0219i o baz\u0103 neagr\u0103, \u0219i o<\/p>","protected":false},"featured_media":139480,"comment_status":"open","ping_status":"closed","template":"","meta":[],"product_brand":[],"product_cat":[169],"product_tag":[],"class_list":{"0":"post-95967","1":"product","2":"type-product","3":"status-publish","4":"has-post-thumbnail","6":"product_cat-ghiozdane","8":"first","9":"instock","10":"shipping-taxable","11":"purchasable","12":"product-type-simple"},"_links":{"self":[{"href":"https:\/\/promis.ro\/ro\/wp-json\/wp\/v2\/product\/95967","targetHints":{"allow":["GET"]}}],"collection":[{"href":"https:\/\/promis.ro\/ro\/wp-json\/wp\/v2\/product"}],"about":[{"href":"https:\/\/promis.ro\/ro\/wp-json\/wp\/v2\/types\/product"}],"replies":[{"embeddable":true,"href":"https:\/\/promis.ro\/ro\/wp-json\/wp\/v2\/comments?post=95967"}],"version-history":[{"count":1,"href":"https:\/\/promis.ro\/ro\/wp-json\/wp\/v2\/product\/95967\/revisions"}],"predecessor-version":[{"id":112297,"href":"https:\/\/promis.ro\/ro\/wp-json\/wp\/v2\/product\/95967\/revisions\/112297"}],"wp:featuredmedia":[{"embeddable":true,"href":"https:\/\/promis.ro\/ro\/wp-json\/wp\/v2\/media\/139480"}],"wp:attachment":[{"href":"https:\/\/promis.ro\/ro\/wp-json\/wp\/v2\/media?parent=95967"}],"wp:term":[{"taxonomy":"product_brand","embeddable":true,"href":"https:\/\/promis.ro\/ro\/wp-json\/wp\/v2\/product_brand?post=95967"},{"taxonomy":"product_cat","embeddable":true,"href":"https:\/\/promis.ro\/ro\/wp-json\/wp\/v2\/product_cat?post=95967"},{"taxonomy":"product_tag","embeddable":true,"href":"https:\/\/promis.ro\/ro\/wp-json\/wp\/v2\/product_tag?post=95967"}],"curies":[{"name":"wp","href":"https:\/\/api.w.org\/{rel}","templated":true}]}}