{"id":95968,"date":"2025-11-04T23:29:05","date_gmt":"2025-11-04T23:29:05","guid":{"rendered":"https:\/\/promis.ro\/product\/pesk\/"},"modified":"2025-11-11T17:31:25","modified_gmt":"2025-11-11T17:31:25","slug":"pesk","status":"publish","type":"product","link":"https:\/\/promis.ro\/ro\/produs\/pesk\/","title":{"rendered":"Pesk"},"content":{"rendered":"<p>Geant\u0103 pliabil\u0103 fabricat\u0103 din 290T RPET. Cu \u00eenchidere cu fermoar \u0219i accesorii \u00een culorile gri \u0219i negru. Include un carabinier pentru transport u\u0219or. Include eticheta RPET. Materialul RPET este fabricat din plastic reciclat pentru a promova reutilizarea de\u0219eurilor plastice \u0219i a ajuta la sustenabilitatea planetei.<\/p>","protected":false},"excerpt":{"rendered":"<p>Geant\u0103 pliabil\u0103 fabricat\u0103 din 290T RPET. Cu \u00eenchidere cu fermoar \u0219i accesorii \u00een culorile gri \u0219i negru. Include un carabinier<\/p>","protected":false},"featured_media":139484,"comment_status":"open","ping_status":"closed","template":"","meta":[],"product_brand":[],"product_cat":[169],"product_tag":[],"class_list":{"0":"post-95968","1":"product","2":"type-product","3":"status-publish","4":"has-post-thumbnail","6":"product_cat-ghiozdane","8":"first","9":"instock","10":"shipping-taxable","11":"purchasable","12":"product-type-simple"},"_links":{"self":[{"href":"https:\/\/promis.ro\/ro\/wp-json\/wp\/v2\/product\/95968","targetHints":{"allow":["GET"]}}],"collection":[{"href":"https:\/\/promis.ro\/ro\/wp-json\/wp\/v2\/product"}],"about":[{"href":"https:\/\/promis.ro\/ro\/wp-json\/wp\/v2\/types\/product"}],"replies":[{"embeddable":true,"href":"https:\/\/promis.ro\/ro\/wp-json\/wp\/v2\/comments?post=95968"}],"version-history":[{"count":2,"href":"https:\/\/promis.ro\/ro\/wp-json\/wp\/v2\/product\/95968\/revisions"}],"predecessor-version":[{"id":112285,"href":"https:\/\/promis.ro\/ro\/wp-json\/wp\/v2\/product\/95968\/revisions\/112285"}],"wp:featuredmedia":[{"embeddable":true,"href":"https:\/\/promis.ro\/ro\/wp-json\/wp\/v2\/media\/139484"}],"wp:attachment":[{"href":"https:\/\/promis.ro\/ro\/wp-json\/wp\/v2\/media?parent=95968"}],"wp:term":[{"taxonomy":"product_brand","embeddable":true,"href":"https:\/\/promis.ro\/ro\/wp-json\/wp\/v2\/product_brand?post=95968"},{"taxonomy":"product_cat","embeddable":true,"href":"https:\/\/promis.ro\/ro\/wp-json\/wp\/v2\/product_cat?post=95968"},{"taxonomy":"product_tag","embeddable":true,"href":"https:\/\/promis.ro\/ro\/wp-json\/wp\/v2\/product_tag?post=95968"}],"curies":[{"name":"wp","href":"https:\/\/api.w.org\/{rel}","templated":true}]}}