{"id":95970,"date":"2025-11-04T23:29:06","date_gmt":"2025-11-04T23:29:06","guid":{"rendered":"https:\/\/promis.ro\/product\/galix\/"},"modified":"2025-11-11T17:36:55","modified_gmt":"2025-11-11T17:36:55","slug":"galix","status":"publish","type":"product","link":"https:\/\/promis.ro\/ro\/produs\/galix\/","title":{"rendered":"Galix"},"content":{"rendered":"<p>Rucsac fabricat din PU moale. Cu un compartiment principal cu fermoar cu dublu cursor. Compartiment interior pentru laptop de p\u00e2n\u0103 la 15 inci. Include un compartiment frontal cu \u00eenchidere cu fermoar invizibil. Spate \u0219i bretele c\u0103ptu\u0219ite, din material respirabil \u0219i ajustabile. Include o curea de m\u00e2n\u0103 c\u0103ptu\u0219it\u0103 \u0219i o curea de transport pentru ajustarea c\u0103ruciorului sau a valizei, ideal pentru c\u0103l\u0103torii.<\/p>","protected":false},"excerpt":{"rendered":"<p>Rucsac fabricat din PU moale. Cu un compartiment principal cu fermoar cu dublu cursor. Compartiment interior pentru laptop de p\u00e2n\u0103<\/p>","protected":false},"featured_media":139493,"comment_status":"open","ping_status":"closed","template":"","meta":[],"product_brand":[],"product_cat":[169],"product_tag":[],"class_list":{"0":"post-95970","1":"product","2":"type-product","3":"status-publish","4":"has-post-thumbnail","6":"product_cat-ghiozdane","8":"first","9":"instock","10":"shipping-taxable","11":"purchasable","12":"product-type-variable"},"_links":{"self":[{"href":"https:\/\/promis.ro\/ro\/wp-json\/wp\/v2\/product\/95970","targetHints":{"allow":["GET"]}}],"collection":[{"href":"https:\/\/promis.ro\/ro\/wp-json\/wp\/v2\/product"}],"about":[{"href":"https:\/\/promis.ro\/ro\/wp-json\/wp\/v2\/types\/product"}],"replies":[{"embeddable":true,"href":"https:\/\/promis.ro\/ro\/wp-json\/wp\/v2\/comments?post=95970"}],"version-history":[{"count":1,"href":"https:\/\/promis.ro\/ro\/wp-json\/wp\/v2\/product\/95970\/revisions"}],"predecessor-version":[{"id":112294,"href":"https:\/\/promis.ro\/ro\/wp-json\/wp\/v2\/product\/95970\/revisions\/112294"}],"wp:featuredmedia":[{"embeddable":true,"href":"https:\/\/promis.ro\/ro\/wp-json\/wp\/v2\/media\/139493"}],"wp:attachment":[{"href":"https:\/\/promis.ro\/ro\/wp-json\/wp\/v2\/media?parent=95970"}],"wp:term":[{"taxonomy":"product_brand","embeddable":true,"href":"https:\/\/promis.ro\/ro\/wp-json\/wp\/v2\/product_brand?post=95970"},{"taxonomy":"product_cat","embeddable":true,"href":"https:\/\/promis.ro\/ro\/wp-json\/wp\/v2\/product_cat?post=95970"},{"taxonomy":"product_tag","embeddable":true,"href":"https:\/\/promis.ro\/ro\/wp-json\/wp\/v2\/product_tag?post=95970"}],"curies":[{"name":"wp","href":"https:\/\/api.w.org\/{rel}","templated":true}]}}