{"id":95971,"date":"2025-11-04T23:29:07","date_gmt":"2025-11-04T23:29:07","guid":{"rendered":"https:\/\/promis.ro\/product\/palan\/"},"modified":"2025-11-11T17:36:55","modified_gmt":"2025-11-11T17:36:55","slug":"palan","status":"publish","type":"product","link":"https:\/\/promis.ro\/ro\/produs\/palan\/","title":{"rendered":"Palan"},"content":{"rendered":"<p>Geant\u0103 de um\u0103r fabricat\u0103 din poliester RPET 600D durabil. Cu sistem de \u00eenchidere cu fermoar cu dubl\u0103 tragere. Dispune de un compartiment principal spa\u021bios \u0219i o buzunar frontal practic cu fermoar. Include o curea de transport ajustabil\u0103, cu diferite op\u021biuni de utilizare, oferind versatilitate \u0219i confort \u00een orice ocazie. Materialul RPET este fabricat din plastic reciclat pentru a promova reutilizarea de\u0219eurilor plastice \u0219i a ajuta sustenabilitatea planetei.<\/p>","protected":false},"excerpt":{"rendered":"<p>Geant\u0103 de um\u0103r fabricat\u0103 din poliester RPET 600D durabil. Cu sistem de \u00eenchidere cu fermoar cu dubl\u0103 tragere. Dispune de<\/p>","protected":false},"featured_media":139496,"comment_status":"open","ping_status":"closed","template":"","meta":[],"product_brand":[],"product_cat":[169],"product_tag":[],"class_list":{"0":"post-95971","1":"product","2":"type-product","3":"status-publish","4":"has-post-thumbnail","6":"product_cat-ghiozdane","8":"first","9":"instock","10":"shipping-taxable","11":"purchasable","12":"product-type-variable"},"_links":{"self":[{"href":"https:\/\/promis.ro\/ro\/wp-json\/wp\/v2\/product\/95971","targetHints":{"allow":["GET"]}}],"collection":[{"href":"https:\/\/promis.ro\/ro\/wp-json\/wp\/v2\/product"}],"about":[{"href":"https:\/\/promis.ro\/ro\/wp-json\/wp\/v2\/types\/product"}],"replies":[{"embeddable":true,"href":"https:\/\/promis.ro\/ro\/wp-json\/wp\/v2\/comments?post=95971"}],"version-history":[{"count":1,"href":"https:\/\/promis.ro\/ro\/wp-json\/wp\/v2\/product\/95971\/revisions"}],"predecessor-version":[{"id":112298,"href":"https:\/\/promis.ro\/ro\/wp-json\/wp\/v2\/product\/95971\/revisions\/112298"}],"wp:featuredmedia":[{"embeddable":true,"href":"https:\/\/promis.ro\/ro\/wp-json\/wp\/v2\/media\/139496"}],"wp:attachment":[{"href":"https:\/\/promis.ro\/ro\/wp-json\/wp\/v2\/media?parent=95971"}],"wp:term":[{"taxonomy":"product_brand","embeddable":true,"href":"https:\/\/promis.ro\/ro\/wp-json\/wp\/v2\/product_brand?post=95971"},{"taxonomy":"product_cat","embeddable":true,"href":"https:\/\/promis.ro\/ro\/wp-json\/wp\/v2\/product_cat?post=95971"},{"taxonomy":"product_tag","embeddable":true,"href":"https:\/\/promis.ro\/ro\/wp-json\/wp\/v2\/product_tag?post=95971"}],"curies":[{"name":"wp","href":"https:\/\/api.w.org\/{rel}","templated":true}]}}