{"id":95972,"date":"2025-11-04T23:29:07","date_gmt":"2025-11-04T23:29:07","guid":{"rendered":"https:\/\/promis.ro\/product\/nelon\/"},"modified":"2025-11-11T17:31:48","modified_gmt":"2025-11-11T17:31:48","slug":"nelon","status":"publish","type":"product","link":"https:\/\/promis.ro\/ro\/produs\/nelon\/","title":{"rendered":"Nelon"},"content":{"rendered":"<p>Geant\u0103 cu \u0219nur din bumbac reciclat de 140g\/m2. Cu interior din aluminiu. Cu m\u00e2nere \u00eent\u0103rite asortate. Rezisten\u021b\u0103 maxim\u0103 de 9 kg. Include un eticheta din bumbac reciclat.<\/p>","protected":false},"excerpt":{"rendered":"<p>Geant\u0103 cu \u0219nur din bumbac reciclat de 140g\/m2. Cu interior din aluminiu. Cu m\u00e2nere \u00eent\u0103rite asortate. Rezisten\u021b\u0103 maxim\u0103 de 9<\/p>","protected":false},"featured_media":139500,"comment_status":"open","ping_status":"closed","template":"","meta":[],"product_brand":[],"product_cat":[174],"product_tag":[],"class_list":{"0":"post-95972","1":"product","2":"type-product","3":"status-publish","4":"has-post-thumbnail","6":"product_cat-pungi","8":"first","9":"instock","10":"shipping-taxable","11":"purchasable","12":"product-type-simple"},"_links":{"self":[{"href":"https:\/\/promis.ro\/ro\/wp-json\/wp\/v2\/product\/95972","targetHints":{"allow":["GET"]}}],"collection":[{"href":"https:\/\/promis.ro\/ro\/wp-json\/wp\/v2\/product"}],"about":[{"href":"https:\/\/promis.ro\/ro\/wp-json\/wp\/v2\/types\/product"}],"replies":[{"embeddable":true,"href":"https:\/\/promis.ro\/ro\/wp-json\/wp\/v2\/comments?post=95972"}],"version-history":[{"count":1,"href":"https:\/\/promis.ro\/ro\/wp-json\/wp\/v2\/product\/95972\/revisions"}],"predecessor-version":[{"id":112291,"href":"https:\/\/promis.ro\/ro\/wp-json\/wp\/v2\/product\/95972\/revisions\/112291"}],"wp:featuredmedia":[{"embeddable":true,"href":"https:\/\/promis.ro\/ro\/wp-json\/wp\/v2\/media\/139500"}],"wp:attachment":[{"href":"https:\/\/promis.ro\/ro\/wp-json\/wp\/v2\/media?parent=95972"}],"wp:term":[{"taxonomy":"product_brand","embeddable":true,"href":"https:\/\/promis.ro\/ro\/wp-json\/wp\/v2\/product_brand?post=95972"},{"taxonomy":"product_cat","embeddable":true,"href":"https:\/\/promis.ro\/ro\/wp-json\/wp\/v2\/product_cat?post=95972"},{"taxonomy":"product_tag","embeddable":true,"href":"https:\/\/promis.ro\/ro\/wp-json\/wp\/v2\/product_tag?post=95972"}],"curies":[{"name":"wp","href":"https:\/\/api.w.org\/{rel}","templated":true}]}}