{"id":95973,"date":"2025-11-04T23:29:07","date_gmt":"2025-11-04T23:29:07","guid":{"rendered":"https:\/\/promis.ro\/product\/arpel\/"},"modified":"2025-11-11T17:37:02","modified_gmt":"2025-11-11T17:37:02","slug":"arpel","status":"publish","type":"product","link":"https:\/\/promis.ro\/ro\/produs\/arpel\/","title":{"rendered":"Arpel"},"content":{"rendered":"<p>Geant\u0103 realizat\u0103 \u00een principal din bumbac reciclat 220 g\/m2 cu pliuri. M\u00e2nere lungi de 70 cm cu \u00eent\u0103rire, finisaj cusut. Logo pe eticheta lateral\u0103 \u0219i rezisten\u021b\u0103 de p\u00e2n\u0103 la 6 kg greutate.<\/p>","protected":false},"excerpt":{"rendered":"<p>Geant\u0103 realizat\u0103 \u00een principal din bumbac reciclat 220 g\/m2 cu pliuri. M\u00e2nere lungi de 70 cm cu \u00eent\u0103rire, finisaj cusut.<\/p>","protected":false},"featured_media":139504,"comment_status":"open","ping_status":"closed","template":"","meta":[],"product_brand":[],"product_cat":[174],"product_tag":[],"class_list":{"0":"post-95973","1":"product","2":"type-product","3":"status-publish","4":"has-post-thumbnail","6":"product_cat-pungi","8":"first","9":"instock","10":"shipping-taxable","11":"purchasable","12":"product-type-variable"},"_links":{"self":[{"href":"https:\/\/promis.ro\/ro\/wp-json\/wp\/v2\/product\/95973","targetHints":{"allow":["GET"]}}],"collection":[{"href":"https:\/\/promis.ro\/ro\/wp-json\/wp\/v2\/product"}],"about":[{"href":"https:\/\/promis.ro\/ro\/wp-json\/wp\/v2\/types\/product"}],"replies":[{"embeddable":true,"href":"https:\/\/promis.ro\/ro\/wp-json\/wp\/v2\/comments?post=95973"}],"version-history":[{"count":1,"href":"https:\/\/promis.ro\/ro\/wp-json\/wp\/v2\/product\/95973\/revisions"}],"predecessor-version":[{"id":112289,"href":"https:\/\/promis.ro\/ro\/wp-json\/wp\/v2\/product\/95973\/revisions\/112289"}],"wp:featuredmedia":[{"embeddable":true,"href":"https:\/\/promis.ro\/ro\/wp-json\/wp\/v2\/media\/139504"}],"wp:attachment":[{"href":"https:\/\/promis.ro\/ro\/wp-json\/wp\/v2\/media?parent=95973"}],"wp:term":[{"taxonomy":"product_brand","embeddable":true,"href":"https:\/\/promis.ro\/ro\/wp-json\/wp\/v2\/product_brand?post=95973"},{"taxonomy":"product_cat","embeddable":true,"href":"https:\/\/promis.ro\/ro\/wp-json\/wp\/v2\/product_cat?post=95973"},{"taxonomy":"product_tag","embeddable":true,"href":"https:\/\/promis.ro\/ro\/wp-json\/wp\/v2\/product_tag?post=95973"}],"curies":[{"name":"wp","href":"https:\/\/api.w.org\/{rel}","templated":true}]}}