{"id":95975,"date":"2025-11-04T23:29:08","date_gmt":"2025-11-04T23:29:08","guid":{"rendered":"https:\/\/promis.ro\/product\/mulon\/"},"modified":"2025-11-11T17:32:06","modified_gmt":"2025-11-11T17:32:06","slug":"mulon","status":"publish","type":"product","link":"https:\/\/promis.ro\/ro\/produs\/mulon\/","title":{"rendered":"Mulon"},"content":{"rendered":"<p>Geant\u0103 realizat\u0103 \u00een principal din bumbac reciclat durabil de 300 g\/m2. Finisaj cusut cu pliuri \u0219i m\u00e2nere lungi \u00eent\u0103rite de 70 cm. Include un buzunar extern cu acces u\u0219or. Logo pe eticheta lateral\u0103 \u0219i rezisten\u021b\u0103 de p\u00e2n\u0103 la 10 kg greutate.<\/p>","protected":false},"excerpt":{"rendered":"<p>Geant\u0103 realizat\u0103 \u00een principal din bumbac reciclat durabil de 300 g\/m2. Finisaj cusut cu pliuri \u0219i m\u00e2nere lungi \u00eent\u0103rite de<\/p>","protected":false},"featured_media":139514,"comment_status":"open","ping_status":"closed","template":"","meta":[],"product_brand":[],"product_cat":[174],"product_tag":[],"class_list":{"0":"post-95975","1":"product","2":"type-product","3":"status-publish","4":"has-post-thumbnail","6":"product_cat-pungi","8":"first","9":"instock","10":"shipping-taxable","11":"purchasable","12":"product-type-simple"},"_links":{"self":[{"href":"https:\/\/promis.ro\/ro\/wp-json\/wp\/v2\/product\/95975","targetHints":{"allow":["GET"]}}],"collection":[{"href":"https:\/\/promis.ro\/ro\/wp-json\/wp\/v2\/product"}],"about":[{"href":"https:\/\/promis.ro\/ro\/wp-json\/wp\/v2\/types\/product"}],"replies":[{"embeddable":true,"href":"https:\/\/promis.ro\/ro\/wp-json\/wp\/v2\/comments?post=95975"}],"version-history":[{"count":1,"href":"https:\/\/promis.ro\/ro\/wp-json\/wp\/v2\/product\/95975\/revisions"}],"predecessor-version":[{"id":112300,"href":"https:\/\/promis.ro\/ro\/wp-json\/wp\/v2\/product\/95975\/revisions\/112300"}],"wp:featuredmedia":[{"embeddable":true,"href":"https:\/\/promis.ro\/ro\/wp-json\/wp\/v2\/media\/139514"}],"wp:attachment":[{"href":"https:\/\/promis.ro\/ro\/wp-json\/wp\/v2\/media?parent=95975"}],"wp:term":[{"taxonomy":"product_brand","embeddable":true,"href":"https:\/\/promis.ro\/ro\/wp-json\/wp\/v2\/product_brand?post=95975"},{"taxonomy":"product_cat","embeddable":true,"href":"https:\/\/promis.ro\/ro\/wp-json\/wp\/v2\/product_cat?post=95975"},{"taxonomy":"product_tag","embeddable":true,"href":"https:\/\/promis.ro\/ro\/wp-json\/wp\/v2\/product_tag?post=95975"}],"curies":[{"name":"wp","href":"https:\/\/api.w.org\/{rel}","templated":true}]}}