{"id":95977,"date":"2025-11-04T23:29:09","date_gmt":"2025-11-04T23:29:09","guid":{"rendered":"https:\/\/promis.ro\/product\/koban\/"},"modified":"2025-11-11T17:32:17","modified_gmt":"2025-11-11T17:32:17","slug":"koban","status":"publish","type":"product","link":"https:\/\/promis.ro\/ro\/produs\/koban\/","title":{"rendered":"Koban"},"content":{"rendered":"<p>Geant\u0103 de talie rectangular\u0103 din bumbac reciclat. Cu un compartiment central cu \u00eenchidere cu fermoar, cu dou\u0103 m\u00e2nere \u0219i curea ajustabil\u0103 cu \u00eenchidere cu cataram\u0103 asortat\u0103. Include, de asemenea, un buzunar pe spate. Cu insign\u0103 din bumbac reciclat.<\/p>","protected":false},"excerpt":{"rendered":"<p>Geant\u0103 de talie rectangular\u0103 din bumbac reciclat. Cu un compartiment central cu \u00eenchidere cu fermoar, cu dou\u0103 m\u00e2nere \u0219i curea<\/p>","protected":false},"featured_media":139523,"comment_status":"open","ping_status":"closed","template":"","meta":[],"product_brand":[],"product_cat":[169],"product_tag":[],"class_list":{"0":"post-95977","1":"product","2":"type-product","3":"status-publish","4":"has-post-thumbnail","6":"product_cat-ghiozdane","8":"first","9":"instock","10":"shipping-taxable","11":"purchasable","12":"product-type-simple"},"_links":{"self":[{"href":"https:\/\/promis.ro\/ro\/wp-json\/wp\/v2\/product\/95977","targetHints":{"allow":["GET"]}}],"collection":[{"href":"https:\/\/promis.ro\/ro\/wp-json\/wp\/v2\/product"}],"about":[{"href":"https:\/\/promis.ro\/ro\/wp-json\/wp\/v2\/types\/product"}],"replies":[{"embeddable":true,"href":"https:\/\/promis.ro\/ro\/wp-json\/wp\/v2\/comments?post=95977"}],"version-history":[{"count":1,"href":"https:\/\/promis.ro\/ro\/wp-json\/wp\/v2\/product\/95977\/revisions"}],"predecessor-version":[{"id":112299,"href":"https:\/\/promis.ro\/ro\/wp-json\/wp\/v2\/product\/95977\/revisions\/112299"}],"wp:featuredmedia":[{"embeddable":true,"href":"https:\/\/promis.ro\/ro\/wp-json\/wp\/v2\/media\/139523"}],"wp:attachment":[{"href":"https:\/\/promis.ro\/ro\/wp-json\/wp\/v2\/media?parent=95977"}],"wp:term":[{"taxonomy":"product_brand","embeddable":true,"href":"https:\/\/promis.ro\/ro\/wp-json\/wp\/v2\/product_brand?post=95977"},{"taxonomy":"product_cat","embeddable":true,"href":"https:\/\/promis.ro\/ro\/wp-json\/wp\/v2\/product_cat?post=95977"},{"taxonomy":"product_tag","embeddable":true,"href":"https:\/\/promis.ro\/ro\/wp-json\/wp\/v2\/product_tag?post=95977"}],"curies":[{"name":"wp","href":"https:\/\/api.w.org\/{rel}","templated":true}]}}