{"id":96224,"date":"2025-11-04T23:31:22","date_gmt":"2025-11-04T23:31:22","guid":{"rendered":"https:\/\/promis.ro\/product\/tesher\/"},"modified":"2025-11-11T17:42:16","modified_gmt":"2025-11-11T17:42:16","slug":"tesher","status":"publish","type":"product","link":"https:\/\/promis.ro\/ro\/produs\/tesher\/","title":{"rendered":"Tesher"},"content":{"rendered":"<p>Notepad cu copert\u0103 din cutii de lapte reciclate. Cu copert\u0103 moale \u0219i 50 de note autoadezive p\u0103trate \u0219i 125 de note autoadezive mini \u00een diverse culori. Include un eticheta Recycled Milk Carton. Cutii de lapte sunt compuse \u00een principal din carton \u0219i aluminiu. \u00cen timpul procesului lor de reciclare, materialele diferite ale recipientului sunt separate pentru reutilizare \u0219i utilizare nou\u0103, contribuind astfel la c\u0103l\u0103toria infinit\u0103 a economiei circulare. Acest material se caracterizeaz\u0103 prin reciclabilitatea sa ridicat\u0103, precum \u0219i prin u\u0219urin\u021ba \u0219i rezisten\u021ba sa. 50 de Sticky Notes 7.5 x 7.5 cm. 125 de note autoadezive mini 1.5 x 5 cm.<\/p>","protected":false},"excerpt":{"rendered":"<p>Notepad cu copert\u0103 din cutii de lapte reciclate. Cu copert\u0103 moale \u0219i 50 de note autoadezive p\u0103trate \u0219i 125 de<\/p>","protected":false},"featured_media":140192,"comment_status":"open","ping_status":"closed","template":"","meta":[],"product_brand":[],"product_cat":[171],"product_tag":[],"class_list":{"0":"post-96224","1":"product","2":"type-product","3":"status-publish","4":"has-post-thumbnail","6":"product_cat-birou-si-business","8":"first","9":"instock","10":"shipping-taxable","11":"purchasable","12":"product-type-simple"},"yoast_head":"<!-- This site is optimized with the Yoast SEO plugin v27.4 - https:\/\/yoast.com\/product\/yoast-seo-wordpress\/ -->\n<title>Tesher - Promis.ro<\/title>\n<meta name=\"description\" content=\"Notepad cu copert\u0103 din cutii de lapte reciclate. Cu copert\u0103 moale \u0219i 50 de note autoadezive p\u0103trate \u0219i 125 de note autoadezive mini \u00een diverse culori.\" \/>\n<meta name=\"robots\" content=\"index, follow, max-snippet:-1, max-image-preview:large, max-video-preview:-1\" \/>\n<link rel=\"canonical\" href=\"https:\/\/promis.ro\/ro\/produs\/tesher\/\" \/>\n<meta property=\"og:locale\" content=\"ro_RO\" \/>\n<meta property=\"og:type\" content=\"article\" \/>\n<meta property=\"og:title\" content=\"Tesher - Promis.ro\" \/>\n<meta property=\"og:description\" content=\"Notepad cu copert\u0103 din cutii de lapte reciclate. Cu copert\u0103 moale \u0219i 50 de note autoadezive p\u0103trate \u0219i 125 de note autoadezive mini \u00een diverse culori.\" \/>\n<meta property=\"og:url\" content=\"https:\/\/promis.ro\/ro\/produs\/tesher\/\" \/>\n<meta property=\"og:site_name\" content=\"Promis.ro\" \/>\n<meta property=\"article:modified_time\" content=\"2025-11-11T17:42:16+00:00\" \/>\n<meta property=\"og:image\" content=\"https:\/\/promis.ro\/wp-content\/uploads\/2025\/11\/21789-W-1.jpg\" \/>\n\t<meta property=\"og:image:width\" content=\"1080\" \/>\n\t<meta property=\"og:image:height\" content=\"1080\" \/>\n\t<meta property=\"og:image:type\" content=\"image\/jpeg\" \/>\n<meta name=\"twitter:card\" content=\"summary_large_image\" \/>\n<script type=\"application\/ld+json\" class=\"yoast-schema-graph\">{\"@context\":\"https:\\\/\\\/schema.org\",\"@graph\":[{\"@type\":\"WebPage\",\"@id\":\"https:\\\/\\\/promis.ro\\\/product\\\/tesher\\\/\",\"url\":\"https:\\\/\\\/promis.ro\\\/product\\\/tesher\\\/\",\"name\":\"Tesher - Promis.ro\",\"isPartOf\":{\"@id\":\"https:\\\/\\\/promis.ro\\\/#website\"},\"primaryImageOfPage\":{\"@id\":\"https:\\\/\\\/promis.ro\\\/product\\\/tesher\\\/#primaryimage\"},\"image\":{\"@id\":\"https:\\\/\\\/promis.ro\\\/product\\\/tesher\\\/#primaryimage\"},\"thumbnailUrl\":\"https:\\\/\\\/promis.ro\\\/wp-content\\\/uploads\\\/2025\\\/11\\\/21789-W-1.jpg\",\"datePublished\":\"2025-11-04T23:31:22+00:00\",\"dateModified\":\"2025-11-11T17:42:16+00:00\",\"description\":\"Notepad cu copert\u0103 din cutii de lapte reciclate. Cu copert\u0103 moale \u0219i 50 de note autoadezive p\u0103trate \u0219i 125 de note autoadezive mini \u00een diverse culori.\",\"breadcrumb\":{\"@id\":\"https:\\\/\\\/promis.ro\\\/product\\\/tesher\\\/#breadcrumb\"},\"inLanguage\":\"ro-RO\",\"potentialAction\":[{\"@type\":\"ReadAction\",\"target\":[\"https:\\\/\\\/promis.ro\\\/product\\\/tesher\\\/\"]}]},{\"@type\":\"ImageObject\",\"inLanguage\":\"ro-RO\",\"@id\":\"https:\\\/\\\/promis.ro\\\/product\\\/tesher\\\/#primaryimage\",\"url\":\"https:\\\/\\\/promis.ro\\\/wp-content\\\/uploads\\\/2025\\\/11\\\/21789-W-1.jpg\",\"contentUrl\":\"https:\\\/\\\/promis.ro\\\/wp-content\\\/uploads\\\/2025\\\/11\\\/21789-W-1.jpg\",\"width\":1080,\"height\":1080},{\"@type\":\"BreadcrumbList\",\"@id\":\"https:\\\/\\\/promis.ro\\\/product\\\/tesher\\\/#breadcrumb\",\"itemListElement\":[{\"@type\":\"ListItem\",\"position\":1,\"name\":\"Home\",\"item\":\"https:\\\/\\\/promis.ro\\\/\"},{\"@type\":\"ListItem\",\"position\":2,\"name\":\"Magazin\",\"item\":\"https:\\\/\\\/promis.ro\\\/magazin\\\/\"},{\"@type\":\"ListItem\",\"position\":3,\"name\":\"Tesher\"}]},{\"@type\":\"WebSite\",\"@id\":\"https:\\\/\\\/promis.ro\\\/#website\",\"url\":\"https:\\\/\\\/promis.ro\\\/\",\"name\":\"Promis.ro\",\"description\":\"\",\"potentialAction\":[{\"@type\":\"SearchAction\",\"target\":{\"@type\":\"EntryPoint\",\"urlTemplate\":\"https:\\\/\\\/promis.ro\\\/?s={search_term_string}\"},\"query-input\":{\"@type\":\"PropertyValueSpecification\",\"valueRequired\":true,\"valueName\":\"search_term_string\"}}],\"inLanguage\":\"ro-RO\"}]}<\/script>\n<!-- \/ Yoast SEO plugin. -->","yoast_head_json":{"title":"Tesher - Promis.ro","description":"Notepad cu copert\u0103 din cutii de lapte reciclate. Cu copert\u0103 moale \u0219i 50 de note autoadezive p\u0103trate \u0219i 125 de note autoadezive mini \u00een diverse culori.","robots":{"index":"index","follow":"follow","max-snippet":"max-snippet:-1","max-image-preview":"max-image-preview:large","max-video-preview":"max-video-preview:-1"},"canonical":"https:\/\/promis.ro\/ro\/produs\/tesher\/","og_locale":"ro_RO","og_type":"article","og_title":"Tesher - Promis.ro","og_description":"Notepad cu copert\u0103 din cutii de lapte reciclate. Cu copert\u0103 moale \u0219i 50 de note autoadezive p\u0103trate \u0219i 125 de note autoadezive mini \u00een diverse culori.","og_url":"https:\/\/promis.ro\/ro\/produs\/tesher\/","og_site_name":"Promis.ro","article_modified_time":"2025-11-11T17:42:16+00:00","og_image":[{"width":1080,"height":1080,"url":"https:\/\/promis.ro\/wp-content\/uploads\/2025\/11\/21789-W-1.jpg","type":"image\/jpeg"}],"twitter_card":"summary_large_image","schema":{"@context":"https:\/\/schema.org","@graph":[{"@type":"WebPage","@id":"https:\/\/promis.ro\/product\/tesher\/","url":"https:\/\/promis.ro\/product\/tesher\/","name":"Tesher - Promis.ro","isPartOf":{"@id":"https:\/\/promis.ro\/#website"},"primaryImageOfPage":{"@id":"https:\/\/promis.ro\/product\/tesher\/#primaryimage"},"image":{"@id":"https:\/\/promis.ro\/product\/tesher\/#primaryimage"},"thumbnailUrl":"https:\/\/promis.ro\/wp-content\/uploads\/2025\/11\/21789-W-1.jpg","datePublished":"2025-11-04T23:31:22+00:00","dateModified":"2025-11-11T17:42:16+00:00","description":"Notepad cu copert\u0103 din cutii de lapte reciclate. Cu copert\u0103 moale \u0219i 50 de note autoadezive p\u0103trate \u0219i 125 de note autoadezive mini \u00een diverse culori.","breadcrumb":{"@id":"https:\/\/promis.ro\/product\/tesher\/#breadcrumb"},"inLanguage":"ro-RO","potentialAction":[{"@type":"ReadAction","target":["https:\/\/promis.ro\/product\/tesher\/"]}]},{"@type":"ImageObject","inLanguage":"ro-RO","@id":"https:\/\/promis.ro\/product\/tesher\/#primaryimage","url":"https:\/\/promis.ro\/wp-content\/uploads\/2025\/11\/21789-W-1.jpg","contentUrl":"https:\/\/promis.ro\/wp-content\/uploads\/2025\/11\/21789-W-1.jpg","width":1080,"height":1080},{"@type":"BreadcrumbList","@id":"https:\/\/promis.ro\/product\/tesher\/#breadcrumb","itemListElement":[{"@type":"ListItem","position":1,"name":"Home","item":"https:\/\/promis.ro\/"},{"@type":"ListItem","position":2,"name":"Magazin","item":"https:\/\/promis.ro\/magazin\/"},{"@type":"ListItem","position":3,"name":"Tesher"}]},{"@type":"WebSite","@id":"https:\/\/promis.ro\/#website","url":"https:\/\/promis.ro\/","name":"Promis.ro","description":"","potentialAction":[{"@type":"SearchAction","target":{"@type":"EntryPoint","urlTemplate":"https:\/\/promis.ro\/?s={search_term_string}"},"query-input":{"@type":"PropertyValueSpecification","valueRequired":true,"valueName":"search_term_string"}}],"inLanguage":"ro-RO"}]}},"_links":{"self":[{"href":"https:\/\/promis.ro\/ro\/wp-json\/wp\/v2\/product\/96224","targetHints":{"allow":["GET"]}}],"collection":[{"href":"https:\/\/promis.ro\/ro\/wp-json\/wp\/v2\/product"}],"about":[{"href":"https:\/\/promis.ro\/ro\/wp-json\/wp\/v2\/types\/product"}],"replies":[{"embeddable":true,"href":"https:\/\/promis.ro\/ro\/wp-json\/wp\/v2\/comments?post=96224"}],"version-history":[{"count":1,"href":"https:\/\/promis.ro\/ro\/wp-json\/wp\/v2\/product\/96224\/revisions"}],"predecessor-version":[{"id":112445,"href":"https:\/\/promis.ro\/ro\/wp-json\/wp\/v2\/product\/96224\/revisions\/112445"}],"wp:featuredmedia":[{"embeddable":true,"href":"https:\/\/promis.ro\/ro\/wp-json\/wp\/v2\/media\/140192"}],"wp:attachment":[{"href":"https:\/\/promis.ro\/ro\/wp-json\/wp\/v2\/media?parent=96224"}],"wp:term":[{"taxonomy":"product_brand","embeddable":true,"href":"https:\/\/promis.ro\/ro\/wp-json\/wp\/v2\/product_brand?post=96224"},{"taxonomy":"product_cat","embeddable":true,"href":"https:\/\/promis.ro\/ro\/wp-json\/wp\/v2\/product_cat?post=96224"},{"taxonomy":"product_tag","embeddable":true,"href":"https:\/\/promis.ro\/ro\/wp-json\/wp\/v2\/product_tag?post=96224"}],"curies":[{"name":"wp","href":"https:\/\/api.w.org\/{rel}","templated":true}]}}