{"id":96226,"date":"2025-11-04T23:31:22","date_gmt":"2025-11-04T23:31:22","guid":{"rendered":"https:\/\/promis.ro\/product\/renak\/"},"modified":"2025-11-11T17:45:07","modified_gmt":"2025-11-11T17:45:07","slug":"renak","status":"publish","type":"product","link":"https:\/\/promis.ro\/ro\/produs\/renak\/","title":{"rendered":"Renak"},"content":{"rendered":"<p>Caiet A5 realizat dintr-o combina\u021bie de Canvas reciclat \u0219i PU reciclat. Design elegant cu clapet\u0103 maro dotat\u0103 cu \u00eenchidere magnetic\u0103, cu un suport practic pentru carduri \u00een interior. Interiorul con\u021bine 80 de pagini crem cu linii \u0219i un semn de carte din material textil asortat cu clapeta. Dotat cu un emblema din PU reciclat. PU reciclat se remarc\u0103 prin rezisten\u021ba \u0219i elasticitatea sa. Acest material reciclat \u0219i reciclabil este o op\u021biune sustenabil\u0103 care recupereaz\u0103 fibrele abandonate \u00een timpul proceselor de fabrica\u021bie, minimiz\u00e2nd astfel de\u0219eurile de material \u0219i contribuind la reducerea impactului asupra mediului, men\u021bin\u00e2nd \u00een acela\u0219i timp propriet\u0103\u021bile sale originale.<\/p>","protected":false},"excerpt":{"rendered":"<p>Caiet A5 realizat dintr-o combina\u021bie de Canvas reciclat \u0219i PU reciclat. Design elegant cu clapet\u0103 maro dotat\u0103 cu \u00eenchidere magnetic\u0103,<\/p>","protected":false},"featured_media":140199,"comment_status":"open","ping_status":"closed","template":"","meta":[],"product_brand":[],"product_cat":[171],"product_tag":[],"class_list":{"0":"post-96226","1":"product","2":"type-product","3":"status-publish","4":"has-post-thumbnail","6":"product_cat-birou-si-business","8":"first","9":"instock","10":"shipping-taxable","11":"purchasable","12":"product-type-variable"},"yoast_head":"<!-- This site is optimized with the Yoast SEO plugin v27.4 - https:\/\/yoast.com\/product\/yoast-seo-wordpress\/ -->\n<title>Renak - Promis.ro<\/title>\n<meta name=\"description\" content=\"Caiet A5 realizat dintr-o combina\u021bie de Canvas reciclat \u0219i PU reciclat. Design elegant cu clapet\u0103 maro dotat\u0103 cu \u00eenchidere magnetic\u0103, cu un suport practic\" \/>\n<meta name=\"robots\" content=\"index, follow, max-snippet:-1, max-image-preview:large, max-video-preview:-1\" \/>\n<link rel=\"canonical\" href=\"https:\/\/promis.ro\/ro\/produs\/renak\/\" \/>\n<meta property=\"og:locale\" content=\"ro_RO\" \/>\n<meta property=\"og:type\" content=\"article\" \/>\n<meta property=\"og:title\" content=\"Renak - Promis.ro\" \/>\n<meta property=\"og:description\" content=\"Caiet A5 realizat dintr-o combina\u021bie de Canvas reciclat \u0219i PU reciclat. Design elegant cu clapet\u0103 maro dotat\u0103 cu \u00eenchidere magnetic\u0103, cu un suport practic\" \/>\n<meta property=\"og:url\" content=\"https:\/\/promis.ro\/ro\/produs\/renak\/\" \/>\n<meta property=\"og:site_name\" content=\"Promis.ro\" \/>\n<meta property=\"article:modified_time\" content=\"2025-11-11T17:45:07+00:00\" \/>\n<meta property=\"og:image\" content=\"https:\/\/promis.ro\/wp-content\/uploads\/2025\/11\/21791-W-1.jpg\" \/>\n\t<meta property=\"og:image:width\" content=\"1080\" \/>\n\t<meta property=\"og:image:height\" content=\"1080\" \/>\n\t<meta property=\"og:image:type\" content=\"image\/jpeg\" \/>\n<meta name=\"twitter:card\" content=\"summary_large_image\" \/>\n<meta name=\"twitter:label1\" content=\"Timp estimat pentru citire\" \/>\n\t<meta name=\"twitter:data1\" content=\"1 minut\" \/>\n<script type=\"application\/ld+json\" class=\"yoast-schema-graph\">{\"@context\":\"https:\\\/\\\/schema.org\",\"@graph\":[{\"@type\":\"WebPage\",\"@id\":\"https:\\\/\\\/promis.ro\\\/product\\\/renak\\\/\",\"url\":\"https:\\\/\\\/promis.ro\\\/product\\\/renak\\\/\",\"name\":\"Renak - Promis.ro\",\"isPartOf\":{\"@id\":\"https:\\\/\\\/promis.ro\\\/#website\"},\"primaryImageOfPage\":{\"@id\":\"https:\\\/\\\/promis.ro\\\/product\\\/renak\\\/#primaryimage\"},\"image\":{\"@id\":\"https:\\\/\\\/promis.ro\\\/product\\\/renak\\\/#primaryimage\"},\"thumbnailUrl\":\"https:\\\/\\\/promis.ro\\\/wp-content\\\/uploads\\\/2025\\\/11\\\/21791-W-1.jpg\",\"datePublished\":\"2025-11-04T23:31:22+00:00\",\"dateModified\":\"2025-11-11T17:45:07+00:00\",\"description\":\"Caiet A5 realizat dintr-o combina\u021bie de Canvas reciclat \u0219i PU reciclat. Design elegant cu clapet\u0103 maro dotat\u0103 cu \u00eenchidere magnetic\u0103, cu un suport practic\",\"breadcrumb\":{\"@id\":\"https:\\\/\\\/promis.ro\\\/product\\\/renak\\\/#breadcrumb\"},\"inLanguage\":\"ro-RO\",\"potentialAction\":[{\"@type\":\"ReadAction\",\"target\":[\"https:\\\/\\\/promis.ro\\\/product\\\/renak\\\/\"]}]},{\"@type\":\"ImageObject\",\"inLanguage\":\"ro-RO\",\"@id\":\"https:\\\/\\\/promis.ro\\\/product\\\/renak\\\/#primaryimage\",\"url\":\"https:\\\/\\\/promis.ro\\\/wp-content\\\/uploads\\\/2025\\\/11\\\/21791-W-1.jpg\",\"contentUrl\":\"https:\\\/\\\/promis.ro\\\/wp-content\\\/uploads\\\/2025\\\/11\\\/21791-W-1.jpg\",\"width\":1080,\"height\":1080},{\"@type\":\"BreadcrumbList\",\"@id\":\"https:\\\/\\\/promis.ro\\\/product\\\/renak\\\/#breadcrumb\",\"itemListElement\":[{\"@type\":\"ListItem\",\"position\":1,\"name\":\"Home\",\"item\":\"https:\\\/\\\/promis.ro\\\/\"},{\"@type\":\"ListItem\",\"position\":2,\"name\":\"Magazin\",\"item\":\"https:\\\/\\\/promis.ro\\\/magazin\\\/\"},{\"@type\":\"ListItem\",\"position\":3,\"name\":\"Renak\"}]},{\"@type\":\"WebSite\",\"@id\":\"https:\\\/\\\/promis.ro\\\/#website\",\"url\":\"https:\\\/\\\/promis.ro\\\/\",\"name\":\"Promis.ro\",\"description\":\"\",\"potentialAction\":[{\"@type\":\"SearchAction\",\"target\":{\"@type\":\"EntryPoint\",\"urlTemplate\":\"https:\\\/\\\/promis.ro\\\/?s={search_term_string}\"},\"query-input\":{\"@type\":\"PropertyValueSpecification\",\"valueRequired\":true,\"valueName\":\"search_term_string\"}}],\"inLanguage\":\"ro-RO\"}]}<\/script>\n<!-- \/ Yoast SEO plugin. -->","yoast_head_json":{"title":"Renak - Promis.ro","description":"Caiet A5 realizat dintr-o combina\u021bie de Canvas reciclat \u0219i PU reciclat. Design elegant cu clapet\u0103 maro dotat\u0103 cu \u00eenchidere magnetic\u0103, cu un suport practic","robots":{"index":"index","follow":"follow","max-snippet":"max-snippet:-1","max-image-preview":"max-image-preview:large","max-video-preview":"max-video-preview:-1"},"canonical":"https:\/\/promis.ro\/ro\/produs\/renak\/","og_locale":"ro_RO","og_type":"article","og_title":"Renak - Promis.ro","og_description":"Caiet A5 realizat dintr-o combina\u021bie de Canvas reciclat \u0219i PU reciclat. Design elegant cu clapet\u0103 maro dotat\u0103 cu \u00eenchidere magnetic\u0103, cu un suport practic","og_url":"https:\/\/promis.ro\/ro\/produs\/renak\/","og_site_name":"Promis.ro","article_modified_time":"2025-11-11T17:45:07+00:00","og_image":[{"width":1080,"height":1080,"url":"https:\/\/promis.ro\/wp-content\/uploads\/2025\/11\/21791-W-1.jpg","type":"image\/jpeg"}],"twitter_card":"summary_large_image","twitter_misc":{"Timp estimat pentru citire":"1 minut"},"schema":{"@context":"https:\/\/schema.org","@graph":[{"@type":"WebPage","@id":"https:\/\/promis.ro\/product\/renak\/","url":"https:\/\/promis.ro\/product\/renak\/","name":"Renak - Promis.ro","isPartOf":{"@id":"https:\/\/promis.ro\/#website"},"primaryImageOfPage":{"@id":"https:\/\/promis.ro\/product\/renak\/#primaryimage"},"image":{"@id":"https:\/\/promis.ro\/product\/renak\/#primaryimage"},"thumbnailUrl":"https:\/\/promis.ro\/wp-content\/uploads\/2025\/11\/21791-W-1.jpg","datePublished":"2025-11-04T23:31:22+00:00","dateModified":"2025-11-11T17:45:07+00:00","description":"Caiet A5 realizat dintr-o combina\u021bie de Canvas reciclat \u0219i PU reciclat. Design elegant cu clapet\u0103 maro dotat\u0103 cu \u00eenchidere magnetic\u0103, cu un suport practic","breadcrumb":{"@id":"https:\/\/promis.ro\/product\/renak\/#breadcrumb"},"inLanguage":"ro-RO","potentialAction":[{"@type":"ReadAction","target":["https:\/\/promis.ro\/product\/renak\/"]}]},{"@type":"ImageObject","inLanguage":"ro-RO","@id":"https:\/\/promis.ro\/product\/renak\/#primaryimage","url":"https:\/\/promis.ro\/wp-content\/uploads\/2025\/11\/21791-W-1.jpg","contentUrl":"https:\/\/promis.ro\/wp-content\/uploads\/2025\/11\/21791-W-1.jpg","width":1080,"height":1080},{"@type":"BreadcrumbList","@id":"https:\/\/promis.ro\/product\/renak\/#breadcrumb","itemListElement":[{"@type":"ListItem","position":1,"name":"Home","item":"https:\/\/promis.ro\/"},{"@type":"ListItem","position":2,"name":"Magazin","item":"https:\/\/promis.ro\/magazin\/"},{"@type":"ListItem","position":3,"name":"Renak"}]},{"@type":"WebSite","@id":"https:\/\/promis.ro\/#website","url":"https:\/\/promis.ro\/","name":"Promis.ro","description":"","potentialAction":[{"@type":"SearchAction","target":{"@type":"EntryPoint","urlTemplate":"https:\/\/promis.ro\/?s={search_term_string}"},"query-input":{"@type":"PropertyValueSpecification","valueRequired":true,"valueName":"search_term_string"}}],"inLanguage":"ro-RO"}]}},"_links":{"self":[{"href":"https:\/\/promis.ro\/ro\/wp-json\/wp\/v2\/product\/96226","targetHints":{"allow":["GET"]}}],"collection":[{"href":"https:\/\/promis.ro\/ro\/wp-json\/wp\/v2\/product"}],"about":[{"href":"https:\/\/promis.ro\/ro\/wp-json\/wp\/v2\/types\/product"}],"replies":[{"embeddable":true,"href":"https:\/\/promis.ro\/ro\/wp-json\/wp\/v2\/comments?post=96226"}],"version-history":[{"count":1,"href":"https:\/\/promis.ro\/ro\/wp-json\/wp\/v2\/product\/96226\/revisions"}],"predecessor-version":[{"id":112432,"href":"https:\/\/promis.ro\/ro\/wp-json\/wp\/v2\/product\/96226\/revisions\/112432"}],"wp:featuredmedia":[{"embeddable":true,"href":"https:\/\/promis.ro\/ro\/wp-json\/wp\/v2\/media\/140199"}],"wp:attachment":[{"href":"https:\/\/promis.ro\/ro\/wp-json\/wp\/v2\/media?parent=96226"}],"wp:term":[{"taxonomy":"product_brand","embeddable":true,"href":"https:\/\/promis.ro\/ro\/wp-json\/wp\/v2\/product_brand?post=96226"},{"taxonomy":"product_cat","embeddable":true,"href":"https:\/\/promis.ro\/ro\/wp-json\/wp\/v2\/product_cat?post=96226"},{"taxonomy":"product_tag","embeddable":true,"href":"https:\/\/promis.ro\/ro\/wp-json\/wp\/v2\/product_tag?post=96226"}],"curies":[{"name":"wp","href":"https:\/\/api.w.org\/{rel}","templated":true}]}}