{"id":96228,"date":"2025-11-04T23:31:24","date_gmt":"2025-11-04T23:31:24","guid":{"rendered":"https:\/\/promis.ro\/product\/winker\/"},"modified":"2025-11-11T17:45:12","modified_gmt":"2025-11-11T17:45:12","slug":"winker","status":"publish","type":"product","link":"https:\/\/promis.ro\/ro\/produs\/winker\/","title":{"rendered":"Winker"},"content":{"rendered":"<p>Stylus elegant realizat din Aluminiu Reciclat. Cu un mecanism rotativ cu un finisaj lucios \u0219i un v\u00e2rf negru \u00een partea de sus, cu cerneal\u0103 albastr\u0103. Clip \u0219i accesorii cu finisaj cromat. Cu un logo gravat din Aluminiu Reciclat. Aluminiul Reciclat este un material cu posibilit\u0103\u021bi de reciclare aproape infinite, f\u0103r\u0103 a-\u0219i pierde propriet\u0103\u021bile originale \u0219i consum\u00e2nd mai pu\u021bin\u0103 energie \u00een acest proces. Certificare GRS (Global Recycled Standard), care garanteaz\u0103 originea reciclat\u0103 a materialului utilizat pentru fabricarea produsului.<\/p>","protected":false},"excerpt":{"rendered":"<p>Stylus elegant realizat din Aluminiu Reciclat. Cu un mecanism rotativ cu un finisaj lucios \u0219i un v\u00e2rf negru \u00een partea<\/p>","protected":false},"featured_media":140205,"comment_status":"open","ping_status":"closed","template":"","meta":[],"product_brand":[],"product_cat":[175],"product_tag":[],"class_list":{"0":"post-96228","1":"product","2":"type-product","3":"status-publish","4":"has-post-thumbnail","6":"product_cat-scris","8":"first","9":"instock","10":"shipping-taxable","11":"purchasable","12":"product-type-variable"},"yoast_head":"<!-- This site is optimized with the Yoast SEO plugin v27.4 - https:\/\/yoast.com\/product\/yoast-seo-wordpress\/ -->\n<title>Winker - Promis.ro<\/title>\n<meta name=\"description\" content=\"Stylus elegant realizat din Aluminiu Reciclat. Cu un mecanism rotativ cu un finisaj lucios \u0219i un v\u00e2rf negru \u00een partea de sus, cu cerneal\u0103 albastr\u0103. Clip\" \/>\n<meta name=\"robots\" content=\"index, follow, max-snippet:-1, max-image-preview:large, max-video-preview:-1\" \/>\n<link rel=\"canonical\" href=\"https:\/\/promis.ro\/ro\/produs\/winker\/\" \/>\n<meta property=\"og:locale\" content=\"ro_RO\" \/>\n<meta property=\"og:type\" content=\"article\" \/>\n<meta property=\"og:title\" content=\"Winker - Promis.ro\" \/>\n<meta property=\"og:description\" content=\"Stylus elegant realizat din Aluminiu Reciclat. Cu un mecanism rotativ cu un finisaj lucios \u0219i un v\u00e2rf negru \u00een partea de sus, cu cerneal\u0103 albastr\u0103. Clip\" \/>\n<meta property=\"og:url\" content=\"https:\/\/promis.ro\/ro\/produs\/winker\/\" \/>\n<meta property=\"og:site_name\" content=\"Promis.ro\" \/>\n<meta property=\"article:modified_time\" content=\"2025-11-11T17:45:12+00:00\" \/>\n<meta property=\"og:image\" content=\"https:\/\/promis.ro\/wp-content\/uploads\/2025\/11\/21794-W-1.jpg\" \/>\n\t<meta property=\"og:image:width\" content=\"1080\" \/>\n\t<meta property=\"og:image:height\" content=\"1080\" \/>\n\t<meta property=\"og:image:type\" content=\"image\/jpeg\" \/>\n<meta name=\"twitter:card\" content=\"summary_large_image\" \/>\n<script type=\"application\/ld+json\" class=\"yoast-schema-graph\">{\"@context\":\"https:\\\/\\\/schema.org\",\"@graph\":[{\"@type\":\"WebPage\",\"@id\":\"https:\\\/\\\/promis.ro\\\/product\\\/winker\\\/\",\"url\":\"https:\\\/\\\/promis.ro\\\/product\\\/winker\\\/\",\"name\":\"Winker - Promis.ro\",\"isPartOf\":{\"@id\":\"https:\\\/\\\/promis.ro\\\/#website\"},\"primaryImageOfPage\":{\"@id\":\"https:\\\/\\\/promis.ro\\\/product\\\/winker\\\/#primaryimage\"},\"image\":{\"@id\":\"https:\\\/\\\/promis.ro\\\/product\\\/winker\\\/#primaryimage\"},\"thumbnailUrl\":\"https:\\\/\\\/promis.ro\\\/wp-content\\\/uploads\\\/2025\\\/11\\\/21794-W-1.jpg\",\"datePublished\":\"2025-11-04T23:31:24+00:00\",\"dateModified\":\"2025-11-11T17:45:12+00:00\",\"description\":\"Stylus elegant realizat din Aluminiu Reciclat. Cu un mecanism rotativ cu un finisaj lucios \u0219i un v\u00e2rf negru \u00een partea de sus, cu cerneal\u0103 albastr\u0103. Clip\",\"breadcrumb\":{\"@id\":\"https:\\\/\\\/promis.ro\\\/product\\\/winker\\\/#breadcrumb\"},\"inLanguage\":\"ro-RO\",\"potentialAction\":[{\"@type\":\"ReadAction\",\"target\":[\"https:\\\/\\\/promis.ro\\\/product\\\/winker\\\/\"]}]},{\"@type\":\"ImageObject\",\"inLanguage\":\"ro-RO\",\"@id\":\"https:\\\/\\\/promis.ro\\\/product\\\/winker\\\/#primaryimage\",\"url\":\"https:\\\/\\\/promis.ro\\\/wp-content\\\/uploads\\\/2025\\\/11\\\/21794-W-1.jpg\",\"contentUrl\":\"https:\\\/\\\/promis.ro\\\/wp-content\\\/uploads\\\/2025\\\/11\\\/21794-W-1.jpg\",\"width\":1080,\"height\":1080},{\"@type\":\"BreadcrumbList\",\"@id\":\"https:\\\/\\\/promis.ro\\\/product\\\/winker\\\/#breadcrumb\",\"itemListElement\":[{\"@type\":\"ListItem\",\"position\":1,\"name\":\"Home\",\"item\":\"https:\\\/\\\/promis.ro\\\/\"},{\"@type\":\"ListItem\",\"position\":2,\"name\":\"Magazin\",\"item\":\"https:\\\/\\\/promis.ro\\\/magazin\\\/\"},{\"@type\":\"ListItem\",\"position\":3,\"name\":\"Winker\"}]},{\"@type\":\"WebSite\",\"@id\":\"https:\\\/\\\/promis.ro\\\/#website\",\"url\":\"https:\\\/\\\/promis.ro\\\/\",\"name\":\"Promis.ro\",\"description\":\"\",\"potentialAction\":[{\"@type\":\"SearchAction\",\"target\":{\"@type\":\"EntryPoint\",\"urlTemplate\":\"https:\\\/\\\/promis.ro\\\/?s={search_term_string}\"},\"query-input\":{\"@type\":\"PropertyValueSpecification\",\"valueRequired\":true,\"valueName\":\"search_term_string\"}}],\"inLanguage\":\"ro-RO\"}]}<\/script>\n<!-- \/ Yoast SEO plugin. -->","yoast_head_json":{"title":"Winker - Promis.ro","description":"Stylus elegant realizat din Aluminiu Reciclat. Cu un mecanism rotativ cu un finisaj lucios \u0219i un v\u00e2rf negru \u00een partea de sus, cu cerneal\u0103 albastr\u0103. Clip","robots":{"index":"index","follow":"follow","max-snippet":"max-snippet:-1","max-image-preview":"max-image-preview:large","max-video-preview":"max-video-preview:-1"},"canonical":"https:\/\/promis.ro\/ro\/produs\/winker\/","og_locale":"ro_RO","og_type":"article","og_title":"Winker - Promis.ro","og_description":"Stylus elegant realizat din Aluminiu Reciclat. Cu un mecanism rotativ cu un finisaj lucios \u0219i un v\u00e2rf negru \u00een partea de sus, cu cerneal\u0103 albastr\u0103. Clip","og_url":"https:\/\/promis.ro\/ro\/produs\/winker\/","og_site_name":"Promis.ro","article_modified_time":"2025-11-11T17:45:12+00:00","og_image":[{"width":1080,"height":1080,"url":"https:\/\/promis.ro\/wp-content\/uploads\/2025\/11\/21794-W-1.jpg","type":"image\/jpeg"}],"twitter_card":"summary_large_image","schema":{"@context":"https:\/\/schema.org","@graph":[{"@type":"WebPage","@id":"https:\/\/promis.ro\/product\/winker\/","url":"https:\/\/promis.ro\/product\/winker\/","name":"Winker - Promis.ro","isPartOf":{"@id":"https:\/\/promis.ro\/#website"},"primaryImageOfPage":{"@id":"https:\/\/promis.ro\/product\/winker\/#primaryimage"},"image":{"@id":"https:\/\/promis.ro\/product\/winker\/#primaryimage"},"thumbnailUrl":"https:\/\/promis.ro\/wp-content\/uploads\/2025\/11\/21794-W-1.jpg","datePublished":"2025-11-04T23:31:24+00:00","dateModified":"2025-11-11T17:45:12+00:00","description":"Stylus elegant realizat din Aluminiu Reciclat. Cu un mecanism rotativ cu un finisaj lucios \u0219i un v\u00e2rf negru \u00een partea de sus, cu cerneal\u0103 albastr\u0103. Clip","breadcrumb":{"@id":"https:\/\/promis.ro\/product\/winker\/#breadcrumb"},"inLanguage":"ro-RO","potentialAction":[{"@type":"ReadAction","target":["https:\/\/promis.ro\/product\/winker\/"]}]},{"@type":"ImageObject","inLanguage":"ro-RO","@id":"https:\/\/promis.ro\/product\/winker\/#primaryimage","url":"https:\/\/promis.ro\/wp-content\/uploads\/2025\/11\/21794-W-1.jpg","contentUrl":"https:\/\/promis.ro\/wp-content\/uploads\/2025\/11\/21794-W-1.jpg","width":1080,"height":1080},{"@type":"BreadcrumbList","@id":"https:\/\/promis.ro\/product\/winker\/#breadcrumb","itemListElement":[{"@type":"ListItem","position":1,"name":"Home","item":"https:\/\/promis.ro\/"},{"@type":"ListItem","position":2,"name":"Magazin","item":"https:\/\/promis.ro\/magazin\/"},{"@type":"ListItem","position":3,"name":"Winker"}]},{"@type":"WebSite","@id":"https:\/\/promis.ro\/#website","url":"https:\/\/promis.ro\/","name":"Promis.ro","description":"","potentialAction":[{"@type":"SearchAction","target":{"@type":"EntryPoint","urlTemplate":"https:\/\/promis.ro\/?s={search_term_string}"},"query-input":{"@type":"PropertyValueSpecification","valueRequired":true,"valueName":"search_term_string"}}],"inLanguage":"ro-RO"}]}},"_links":{"self":[{"href":"https:\/\/promis.ro\/ro\/wp-json\/wp\/v2\/product\/96228","targetHints":{"allow":["GET"]}}],"collection":[{"href":"https:\/\/promis.ro\/ro\/wp-json\/wp\/v2\/product"}],"about":[{"href":"https:\/\/promis.ro\/ro\/wp-json\/wp\/v2\/types\/product"}],"replies":[{"embeddable":true,"href":"https:\/\/promis.ro\/ro\/wp-json\/wp\/v2\/comments?post=96228"}],"version-history":[{"count":1,"href":"https:\/\/promis.ro\/ro\/wp-json\/wp\/v2\/product\/96228\/revisions"}],"predecessor-version":[{"id":112433,"href":"https:\/\/promis.ro\/ro\/wp-json\/wp\/v2\/product\/96228\/revisions\/112433"}],"wp:featuredmedia":[{"embeddable":true,"href":"https:\/\/promis.ro\/ro\/wp-json\/wp\/v2\/media\/140205"}],"wp:attachment":[{"href":"https:\/\/promis.ro\/ro\/wp-json\/wp\/v2\/media?parent=96228"}],"wp:term":[{"taxonomy":"product_brand","embeddable":true,"href":"https:\/\/promis.ro\/ro\/wp-json\/wp\/v2\/product_brand?post=96228"},{"taxonomy":"product_cat","embeddable":true,"href":"https:\/\/promis.ro\/ro\/wp-json\/wp\/v2\/product_cat?post=96228"},{"taxonomy":"product_tag","embeddable":true,"href":"https:\/\/promis.ro\/ro\/wp-json\/wp\/v2\/product_tag?post=96228"}],"curies":[{"name":"wp","href":"https:\/\/api.w.org\/{rel}","templated":true}]}}