{"id":96229,"date":"2025-11-04T23:31:24","date_gmt":"2025-11-04T23:31:24","guid":{"rendered":"https:\/\/promis.ro\/product\/mithak\/"},"modified":"2025-11-11T17:42:36","modified_gmt":"2025-11-11T17:42:36","slug":"mithak","status":"publish","type":"product","link":"https:\/\/promis.ro\/ro\/produs\/mithak\/","title":{"rendered":"Mithak"},"content":{"rendered":"<p>Blanket termic\u0103 practic\u0103, fabricat\u0103 din PET aluminizat, conceput\u0103 pentru aplica\u021bii versatile. Func\u021bia sa dubl\u0103 permite reglarea temperaturii: cu partea argintie orientat\u0103 \u00een exterior, reduce c\u0103ldura, iar cu partea aurie orientat\u0103 \u00een exterior, re\u021bine c\u0103ldura corpului. U\u0219oar\u0103, compact\u0103 \u0219i u\u0219or de transportat, este rezistent\u0103 la ap\u0103 \u0219i v\u00e2nt, ideal\u0103 pentru diverse situa\u021bii.<\/p>","protected":false},"excerpt":{"rendered":"<p>Blanket termic\u0103 practic\u0103, fabricat\u0103 din PET aluminizat, conceput\u0103 pentru aplica\u021bii versatile. Func\u021bia sa dubl\u0103 permite reglarea temperaturii: cu partea argintie<\/p>","protected":false},"featured_media":140208,"comment_status":"open","ping_status":"closed","template":"","meta":[],"product_brand":[],"product_cat":[184],"product_tag":[],"class_list":{"0":"post-96229","1":"product","2":"type-product","3":"status-publish","4":"has-post-thumbnail","6":"product_cat-unelte-pentru-bricolaj-si-masini","8":"first","9":"instock","10":"shipping-taxable","11":"purchasable","12":"product-type-simple"},"yoast_head":"<!-- This site is optimized with the Yoast SEO plugin v27.4 - https:\/\/yoast.com\/product\/yoast-seo-wordpress\/ -->\n<title>Mithak - Promis.ro<\/title>\n<meta name=\"description\" content=\"Blanket termic\u0103 practic\u0103, fabricat\u0103 din PET aluminizat, conceput\u0103 pentru aplica\u021bii versatile. Func\u021bia sa dubl\u0103 permite reglarea temperaturii: cu partea\" \/>\n<meta name=\"robots\" content=\"index, follow, max-snippet:-1, max-image-preview:large, max-video-preview:-1\" \/>\n<link rel=\"canonical\" href=\"https:\/\/promis.ro\/ro\/produs\/mithak\/\" \/>\n<meta property=\"og:locale\" content=\"ro_RO\" \/>\n<meta property=\"og:type\" content=\"article\" \/>\n<meta property=\"og:title\" content=\"Mithak - Promis.ro\" \/>\n<meta property=\"og:description\" content=\"Blanket termic\u0103 practic\u0103, fabricat\u0103 din PET aluminizat, conceput\u0103 pentru aplica\u021bii versatile. Func\u021bia sa dubl\u0103 permite reglarea temperaturii: cu partea\" \/>\n<meta property=\"og:url\" content=\"https:\/\/promis.ro\/ro\/produs\/mithak\/\" \/>\n<meta property=\"og:site_name\" content=\"Promis.ro\" \/>\n<meta property=\"article:modified_time\" content=\"2025-11-11T17:42:36+00:00\" \/>\n<meta property=\"og:image\" content=\"https:\/\/promis.ro\/wp-content\/uploads\/2025\/11\/21795-W-1.jpg\" \/>\n\t<meta property=\"og:image:width\" content=\"1080\" \/>\n\t<meta property=\"og:image:height\" content=\"1080\" \/>\n\t<meta property=\"og:image:type\" content=\"image\/jpeg\" \/>\n<meta name=\"twitter:card\" content=\"summary_large_image\" \/>\n<script type=\"application\/ld+json\" class=\"yoast-schema-graph\">{\"@context\":\"https:\\\/\\\/schema.org\",\"@graph\":[{\"@type\":\"WebPage\",\"@id\":\"https:\\\/\\\/promis.ro\\\/product\\\/mithak\\\/\",\"url\":\"https:\\\/\\\/promis.ro\\\/product\\\/mithak\\\/\",\"name\":\"Mithak - Promis.ro\",\"isPartOf\":{\"@id\":\"https:\\\/\\\/promis.ro\\\/#website\"},\"primaryImageOfPage\":{\"@id\":\"https:\\\/\\\/promis.ro\\\/product\\\/mithak\\\/#primaryimage\"},\"image\":{\"@id\":\"https:\\\/\\\/promis.ro\\\/product\\\/mithak\\\/#primaryimage\"},\"thumbnailUrl\":\"https:\\\/\\\/promis.ro\\\/wp-content\\\/uploads\\\/2025\\\/11\\\/21795-W-1.jpg\",\"datePublished\":\"2025-11-04T23:31:24+00:00\",\"dateModified\":\"2025-11-11T17:42:36+00:00\",\"description\":\"Blanket termic\u0103 practic\u0103, fabricat\u0103 din PET aluminizat, conceput\u0103 pentru aplica\u021bii versatile. Func\u021bia sa dubl\u0103 permite reglarea temperaturii: cu partea\",\"breadcrumb\":{\"@id\":\"https:\\\/\\\/promis.ro\\\/product\\\/mithak\\\/#breadcrumb\"},\"inLanguage\":\"ro-RO\",\"potentialAction\":[{\"@type\":\"ReadAction\",\"target\":[\"https:\\\/\\\/promis.ro\\\/product\\\/mithak\\\/\"]}]},{\"@type\":\"ImageObject\",\"inLanguage\":\"ro-RO\",\"@id\":\"https:\\\/\\\/promis.ro\\\/product\\\/mithak\\\/#primaryimage\",\"url\":\"https:\\\/\\\/promis.ro\\\/wp-content\\\/uploads\\\/2025\\\/11\\\/21795-W-1.jpg\",\"contentUrl\":\"https:\\\/\\\/promis.ro\\\/wp-content\\\/uploads\\\/2025\\\/11\\\/21795-W-1.jpg\",\"width\":1080,\"height\":1080},{\"@type\":\"BreadcrumbList\",\"@id\":\"https:\\\/\\\/promis.ro\\\/product\\\/mithak\\\/#breadcrumb\",\"itemListElement\":[{\"@type\":\"ListItem\",\"position\":1,\"name\":\"Home\",\"item\":\"https:\\\/\\\/promis.ro\\\/\"},{\"@type\":\"ListItem\",\"position\":2,\"name\":\"Magazin\",\"item\":\"https:\\\/\\\/promis.ro\\\/magazin\\\/\"},{\"@type\":\"ListItem\",\"position\":3,\"name\":\"Mithak\"}]},{\"@type\":\"WebSite\",\"@id\":\"https:\\\/\\\/promis.ro\\\/#website\",\"url\":\"https:\\\/\\\/promis.ro\\\/\",\"name\":\"Promis.ro\",\"description\":\"\",\"potentialAction\":[{\"@type\":\"SearchAction\",\"target\":{\"@type\":\"EntryPoint\",\"urlTemplate\":\"https:\\\/\\\/promis.ro\\\/?s={search_term_string}\"},\"query-input\":{\"@type\":\"PropertyValueSpecification\",\"valueRequired\":true,\"valueName\":\"search_term_string\"}}],\"inLanguage\":\"ro-RO\"}]}<\/script>\n<!-- \/ Yoast SEO plugin. -->","yoast_head_json":{"title":"Mithak - Promis.ro","description":"Blanket termic\u0103 practic\u0103, fabricat\u0103 din PET aluminizat, conceput\u0103 pentru aplica\u021bii versatile. Func\u021bia sa dubl\u0103 permite reglarea temperaturii: cu partea","robots":{"index":"index","follow":"follow","max-snippet":"max-snippet:-1","max-image-preview":"max-image-preview:large","max-video-preview":"max-video-preview:-1"},"canonical":"https:\/\/promis.ro\/ro\/produs\/mithak\/","og_locale":"ro_RO","og_type":"article","og_title":"Mithak - Promis.ro","og_description":"Blanket termic\u0103 practic\u0103, fabricat\u0103 din PET aluminizat, conceput\u0103 pentru aplica\u021bii versatile. Func\u021bia sa dubl\u0103 permite reglarea temperaturii: cu partea","og_url":"https:\/\/promis.ro\/ro\/produs\/mithak\/","og_site_name":"Promis.ro","article_modified_time":"2025-11-11T17:42:36+00:00","og_image":[{"width":1080,"height":1080,"url":"https:\/\/promis.ro\/wp-content\/uploads\/2025\/11\/21795-W-1.jpg","type":"image\/jpeg"}],"twitter_card":"summary_large_image","schema":{"@context":"https:\/\/schema.org","@graph":[{"@type":"WebPage","@id":"https:\/\/promis.ro\/product\/mithak\/","url":"https:\/\/promis.ro\/product\/mithak\/","name":"Mithak - Promis.ro","isPartOf":{"@id":"https:\/\/promis.ro\/#website"},"primaryImageOfPage":{"@id":"https:\/\/promis.ro\/product\/mithak\/#primaryimage"},"image":{"@id":"https:\/\/promis.ro\/product\/mithak\/#primaryimage"},"thumbnailUrl":"https:\/\/promis.ro\/wp-content\/uploads\/2025\/11\/21795-W-1.jpg","datePublished":"2025-11-04T23:31:24+00:00","dateModified":"2025-11-11T17:42:36+00:00","description":"Blanket termic\u0103 practic\u0103, fabricat\u0103 din PET aluminizat, conceput\u0103 pentru aplica\u021bii versatile. Func\u021bia sa dubl\u0103 permite reglarea temperaturii: cu partea","breadcrumb":{"@id":"https:\/\/promis.ro\/product\/mithak\/#breadcrumb"},"inLanguage":"ro-RO","potentialAction":[{"@type":"ReadAction","target":["https:\/\/promis.ro\/product\/mithak\/"]}]},{"@type":"ImageObject","inLanguage":"ro-RO","@id":"https:\/\/promis.ro\/product\/mithak\/#primaryimage","url":"https:\/\/promis.ro\/wp-content\/uploads\/2025\/11\/21795-W-1.jpg","contentUrl":"https:\/\/promis.ro\/wp-content\/uploads\/2025\/11\/21795-W-1.jpg","width":1080,"height":1080},{"@type":"BreadcrumbList","@id":"https:\/\/promis.ro\/product\/mithak\/#breadcrumb","itemListElement":[{"@type":"ListItem","position":1,"name":"Home","item":"https:\/\/promis.ro\/"},{"@type":"ListItem","position":2,"name":"Magazin","item":"https:\/\/promis.ro\/magazin\/"},{"@type":"ListItem","position":3,"name":"Mithak"}]},{"@type":"WebSite","@id":"https:\/\/promis.ro\/#website","url":"https:\/\/promis.ro\/","name":"Promis.ro","description":"","potentialAction":[{"@type":"SearchAction","target":{"@type":"EntryPoint","urlTemplate":"https:\/\/promis.ro\/?s={search_term_string}"},"query-input":{"@type":"PropertyValueSpecification","valueRequired":true,"valueName":"search_term_string"}}],"inLanguage":"ro-RO"}]}},"_links":{"self":[{"href":"https:\/\/promis.ro\/ro\/wp-json\/wp\/v2\/product\/96229","targetHints":{"allow":["GET"]}}],"collection":[{"href":"https:\/\/promis.ro\/ro\/wp-json\/wp\/v2\/product"}],"about":[{"href":"https:\/\/promis.ro\/ro\/wp-json\/wp\/v2\/types\/product"}],"replies":[{"embeddable":true,"href":"https:\/\/promis.ro\/ro\/wp-json\/wp\/v2\/comments?post=96229"}],"version-history":[{"count":1,"href":"https:\/\/promis.ro\/ro\/wp-json\/wp\/v2\/product\/96229\/revisions"}],"predecessor-version":[{"id":112429,"href":"https:\/\/promis.ro\/ro\/wp-json\/wp\/v2\/product\/96229\/revisions\/112429"}],"wp:featuredmedia":[{"embeddable":true,"href":"https:\/\/promis.ro\/ro\/wp-json\/wp\/v2\/media\/140208"}],"wp:attachment":[{"href":"https:\/\/promis.ro\/ro\/wp-json\/wp\/v2\/media?parent=96229"}],"wp:term":[{"taxonomy":"product_brand","embeddable":true,"href":"https:\/\/promis.ro\/ro\/wp-json\/wp\/v2\/product_brand?post=96229"},{"taxonomy":"product_cat","embeddable":true,"href":"https:\/\/promis.ro\/ro\/wp-json\/wp\/v2\/product_cat?post=96229"},{"taxonomy":"product_tag","embeddable":true,"href":"https:\/\/promis.ro\/ro\/wp-json\/wp\/v2\/product_tag?post=96229"}],"curies":[{"name":"wp","href":"https:\/\/api.w.org\/{rel}","templated":true}]}}