{"id":96231,"date":"2025-11-04T23:31:25","date_gmt":"2025-11-04T23:31:25","guid":{"rendered":"https:\/\/promis.ro\/product\/salmar\/"},"modified":"2025-11-11T17:42:44","modified_gmt":"2025-11-11T17:42:44","slug":"salmar","status":"publish","type":"product","link":"https:\/\/promis.ro\/ro\/produs\/salmar\/","title":{"rendered":"Salmar"},"content":{"rendered":"<p>Marker fluorescent original \u00een trei culori, fabricat din paie de gr\u00e2u. Cu un corp circular cu finisaj mat moale, special conceput pentru marcarea \u00een culori complete. Cu capace care se potrivesc markerului. Paiele de gr\u00e2u promoveaz\u0103 utilizarea materiilor prime naturale, reduc\u00e2nd astfel emisiile poluante.<\/p>","protected":false},"excerpt":{"rendered":"<p>Marker fluorescent original \u00een trei culori, fabricat din paie de gr\u00e2u. Cu un corp circular cu finisaj mat moale, special<\/p>","protected":false},"featured_media":140216,"comment_status":"open","ping_status":"closed","template":"","meta":[],"product_brand":[],"product_cat":[171],"product_tag":[],"class_list":{"0":"post-96231","1":"product","2":"type-product","3":"status-publish","4":"has-post-thumbnail","6":"product_cat-birou-si-business","8":"first","9":"instock","10":"shipping-taxable","11":"purchasable","12":"product-type-simple"},"yoast_head":"<!-- This site is optimized with the Yoast SEO plugin v27.4 - https:\/\/yoast.com\/product\/yoast-seo-wordpress\/ -->\n<title>Salmar - Promis.ro<\/title>\n<meta name=\"description\" content=\"Marker fluorescent original \u00een trei culori, fabricat din paie de gr\u00e2u. Cu un corp circular cu finisaj mat moale, special conceput pentru marcarea \u00een\" \/>\n<meta name=\"robots\" content=\"index, follow, max-snippet:-1, max-image-preview:large, max-video-preview:-1\" \/>\n<link rel=\"canonical\" href=\"https:\/\/promis.ro\/ro\/produs\/salmar\/\" \/>\n<meta property=\"og:locale\" content=\"ro_RO\" \/>\n<meta property=\"og:type\" content=\"article\" \/>\n<meta property=\"og:title\" content=\"Salmar - Promis.ro\" \/>\n<meta property=\"og:description\" content=\"Marker fluorescent original \u00een trei culori, fabricat din paie de gr\u00e2u. Cu un corp circular cu finisaj mat moale, special conceput pentru marcarea \u00een\" \/>\n<meta property=\"og:url\" content=\"https:\/\/promis.ro\/ro\/produs\/salmar\/\" \/>\n<meta property=\"og:site_name\" content=\"Promis.ro\" \/>\n<meta property=\"article:modified_time\" content=\"2025-11-11T17:42:44+00:00\" \/>\n<meta property=\"og:image\" content=\"https:\/\/promis.ro\/wp-content\/uploads\/2025\/11\/21797-W-1.jpg\" \/>\n\t<meta property=\"og:image:width\" content=\"1080\" \/>\n\t<meta property=\"og:image:height\" content=\"1080\" \/>\n\t<meta property=\"og:image:type\" content=\"image\/jpeg\" \/>\n<meta name=\"twitter:card\" content=\"summary_large_image\" \/>\n<script type=\"application\/ld+json\" class=\"yoast-schema-graph\">{\"@context\":\"https:\\\/\\\/schema.org\",\"@graph\":[{\"@type\":\"WebPage\",\"@id\":\"https:\\\/\\\/promis.ro\\\/product\\\/salmar\\\/\",\"url\":\"https:\\\/\\\/promis.ro\\\/product\\\/salmar\\\/\",\"name\":\"Salmar - Promis.ro\",\"isPartOf\":{\"@id\":\"https:\\\/\\\/promis.ro\\\/#website\"},\"primaryImageOfPage\":{\"@id\":\"https:\\\/\\\/promis.ro\\\/product\\\/salmar\\\/#primaryimage\"},\"image\":{\"@id\":\"https:\\\/\\\/promis.ro\\\/product\\\/salmar\\\/#primaryimage\"},\"thumbnailUrl\":\"https:\\\/\\\/promis.ro\\\/wp-content\\\/uploads\\\/2025\\\/11\\\/21797-W-1.jpg\",\"datePublished\":\"2025-11-04T23:31:25+00:00\",\"dateModified\":\"2025-11-11T17:42:44+00:00\",\"description\":\"Marker fluorescent original \u00een trei culori, fabricat din paie de gr\u00e2u. Cu un corp circular cu finisaj mat moale, special conceput pentru marcarea \u00een\",\"breadcrumb\":{\"@id\":\"https:\\\/\\\/promis.ro\\\/product\\\/salmar\\\/#breadcrumb\"},\"inLanguage\":\"ro-RO\",\"potentialAction\":[{\"@type\":\"ReadAction\",\"target\":[\"https:\\\/\\\/promis.ro\\\/product\\\/salmar\\\/\"]}]},{\"@type\":\"ImageObject\",\"inLanguage\":\"ro-RO\",\"@id\":\"https:\\\/\\\/promis.ro\\\/product\\\/salmar\\\/#primaryimage\",\"url\":\"https:\\\/\\\/promis.ro\\\/wp-content\\\/uploads\\\/2025\\\/11\\\/21797-W-1.jpg\",\"contentUrl\":\"https:\\\/\\\/promis.ro\\\/wp-content\\\/uploads\\\/2025\\\/11\\\/21797-W-1.jpg\",\"width\":1080,\"height\":1080},{\"@type\":\"BreadcrumbList\",\"@id\":\"https:\\\/\\\/promis.ro\\\/product\\\/salmar\\\/#breadcrumb\",\"itemListElement\":[{\"@type\":\"ListItem\",\"position\":1,\"name\":\"Home\",\"item\":\"https:\\\/\\\/promis.ro\\\/\"},{\"@type\":\"ListItem\",\"position\":2,\"name\":\"Magazin\",\"item\":\"https:\\\/\\\/promis.ro\\\/magazin\\\/\"},{\"@type\":\"ListItem\",\"position\":3,\"name\":\"Salmar\"}]},{\"@type\":\"WebSite\",\"@id\":\"https:\\\/\\\/promis.ro\\\/#website\",\"url\":\"https:\\\/\\\/promis.ro\\\/\",\"name\":\"Promis.ro\",\"description\":\"\",\"potentialAction\":[{\"@type\":\"SearchAction\",\"target\":{\"@type\":\"EntryPoint\",\"urlTemplate\":\"https:\\\/\\\/promis.ro\\\/?s={search_term_string}\"},\"query-input\":{\"@type\":\"PropertyValueSpecification\",\"valueRequired\":true,\"valueName\":\"search_term_string\"}}],\"inLanguage\":\"ro-RO\"}]}<\/script>\n<!-- \/ Yoast SEO plugin. -->","yoast_head_json":{"title":"Salmar - Promis.ro","description":"Marker fluorescent original \u00een trei culori, fabricat din paie de gr\u00e2u. Cu un corp circular cu finisaj mat moale, special conceput pentru marcarea \u00een","robots":{"index":"index","follow":"follow","max-snippet":"max-snippet:-1","max-image-preview":"max-image-preview:large","max-video-preview":"max-video-preview:-1"},"canonical":"https:\/\/promis.ro\/ro\/produs\/salmar\/","og_locale":"ro_RO","og_type":"article","og_title":"Salmar - Promis.ro","og_description":"Marker fluorescent original \u00een trei culori, fabricat din paie de gr\u00e2u. Cu un corp circular cu finisaj mat moale, special conceput pentru marcarea \u00een","og_url":"https:\/\/promis.ro\/ro\/produs\/salmar\/","og_site_name":"Promis.ro","article_modified_time":"2025-11-11T17:42:44+00:00","og_image":[{"width":1080,"height":1080,"url":"https:\/\/promis.ro\/wp-content\/uploads\/2025\/11\/21797-W-1.jpg","type":"image\/jpeg"}],"twitter_card":"summary_large_image","schema":{"@context":"https:\/\/schema.org","@graph":[{"@type":"WebPage","@id":"https:\/\/promis.ro\/product\/salmar\/","url":"https:\/\/promis.ro\/product\/salmar\/","name":"Salmar - Promis.ro","isPartOf":{"@id":"https:\/\/promis.ro\/#website"},"primaryImageOfPage":{"@id":"https:\/\/promis.ro\/product\/salmar\/#primaryimage"},"image":{"@id":"https:\/\/promis.ro\/product\/salmar\/#primaryimage"},"thumbnailUrl":"https:\/\/promis.ro\/wp-content\/uploads\/2025\/11\/21797-W-1.jpg","datePublished":"2025-11-04T23:31:25+00:00","dateModified":"2025-11-11T17:42:44+00:00","description":"Marker fluorescent original \u00een trei culori, fabricat din paie de gr\u00e2u. Cu un corp circular cu finisaj mat moale, special conceput pentru marcarea \u00een","breadcrumb":{"@id":"https:\/\/promis.ro\/product\/salmar\/#breadcrumb"},"inLanguage":"ro-RO","potentialAction":[{"@type":"ReadAction","target":["https:\/\/promis.ro\/product\/salmar\/"]}]},{"@type":"ImageObject","inLanguage":"ro-RO","@id":"https:\/\/promis.ro\/product\/salmar\/#primaryimage","url":"https:\/\/promis.ro\/wp-content\/uploads\/2025\/11\/21797-W-1.jpg","contentUrl":"https:\/\/promis.ro\/wp-content\/uploads\/2025\/11\/21797-W-1.jpg","width":1080,"height":1080},{"@type":"BreadcrumbList","@id":"https:\/\/promis.ro\/product\/salmar\/#breadcrumb","itemListElement":[{"@type":"ListItem","position":1,"name":"Home","item":"https:\/\/promis.ro\/"},{"@type":"ListItem","position":2,"name":"Magazin","item":"https:\/\/promis.ro\/magazin\/"},{"@type":"ListItem","position":3,"name":"Salmar"}]},{"@type":"WebSite","@id":"https:\/\/promis.ro\/#website","url":"https:\/\/promis.ro\/","name":"Promis.ro","description":"","potentialAction":[{"@type":"SearchAction","target":{"@type":"EntryPoint","urlTemplate":"https:\/\/promis.ro\/?s={search_term_string}"},"query-input":{"@type":"PropertyValueSpecification","valueRequired":true,"valueName":"search_term_string"}}],"inLanguage":"ro-RO"}]}},"_links":{"self":[{"href":"https:\/\/promis.ro\/ro\/wp-json\/wp\/v2\/product\/96231","targetHints":{"allow":["GET"]}}],"collection":[{"href":"https:\/\/promis.ro\/ro\/wp-json\/wp\/v2\/product"}],"about":[{"href":"https:\/\/promis.ro\/ro\/wp-json\/wp\/v2\/types\/product"}],"replies":[{"embeddable":true,"href":"https:\/\/promis.ro\/ro\/wp-json\/wp\/v2\/comments?post=96231"}],"version-history":[{"count":1,"href":"https:\/\/promis.ro\/ro\/wp-json\/wp\/v2\/product\/96231\/revisions"}],"predecessor-version":[{"id":112436,"href":"https:\/\/promis.ro\/ro\/wp-json\/wp\/v2\/product\/96231\/revisions\/112436"}],"wp:featuredmedia":[{"embeddable":true,"href":"https:\/\/promis.ro\/ro\/wp-json\/wp\/v2\/media\/140216"}],"wp:attachment":[{"href":"https:\/\/promis.ro\/ro\/wp-json\/wp\/v2\/media?parent=96231"}],"wp:term":[{"taxonomy":"product_brand","embeddable":true,"href":"https:\/\/promis.ro\/ro\/wp-json\/wp\/v2\/product_brand?post=96231"},{"taxonomy":"product_cat","embeddable":true,"href":"https:\/\/promis.ro\/ro\/wp-json\/wp\/v2\/product_cat?post=96231"},{"taxonomy":"product_tag","embeddable":true,"href":"https:\/\/promis.ro\/ro\/wp-json\/wp\/v2\/product_tag?post=96231"}],"curies":[{"name":"wp","href":"https:\/\/api.w.org\/{rel}","templated":true}]}}