{"id":96232,"date":"2025-11-04T23:31:25","date_gmt":"2025-11-04T23:31:25","guid":{"rendered":"https:\/\/promis.ro\/product\/rosiuk\/"},"modified":"2025-11-11T17:45:10","modified_gmt":"2025-11-11T17:45:10","slug":"rosiuk","status":"publish","type":"product","link":"https:\/\/promis.ro\/ro\/produs\/rosiuk\/","title":{"rendered":"Rosiuk"},"content":{"rendered":"<p>Blocnotes cu coper\u021bi rigide combin\u00e2nd plut\u0103 natural\u0103 \u0219i PU. Include un buzunar din PU pe copert\u0103, ideal pentru carduri. Cu \u00eenchidere magnetic\u0103, 80 de pagini cu un layout liniat \u0219i un semn de carte asortat. Fabricat cu elemente vegetale pentru a promova utilizarea materiilor prime naturale \u0219i a reduce emisiile poluante.<\/p>","protected":false},"excerpt":{"rendered":"<p>Blocnotes cu coper\u021bi rigide combin\u00e2nd plut\u0103 natural\u0103 \u0219i PU. Include un buzunar din PU pe copert\u0103, ideal pentru carduri. Cu<\/p>","protected":false},"featured_media":140219,"comment_status":"open","ping_status":"closed","template":"","meta":[],"product_brand":[],"product_cat":[171],"product_tag":[],"class_list":{"0":"post-96232","1":"product","2":"type-product","3":"status-publish","4":"has-post-thumbnail","6":"product_cat-birou-si-business","8":"first","9":"instock","10":"shipping-taxable","11":"purchasable","12":"product-type-variable"},"yoast_head":"<!-- This site is optimized with the Yoast SEO plugin v27.4 - https:\/\/yoast.com\/product\/yoast-seo-wordpress\/ -->\n<title>Rosiuk - Promis.ro<\/title>\n<meta name=\"description\" content=\"Blocnotes cu coper\u021bi rigide combin\u00e2nd plut\u0103 natural\u0103 \u0219i PU. Include un buzunar din PU pe copert\u0103, ideal pentru carduri. Cu \u00eenchidere magnetic\u0103, 80 de\" \/>\n<meta name=\"robots\" content=\"index, follow, max-snippet:-1, max-image-preview:large, max-video-preview:-1\" \/>\n<link rel=\"canonical\" href=\"https:\/\/promis.ro\/ro\/produs\/rosiuk\/\" \/>\n<meta property=\"og:locale\" content=\"ro_RO\" \/>\n<meta property=\"og:type\" content=\"article\" \/>\n<meta property=\"og:title\" content=\"Rosiuk - Promis.ro\" \/>\n<meta property=\"og:description\" content=\"Blocnotes cu coper\u021bi rigide combin\u00e2nd plut\u0103 natural\u0103 \u0219i PU. Include un buzunar din PU pe copert\u0103, ideal pentru carduri. Cu \u00eenchidere magnetic\u0103, 80 de\" \/>\n<meta property=\"og:url\" content=\"https:\/\/promis.ro\/ro\/produs\/rosiuk\/\" \/>\n<meta property=\"og:site_name\" content=\"Promis.ro\" \/>\n<meta property=\"article:modified_time\" content=\"2025-11-11T17:45:10+00:00\" \/>\n<meta property=\"og:image\" content=\"https:\/\/promis.ro\/wp-content\/uploads\/2025\/11\/21798-W-1.jpg\" \/>\n\t<meta property=\"og:image:width\" content=\"1080\" \/>\n\t<meta property=\"og:image:height\" content=\"1080\" \/>\n\t<meta property=\"og:image:type\" content=\"image\/jpeg\" \/>\n<meta name=\"twitter:card\" content=\"summary_large_image\" \/>\n<script type=\"application\/ld+json\" class=\"yoast-schema-graph\">{\"@context\":\"https:\\\/\\\/schema.org\",\"@graph\":[{\"@type\":\"WebPage\",\"@id\":\"https:\\\/\\\/promis.ro\\\/product\\\/rosiuk\\\/\",\"url\":\"https:\\\/\\\/promis.ro\\\/product\\\/rosiuk\\\/\",\"name\":\"Rosiuk - Promis.ro\",\"isPartOf\":{\"@id\":\"https:\\\/\\\/promis.ro\\\/#website\"},\"primaryImageOfPage\":{\"@id\":\"https:\\\/\\\/promis.ro\\\/product\\\/rosiuk\\\/#primaryimage\"},\"image\":{\"@id\":\"https:\\\/\\\/promis.ro\\\/product\\\/rosiuk\\\/#primaryimage\"},\"thumbnailUrl\":\"https:\\\/\\\/promis.ro\\\/wp-content\\\/uploads\\\/2025\\\/11\\\/21798-W-1.jpg\",\"datePublished\":\"2025-11-04T23:31:25+00:00\",\"dateModified\":\"2025-11-11T17:45:10+00:00\",\"description\":\"Blocnotes cu coper\u021bi rigide combin\u00e2nd plut\u0103 natural\u0103 \u0219i PU. Include un buzunar din PU pe copert\u0103, ideal pentru carduri. Cu \u00eenchidere magnetic\u0103, 80 de\",\"breadcrumb\":{\"@id\":\"https:\\\/\\\/promis.ro\\\/product\\\/rosiuk\\\/#breadcrumb\"},\"inLanguage\":\"ro-RO\",\"potentialAction\":[{\"@type\":\"ReadAction\",\"target\":[\"https:\\\/\\\/promis.ro\\\/product\\\/rosiuk\\\/\"]}]},{\"@type\":\"ImageObject\",\"inLanguage\":\"ro-RO\",\"@id\":\"https:\\\/\\\/promis.ro\\\/product\\\/rosiuk\\\/#primaryimage\",\"url\":\"https:\\\/\\\/promis.ro\\\/wp-content\\\/uploads\\\/2025\\\/11\\\/21798-W-1.jpg\",\"contentUrl\":\"https:\\\/\\\/promis.ro\\\/wp-content\\\/uploads\\\/2025\\\/11\\\/21798-W-1.jpg\",\"width\":1080,\"height\":1080},{\"@type\":\"BreadcrumbList\",\"@id\":\"https:\\\/\\\/promis.ro\\\/product\\\/rosiuk\\\/#breadcrumb\",\"itemListElement\":[{\"@type\":\"ListItem\",\"position\":1,\"name\":\"Home\",\"item\":\"https:\\\/\\\/promis.ro\\\/\"},{\"@type\":\"ListItem\",\"position\":2,\"name\":\"Magazin\",\"item\":\"https:\\\/\\\/promis.ro\\\/magazin\\\/\"},{\"@type\":\"ListItem\",\"position\":3,\"name\":\"Rosiuk\"}]},{\"@type\":\"WebSite\",\"@id\":\"https:\\\/\\\/promis.ro\\\/#website\",\"url\":\"https:\\\/\\\/promis.ro\\\/\",\"name\":\"Promis.ro\",\"description\":\"\",\"potentialAction\":[{\"@type\":\"SearchAction\",\"target\":{\"@type\":\"EntryPoint\",\"urlTemplate\":\"https:\\\/\\\/promis.ro\\\/?s={search_term_string}\"},\"query-input\":{\"@type\":\"PropertyValueSpecification\",\"valueRequired\":true,\"valueName\":\"search_term_string\"}}],\"inLanguage\":\"ro-RO\"}]}<\/script>\n<!-- \/ Yoast SEO plugin. -->","yoast_head_json":{"title":"Rosiuk - Promis.ro","description":"Blocnotes cu coper\u021bi rigide combin\u00e2nd plut\u0103 natural\u0103 \u0219i PU. Include un buzunar din PU pe copert\u0103, ideal pentru carduri. Cu \u00eenchidere magnetic\u0103, 80 de","robots":{"index":"index","follow":"follow","max-snippet":"max-snippet:-1","max-image-preview":"max-image-preview:large","max-video-preview":"max-video-preview:-1"},"canonical":"https:\/\/promis.ro\/ro\/produs\/rosiuk\/","og_locale":"ro_RO","og_type":"article","og_title":"Rosiuk - Promis.ro","og_description":"Blocnotes cu coper\u021bi rigide combin\u00e2nd plut\u0103 natural\u0103 \u0219i PU. Include un buzunar din PU pe copert\u0103, ideal pentru carduri. Cu \u00eenchidere magnetic\u0103, 80 de","og_url":"https:\/\/promis.ro\/ro\/produs\/rosiuk\/","og_site_name":"Promis.ro","article_modified_time":"2025-11-11T17:45:10+00:00","og_image":[{"width":1080,"height":1080,"url":"https:\/\/promis.ro\/wp-content\/uploads\/2025\/11\/21798-W-1.jpg","type":"image\/jpeg"}],"twitter_card":"summary_large_image","schema":{"@context":"https:\/\/schema.org","@graph":[{"@type":"WebPage","@id":"https:\/\/promis.ro\/product\/rosiuk\/","url":"https:\/\/promis.ro\/product\/rosiuk\/","name":"Rosiuk - Promis.ro","isPartOf":{"@id":"https:\/\/promis.ro\/#website"},"primaryImageOfPage":{"@id":"https:\/\/promis.ro\/product\/rosiuk\/#primaryimage"},"image":{"@id":"https:\/\/promis.ro\/product\/rosiuk\/#primaryimage"},"thumbnailUrl":"https:\/\/promis.ro\/wp-content\/uploads\/2025\/11\/21798-W-1.jpg","datePublished":"2025-11-04T23:31:25+00:00","dateModified":"2025-11-11T17:45:10+00:00","description":"Blocnotes cu coper\u021bi rigide combin\u00e2nd plut\u0103 natural\u0103 \u0219i PU. Include un buzunar din PU pe copert\u0103, ideal pentru carduri. Cu \u00eenchidere magnetic\u0103, 80 de","breadcrumb":{"@id":"https:\/\/promis.ro\/product\/rosiuk\/#breadcrumb"},"inLanguage":"ro-RO","potentialAction":[{"@type":"ReadAction","target":["https:\/\/promis.ro\/product\/rosiuk\/"]}]},{"@type":"ImageObject","inLanguage":"ro-RO","@id":"https:\/\/promis.ro\/product\/rosiuk\/#primaryimage","url":"https:\/\/promis.ro\/wp-content\/uploads\/2025\/11\/21798-W-1.jpg","contentUrl":"https:\/\/promis.ro\/wp-content\/uploads\/2025\/11\/21798-W-1.jpg","width":1080,"height":1080},{"@type":"BreadcrumbList","@id":"https:\/\/promis.ro\/product\/rosiuk\/#breadcrumb","itemListElement":[{"@type":"ListItem","position":1,"name":"Home","item":"https:\/\/promis.ro\/"},{"@type":"ListItem","position":2,"name":"Magazin","item":"https:\/\/promis.ro\/magazin\/"},{"@type":"ListItem","position":3,"name":"Rosiuk"}]},{"@type":"WebSite","@id":"https:\/\/promis.ro\/#website","url":"https:\/\/promis.ro\/","name":"Promis.ro","description":"","potentialAction":[{"@type":"SearchAction","target":{"@type":"EntryPoint","urlTemplate":"https:\/\/promis.ro\/?s={search_term_string}"},"query-input":{"@type":"PropertyValueSpecification","valueRequired":true,"valueName":"search_term_string"}}],"inLanguage":"ro-RO"}]}},"_links":{"self":[{"href":"https:\/\/promis.ro\/ro\/wp-json\/wp\/v2\/product\/96232","targetHints":{"allow":["GET"]}}],"collection":[{"href":"https:\/\/promis.ro\/ro\/wp-json\/wp\/v2\/product"}],"about":[{"href":"https:\/\/promis.ro\/ro\/wp-json\/wp\/v2\/types\/product"}],"replies":[{"embeddable":true,"href":"https:\/\/promis.ro\/ro\/wp-json\/wp\/v2\/comments?post=96232"}],"version-history":[{"count":1,"href":"https:\/\/promis.ro\/ro\/wp-json\/wp\/v2\/product\/96232\/revisions"}],"predecessor-version":[{"id":112434,"href":"https:\/\/promis.ro\/ro\/wp-json\/wp\/v2\/product\/96232\/revisions\/112434"}],"wp:featuredmedia":[{"embeddable":true,"href":"https:\/\/promis.ro\/ro\/wp-json\/wp\/v2\/media\/140219"}],"wp:attachment":[{"href":"https:\/\/promis.ro\/ro\/wp-json\/wp\/v2\/media?parent=96232"}],"wp:term":[{"taxonomy":"product_brand","embeddable":true,"href":"https:\/\/promis.ro\/ro\/wp-json\/wp\/v2\/product_brand?post=96232"},{"taxonomy":"product_cat","embeddable":true,"href":"https:\/\/promis.ro\/ro\/wp-json\/wp\/v2\/product_cat?post=96232"},{"taxonomy":"product_tag","embeddable":true,"href":"https:\/\/promis.ro\/ro\/wp-json\/wp\/v2\/product_tag?post=96232"}],"curies":[{"name":"wp","href":"https:\/\/api.w.org\/{rel}","templated":true}]}}