{"id":96233,"date":"2025-11-04T23:31:26","date_gmt":"2025-11-04T23:31:26","guid":{"rendered":"https:\/\/promis.ro\/product\/meryen\/"},"modified":"2025-11-11T17:42:53","modified_gmt":"2025-11-11T17:42:53","slug":"meryen","status":"publish","type":"product","link":"https:\/\/promis.ro\/ro\/produs\/meryen\/","title":{"rendered":"Meryen"},"content":{"rendered":"<p>Pix cu bil\u0103 fabricat din fibr\u0103 de cafea. Mecanism cu buton de ap\u0103sare \u0219i cerneal\u0103 albastr\u0103. Include o etichet\u0103 din fibr\u0103 de cafea. Fibr\u0103 de cafea este o solu\u021bie circular\u0103 ob\u021binut\u0103 din utilizarea de\u0219eurilor produse \u00een timpul proces\u0103rii cafelei. O alternativ\u0103 durabil\u0103 care ajut\u0103 la reducerea utiliz\u0103rii plasticului, economisind energie \u00een procesul s\u0103u de fabrica\u021bie \u0219i contribuind la protec\u021bia mediului.<\/p>","protected":false},"excerpt":{"rendered":"<p>Pix cu bil\u0103 fabricat din fibr\u0103 de cafea. Mecanism cu buton de ap\u0103sare \u0219i cerneal\u0103 albastr\u0103. Include o etichet\u0103 din<\/p>","protected":false},"featured_media":140223,"comment_status":"open","ping_status":"closed","template":"","meta":[],"product_brand":[],"product_cat":[175],"product_tag":[],"class_list":{"0":"post-96233","1":"product","2":"type-product","3":"status-publish","4":"has-post-thumbnail","6":"product_cat-scris","8":"first","9":"instock","10":"shipping-taxable","11":"purchasable","12":"product-type-simple"},"yoast_head":"<!-- This site is optimized with the Yoast SEO plugin v27.4 - https:\/\/yoast.com\/product\/yoast-seo-wordpress\/ -->\n<title>Meryen - Promis.ro<\/title>\n<meta name=\"description\" content=\"Pix cu bil\u0103 fabricat din fibr\u0103 de cafea. Mecanism cu buton de ap\u0103sare \u0219i cerneal\u0103 albastr\u0103. Include o etichet\u0103 din fibr\u0103 de cafea. Fibr\u0103 de cafea este o\" \/>\n<meta name=\"robots\" content=\"index, follow, max-snippet:-1, max-image-preview:large, max-video-preview:-1\" \/>\n<link rel=\"canonical\" href=\"https:\/\/promis.ro\/ro\/produs\/meryen\/\" \/>\n<meta property=\"og:locale\" content=\"ro_RO\" \/>\n<meta property=\"og:type\" content=\"article\" \/>\n<meta property=\"og:title\" content=\"Meryen - Promis.ro\" \/>\n<meta property=\"og:description\" content=\"Pix cu bil\u0103 fabricat din fibr\u0103 de cafea. Mecanism cu buton de ap\u0103sare \u0219i cerneal\u0103 albastr\u0103. Include o etichet\u0103 din fibr\u0103 de cafea. Fibr\u0103 de cafea este o\" \/>\n<meta property=\"og:url\" content=\"https:\/\/promis.ro\/ro\/produs\/meryen\/\" \/>\n<meta property=\"og:site_name\" content=\"Promis.ro\" \/>\n<meta property=\"article:modified_time\" content=\"2025-11-11T17:42:53+00:00\" \/>\n<meta property=\"og:image\" content=\"https:\/\/promis.ro\/wp-content\/uploads\/2025\/11\/21799-W-1.jpg\" \/>\n\t<meta property=\"og:image:width\" content=\"1080\" \/>\n\t<meta property=\"og:image:height\" content=\"1080\" \/>\n\t<meta property=\"og:image:type\" content=\"image\/jpeg\" \/>\n<meta name=\"twitter:card\" content=\"summary_large_image\" \/>\n<script type=\"application\/ld+json\" class=\"yoast-schema-graph\">{\"@context\":\"https:\\\/\\\/schema.org\",\"@graph\":[{\"@type\":\"WebPage\",\"@id\":\"https:\\\/\\\/promis.ro\\\/product\\\/meryen\\\/\",\"url\":\"https:\\\/\\\/promis.ro\\\/product\\\/meryen\\\/\",\"name\":\"Meryen - Promis.ro\",\"isPartOf\":{\"@id\":\"https:\\\/\\\/promis.ro\\\/#website\"},\"primaryImageOfPage\":{\"@id\":\"https:\\\/\\\/promis.ro\\\/product\\\/meryen\\\/#primaryimage\"},\"image\":{\"@id\":\"https:\\\/\\\/promis.ro\\\/product\\\/meryen\\\/#primaryimage\"},\"thumbnailUrl\":\"https:\\\/\\\/promis.ro\\\/wp-content\\\/uploads\\\/2025\\\/11\\\/21799-W-1.jpg\",\"datePublished\":\"2025-11-04T23:31:26+00:00\",\"dateModified\":\"2025-11-11T17:42:53+00:00\",\"description\":\"Pix cu bil\u0103 fabricat din fibr\u0103 de cafea. Mecanism cu buton de ap\u0103sare \u0219i cerneal\u0103 albastr\u0103. Include o etichet\u0103 din fibr\u0103 de cafea. Fibr\u0103 de cafea este o\",\"breadcrumb\":{\"@id\":\"https:\\\/\\\/promis.ro\\\/product\\\/meryen\\\/#breadcrumb\"},\"inLanguage\":\"ro-RO\",\"potentialAction\":[{\"@type\":\"ReadAction\",\"target\":[\"https:\\\/\\\/promis.ro\\\/product\\\/meryen\\\/\"]}]},{\"@type\":\"ImageObject\",\"inLanguage\":\"ro-RO\",\"@id\":\"https:\\\/\\\/promis.ro\\\/product\\\/meryen\\\/#primaryimage\",\"url\":\"https:\\\/\\\/promis.ro\\\/wp-content\\\/uploads\\\/2025\\\/11\\\/21799-W-1.jpg\",\"contentUrl\":\"https:\\\/\\\/promis.ro\\\/wp-content\\\/uploads\\\/2025\\\/11\\\/21799-W-1.jpg\",\"width\":1080,\"height\":1080},{\"@type\":\"BreadcrumbList\",\"@id\":\"https:\\\/\\\/promis.ro\\\/product\\\/meryen\\\/#breadcrumb\",\"itemListElement\":[{\"@type\":\"ListItem\",\"position\":1,\"name\":\"Home\",\"item\":\"https:\\\/\\\/promis.ro\\\/\"},{\"@type\":\"ListItem\",\"position\":2,\"name\":\"Magazin\",\"item\":\"https:\\\/\\\/promis.ro\\\/magazin\\\/\"},{\"@type\":\"ListItem\",\"position\":3,\"name\":\"Meryen\"}]},{\"@type\":\"WebSite\",\"@id\":\"https:\\\/\\\/promis.ro\\\/#website\",\"url\":\"https:\\\/\\\/promis.ro\\\/\",\"name\":\"Promis.ro\",\"description\":\"\",\"potentialAction\":[{\"@type\":\"SearchAction\",\"target\":{\"@type\":\"EntryPoint\",\"urlTemplate\":\"https:\\\/\\\/promis.ro\\\/?s={search_term_string}\"},\"query-input\":{\"@type\":\"PropertyValueSpecification\",\"valueRequired\":true,\"valueName\":\"search_term_string\"}}],\"inLanguage\":\"ro-RO\"}]}<\/script>\n<!-- \/ Yoast SEO plugin. -->","yoast_head_json":{"title":"Meryen - Promis.ro","description":"Pix cu bil\u0103 fabricat din fibr\u0103 de cafea. Mecanism cu buton de ap\u0103sare \u0219i cerneal\u0103 albastr\u0103. Include o etichet\u0103 din fibr\u0103 de cafea. Fibr\u0103 de cafea este o","robots":{"index":"index","follow":"follow","max-snippet":"max-snippet:-1","max-image-preview":"max-image-preview:large","max-video-preview":"max-video-preview:-1"},"canonical":"https:\/\/promis.ro\/ro\/produs\/meryen\/","og_locale":"ro_RO","og_type":"article","og_title":"Meryen - Promis.ro","og_description":"Pix cu bil\u0103 fabricat din fibr\u0103 de cafea. Mecanism cu buton de ap\u0103sare \u0219i cerneal\u0103 albastr\u0103. Include o etichet\u0103 din fibr\u0103 de cafea. Fibr\u0103 de cafea este o","og_url":"https:\/\/promis.ro\/ro\/produs\/meryen\/","og_site_name":"Promis.ro","article_modified_time":"2025-11-11T17:42:53+00:00","og_image":[{"width":1080,"height":1080,"url":"https:\/\/promis.ro\/wp-content\/uploads\/2025\/11\/21799-W-1.jpg","type":"image\/jpeg"}],"twitter_card":"summary_large_image","schema":{"@context":"https:\/\/schema.org","@graph":[{"@type":"WebPage","@id":"https:\/\/promis.ro\/product\/meryen\/","url":"https:\/\/promis.ro\/product\/meryen\/","name":"Meryen - Promis.ro","isPartOf":{"@id":"https:\/\/promis.ro\/#website"},"primaryImageOfPage":{"@id":"https:\/\/promis.ro\/product\/meryen\/#primaryimage"},"image":{"@id":"https:\/\/promis.ro\/product\/meryen\/#primaryimage"},"thumbnailUrl":"https:\/\/promis.ro\/wp-content\/uploads\/2025\/11\/21799-W-1.jpg","datePublished":"2025-11-04T23:31:26+00:00","dateModified":"2025-11-11T17:42:53+00:00","description":"Pix cu bil\u0103 fabricat din fibr\u0103 de cafea. Mecanism cu buton de ap\u0103sare \u0219i cerneal\u0103 albastr\u0103. Include o etichet\u0103 din fibr\u0103 de cafea. Fibr\u0103 de cafea este o","breadcrumb":{"@id":"https:\/\/promis.ro\/product\/meryen\/#breadcrumb"},"inLanguage":"ro-RO","potentialAction":[{"@type":"ReadAction","target":["https:\/\/promis.ro\/product\/meryen\/"]}]},{"@type":"ImageObject","inLanguage":"ro-RO","@id":"https:\/\/promis.ro\/product\/meryen\/#primaryimage","url":"https:\/\/promis.ro\/wp-content\/uploads\/2025\/11\/21799-W-1.jpg","contentUrl":"https:\/\/promis.ro\/wp-content\/uploads\/2025\/11\/21799-W-1.jpg","width":1080,"height":1080},{"@type":"BreadcrumbList","@id":"https:\/\/promis.ro\/product\/meryen\/#breadcrumb","itemListElement":[{"@type":"ListItem","position":1,"name":"Home","item":"https:\/\/promis.ro\/"},{"@type":"ListItem","position":2,"name":"Magazin","item":"https:\/\/promis.ro\/magazin\/"},{"@type":"ListItem","position":3,"name":"Meryen"}]},{"@type":"WebSite","@id":"https:\/\/promis.ro\/#website","url":"https:\/\/promis.ro\/","name":"Promis.ro","description":"","potentialAction":[{"@type":"SearchAction","target":{"@type":"EntryPoint","urlTemplate":"https:\/\/promis.ro\/?s={search_term_string}"},"query-input":{"@type":"PropertyValueSpecification","valueRequired":true,"valueName":"search_term_string"}}],"inLanguage":"ro-RO"}]}},"_links":{"self":[{"href":"https:\/\/promis.ro\/ro\/wp-json\/wp\/v2\/product\/96233","targetHints":{"allow":["GET"]}}],"collection":[{"href":"https:\/\/promis.ro\/ro\/wp-json\/wp\/v2\/product"}],"about":[{"href":"https:\/\/promis.ro\/ro\/wp-json\/wp\/v2\/types\/product"}],"replies":[{"embeddable":true,"href":"https:\/\/promis.ro\/ro\/wp-json\/wp\/v2\/comments?post=96233"}],"version-history":[{"count":1,"href":"https:\/\/promis.ro\/ro\/wp-json\/wp\/v2\/product\/96233\/revisions"}],"predecessor-version":[{"id":112438,"href":"https:\/\/promis.ro\/ro\/wp-json\/wp\/v2\/product\/96233\/revisions\/112438"}],"wp:featuredmedia":[{"embeddable":true,"href":"https:\/\/promis.ro\/ro\/wp-json\/wp\/v2\/media\/140223"}],"wp:attachment":[{"href":"https:\/\/promis.ro\/ro\/wp-json\/wp\/v2\/media?parent=96233"}],"wp:term":[{"taxonomy":"product_brand","embeddable":true,"href":"https:\/\/promis.ro\/ro\/wp-json\/wp\/v2\/product_brand?post=96233"},{"taxonomy":"product_cat","embeddable":true,"href":"https:\/\/promis.ro\/ro\/wp-json\/wp\/v2\/product_cat?post=96233"},{"taxonomy":"product_tag","embeddable":true,"href":"https:\/\/promis.ro\/ro\/wp-json\/wp\/v2\/product_tag?post=96233"}],"curies":[{"name":"wp","href":"https:\/\/api.w.org\/{rel}","templated":true}]}}