{"id":96237,"date":"2025-11-04T23:31:28","date_gmt":"2025-11-04T23:31:28","guid":{"rendered":"https:\/\/promis.ro\/product\/chermel\/"},"modified":"2025-11-11T17:45:10","modified_gmt":"2025-11-11T17:45:10","slug":"chermel","status":"publish","type":"product","link":"https:\/\/promis.ro\/ro\/produs\/chermel\/","title":{"rendered":"Chermel"},"content":{"rendered":"<p>Rucsac pliabil din poliester moale RPET Ripstop 210D. Compartiment principal cu \u00eenchidere cu \u0219nur dublu, buzunar interior cu func\u021bie dubl\u0103 \u0219i buzunar frontal cu \u00eenchidere cu clips. Col\u021buri \u00eent\u0103rite cu plas\u0103, bretele ajustabile \u0219i accesorii gri. Dimensiune mic\u0103 c\u00e2nd este pliat, cu un m\u00e2ner de transport. Emblema RPET pe etichet\u0103. Materialul RPET este fabricat din plastic reciclat, promov\u00e2nd reutilizarea de\u0219eurilor de plastic \u0219i contribuind la sus\u021binerea planetei.<\/p>","protected":false},"excerpt":{"rendered":"<p>Rucsac pliabil din poliester moale RPET Ripstop 210D. Compartiment principal cu \u00eenchidere cu \u0219nur dublu, buzunar interior cu func\u021bie dubl\u0103<\/p>","protected":false},"featured_media":140238,"comment_status":"open","ping_status":"closed","template":"","meta":[],"product_brand":[],"product_cat":[169],"product_tag":[],"class_list":{"0":"post-96237","1":"product","2":"type-product","3":"status-publish","4":"has-post-thumbnail","6":"product_cat-ghiozdane","8":"first","9":"instock","10":"shipping-taxable","11":"purchasable","12":"product-type-variable"},"yoast_head":"<!-- This site is optimized with the Yoast SEO plugin v27.4 - https:\/\/yoast.com\/product\/yoast-seo-wordpress\/ -->\n<title>Chermel - Promis.ro<\/title>\n<meta name=\"description\" content=\"Rucsac pliabil din poliester moale RPET Ripstop 210D. Compartiment principal cu \u00eenchidere cu \u0219nur dublu, buzunar interior cu func\u021bie dubl\u0103 \u0219i buzunar\" \/>\n<meta name=\"robots\" content=\"index, follow, max-snippet:-1, max-image-preview:large, max-video-preview:-1\" \/>\n<link rel=\"canonical\" href=\"https:\/\/promis.ro\/ro\/produs\/chermel\/\" \/>\n<meta property=\"og:locale\" content=\"ro_RO\" \/>\n<meta property=\"og:type\" content=\"article\" \/>\n<meta property=\"og:title\" content=\"Chermel - Promis.ro\" \/>\n<meta property=\"og:description\" content=\"Rucsac pliabil din poliester moale RPET Ripstop 210D. Compartiment principal cu \u00eenchidere cu \u0219nur dublu, buzunar interior cu func\u021bie dubl\u0103 \u0219i buzunar\" \/>\n<meta property=\"og:url\" content=\"https:\/\/promis.ro\/ro\/produs\/chermel\/\" \/>\n<meta property=\"og:site_name\" content=\"Promis.ro\" \/>\n<meta property=\"article:modified_time\" content=\"2025-11-11T17:45:10+00:00\" \/>\n<meta property=\"og:image\" content=\"https:\/\/promis.ro\/wp-content\/uploads\/2025\/11\/21804-W-1.jpg\" \/>\n\t<meta property=\"og:image:width\" content=\"1080\" \/>\n\t<meta property=\"og:image:height\" content=\"1080\" \/>\n\t<meta property=\"og:image:type\" content=\"image\/jpeg\" \/>\n<meta name=\"twitter:card\" content=\"summary_large_image\" \/>\n<script type=\"application\/ld+json\" class=\"yoast-schema-graph\">{\"@context\":\"https:\\\/\\\/schema.org\",\"@graph\":[{\"@type\":\"WebPage\",\"@id\":\"https:\\\/\\\/promis.ro\\\/product\\\/chermel\\\/\",\"url\":\"https:\\\/\\\/promis.ro\\\/product\\\/chermel\\\/\",\"name\":\"Chermel - Promis.ro\",\"isPartOf\":{\"@id\":\"https:\\\/\\\/promis.ro\\\/#website\"},\"primaryImageOfPage\":{\"@id\":\"https:\\\/\\\/promis.ro\\\/product\\\/chermel\\\/#primaryimage\"},\"image\":{\"@id\":\"https:\\\/\\\/promis.ro\\\/product\\\/chermel\\\/#primaryimage\"},\"thumbnailUrl\":\"https:\\\/\\\/promis.ro\\\/wp-content\\\/uploads\\\/2025\\\/11\\\/21804-W-1.jpg\",\"datePublished\":\"2025-11-04T23:31:28+00:00\",\"dateModified\":\"2025-11-11T17:45:10+00:00\",\"description\":\"Rucsac pliabil din poliester moale RPET Ripstop 210D. Compartiment principal cu \u00eenchidere cu \u0219nur dublu, buzunar interior cu func\u021bie dubl\u0103 \u0219i buzunar\",\"breadcrumb\":{\"@id\":\"https:\\\/\\\/promis.ro\\\/product\\\/chermel\\\/#breadcrumb\"},\"inLanguage\":\"ro-RO\",\"potentialAction\":[{\"@type\":\"ReadAction\",\"target\":[\"https:\\\/\\\/promis.ro\\\/product\\\/chermel\\\/\"]}]},{\"@type\":\"ImageObject\",\"inLanguage\":\"ro-RO\",\"@id\":\"https:\\\/\\\/promis.ro\\\/product\\\/chermel\\\/#primaryimage\",\"url\":\"https:\\\/\\\/promis.ro\\\/wp-content\\\/uploads\\\/2025\\\/11\\\/21804-W-1.jpg\",\"contentUrl\":\"https:\\\/\\\/promis.ro\\\/wp-content\\\/uploads\\\/2025\\\/11\\\/21804-W-1.jpg\",\"width\":1080,\"height\":1080},{\"@type\":\"BreadcrumbList\",\"@id\":\"https:\\\/\\\/promis.ro\\\/product\\\/chermel\\\/#breadcrumb\",\"itemListElement\":[{\"@type\":\"ListItem\",\"position\":1,\"name\":\"Home\",\"item\":\"https:\\\/\\\/promis.ro\\\/\"},{\"@type\":\"ListItem\",\"position\":2,\"name\":\"Magazin\",\"item\":\"https:\\\/\\\/promis.ro\\\/magazin\\\/\"},{\"@type\":\"ListItem\",\"position\":3,\"name\":\"Chermel\"}]},{\"@type\":\"WebSite\",\"@id\":\"https:\\\/\\\/promis.ro\\\/#website\",\"url\":\"https:\\\/\\\/promis.ro\\\/\",\"name\":\"Promis.ro\",\"description\":\"\",\"potentialAction\":[{\"@type\":\"SearchAction\",\"target\":{\"@type\":\"EntryPoint\",\"urlTemplate\":\"https:\\\/\\\/promis.ro\\\/?s={search_term_string}\"},\"query-input\":{\"@type\":\"PropertyValueSpecification\",\"valueRequired\":true,\"valueName\":\"search_term_string\"}}],\"inLanguage\":\"ro-RO\"}]}<\/script>\n<!-- \/ Yoast SEO plugin. -->","yoast_head_json":{"title":"Chermel - Promis.ro","description":"Rucsac pliabil din poliester moale RPET Ripstop 210D. Compartiment principal cu \u00eenchidere cu \u0219nur dublu, buzunar interior cu func\u021bie dubl\u0103 \u0219i buzunar","robots":{"index":"index","follow":"follow","max-snippet":"max-snippet:-1","max-image-preview":"max-image-preview:large","max-video-preview":"max-video-preview:-1"},"canonical":"https:\/\/promis.ro\/ro\/produs\/chermel\/","og_locale":"ro_RO","og_type":"article","og_title":"Chermel - Promis.ro","og_description":"Rucsac pliabil din poliester moale RPET Ripstop 210D. Compartiment principal cu \u00eenchidere cu \u0219nur dublu, buzunar interior cu func\u021bie dubl\u0103 \u0219i buzunar","og_url":"https:\/\/promis.ro\/ro\/produs\/chermel\/","og_site_name":"Promis.ro","article_modified_time":"2025-11-11T17:45:10+00:00","og_image":[{"width":1080,"height":1080,"url":"https:\/\/promis.ro\/wp-content\/uploads\/2025\/11\/21804-W-1.jpg","type":"image\/jpeg"}],"twitter_card":"summary_large_image","schema":{"@context":"https:\/\/schema.org","@graph":[{"@type":"WebPage","@id":"https:\/\/promis.ro\/product\/chermel\/","url":"https:\/\/promis.ro\/product\/chermel\/","name":"Chermel - Promis.ro","isPartOf":{"@id":"https:\/\/promis.ro\/#website"},"primaryImageOfPage":{"@id":"https:\/\/promis.ro\/product\/chermel\/#primaryimage"},"image":{"@id":"https:\/\/promis.ro\/product\/chermel\/#primaryimage"},"thumbnailUrl":"https:\/\/promis.ro\/wp-content\/uploads\/2025\/11\/21804-W-1.jpg","datePublished":"2025-11-04T23:31:28+00:00","dateModified":"2025-11-11T17:45:10+00:00","description":"Rucsac pliabil din poliester moale RPET Ripstop 210D. Compartiment principal cu \u00eenchidere cu \u0219nur dublu, buzunar interior cu func\u021bie dubl\u0103 \u0219i buzunar","breadcrumb":{"@id":"https:\/\/promis.ro\/product\/chermel\/#breadcrumb"},"inLanguage":"ro-RO","potentialAction":[{"@type":"ReadAction","target":["https:\/\/promis.ro\/product\/chermel\/"]}]},{"@type":"ImageObject","inLanguage":"ro-RO","@id":"https:\/\/promis.ro\/product\/chermel\/#primaryimage","url":"https:\/\/promis.ro\/wp-content\/uploads\/2025\/11\/21804-W-1.jpg","contentUrl":"https:\/\/promis.ro\/wp-content\/uploads\/2025\/11\/21804-W-1.jpg","width":1080,"height":1080},{"@type":"BreadcrumbList","@id":"https:\/\/promis.ro\/product\/chermel\/#breadcrumb","itemListElement":[{"@type":"ListItem","position":1,"name":"Home","item":"https:\/\/promis.ro\/"},{"@type":"ListItem","position":2,"name":"Magazin","item":"https:\/\/promis.ro\/magazin\/"},{"@type":"ListItem","position":3,"name":"Chermel"}]},{"@type":"WebSite","@id":"https:\/\/promis.ro\/#website","url":"https:\/\/promis.ro\/","name":"Promis.ro","description":"","potentialAction":[{"@type":"SearchAction","target":{"@type":"EntryPoint","urlTemplate":"https:\/\/promis.ro\/?s={search_term_string}"},"query-input":{"@type":"PropertyValueSpecification","valueRequired":true,"valueName":"search_term_string"}}],"inLanguage":"ro-RO"}]}},"_links":{"self":[{"href":"https:\/\/promis.ro\/ro\/wp-json\/wp\/v2\/product\/96237","targetHints":{"allow":["GET"]}}],"collection":[{"href":"https:\/\/promis.ro\/ro\/wp-json\/wp\/v2\/product"}],"about":[{"href":"https:\/\/promis.ro\/ro\/wp-json\/wp\/v2\/types\/product"}],"replies":[{"embeddable":true,"href":"https:\/\/promis.ro\/ro\/wp-json\/wp\/v2\/comments?post=96237"}],"version-history":[{"count":1,"href":"https:\/\/promis.ro\/ro\/wp-json\/wp\/v2\/product\/96237\/revisions"}],"predecessor-version":[{"id":112444,"href":"https:\/\/promis.ro\/ro\/wp-json\/wp\/v2\/product\/96237\/revisions\/112444"}],"wp:featuredmedia":[{"embeddable":true,"href":"https:\/\/promis.ro\/ro\/wp-json\/wp\/v2\/media\/140238"}],"wp:attachment":[{"href":"https:\/\/promis.ro\/ro\/wp-json\/wp\/v2\/media?parent=96237"}],"wp:term":[{"taxonomy":"product_brand","embeddable":true,"href":"https:\/\/promis.ro\/ro\/wp-json\/wp\/v2\/product_brand?post=96237"},{"taxonomy":"product_cat","embeddable":true,"href":"https:\/\/promis.ro\/ro\/wp-json\/wp\/v2\/product_cat?post=96237"},{"taxonomy":"product_tag","embeddable":true,"href":"https:\/\/promis.ro\/ro\/wp-json\/wp\/v2\/product_tag?post=96237"}],"curies":[{"name":"wp","href":"https:\/\/api.w.org\/{rel}","templated":true}]}}