{"id":96248,"date":"2025-11-04T23:31:35","date_gmt":"2025-11-04T23:31:35","guid":{"rendered":"https:\/\/promis.ro\/product\/pinnex-1-l\/"},"modified":"2025-11-11T17:43:49","modified_gmt":"2025-11-11T17:43:49","slug":"pinnex-1-l","status":"publish","type":"product","link":"https:\/\/promis.ro\/ro\/produs\/pinnex-1-l\/","title":{"rendered":"Pinnex 1 L"},"content":{"rendered":"<p>Can\u0103 de m\u0103surare de 1L fabricat\u0103 \u00een principal din PP transparent rezistent, cu un m\u00e2ner. Cu m\u0103sur\u0103tori laterale \u00een pa\u0219i de 100 ml \u0219i 50 ml. Include un cioc pe margine pentru a preveni v\u0103rs\u0103rile.<\/p>","protected":false},"excerpt":{"rendered":"<p>Can\u0103 de m\u0103surare de 1L fabricat\u0103 \u00een principal din PP transparent rezistent, cu un m\u00e2ner. Cu m\u0103sur\u0103tori laterale \u00een pa\u0219i<\/p>","protected":false},"featured_media":140274,"comment_status":"open","ping_status":"closed","template":"","meta":[],"product_brand":[],"product_cat":[185],"product_tag":[],"class_list":{"0":"post-96248","1":"product","2":"type-product","3":"status-publish","4":"has-post-thumbnail","6":"product_cat-agricultura","8":"first","9":"instock","10":"shipping-taxable","11":"purchasable","12":"product-type-simple"},"yoast_head":"<!-- This site is optimized with the Yoast SEO plugin v27.4 - https:\/\/yoast.com\/product\/yoast-seo-wordpress\/ -->\n<title>Pinnex 1 L - Promis.ro<\/title>\n<meta name=\"description\" content=\"Can\u0103 de m\u0103surare de 1L fabricat\u0103 \u00een principal din PP transparent rezistent, cu un m\u00e2ner. Cu m\u0103sur\u0103tori laterale \u00een pa\u0219i de 100 ml \u0219i 50 ml. Include un\" \/>\n<meta name=\"robots\" content=\"index, follow, max-snippet:-1, max-image-preview:large, max-video-preview:-1\" \/>\n<link rel=\"canonical\" href=\"https:\/\/promis.ro\/ro\/produs\/pinnex-1-l\/\" \/>\n<meta property=\"og:locale\" content=\"ro_RO\" \/>\n<meta property=\"og:type\" content=\"article\" \/>\n<meta property=\"og:title\" content=\"Pinnex 1 L - Promis.ro\" \/>\n<meta property=\"og:description\" content=\"Can\u0103 de m\u0103surare de 1L fabricat\u0103 \u00een principal din PP transparent rezistent, cu un m\u00e2ner. Cu m\u0103sur\u0103tori laterale \u00een pa\u0219i de 100 ml \u0219i 50 ml. Include un\" \/>\n<meta property=\"og:url\" content=\"https:\/\/promis.ro\/ro\/produs\/pinnex-1-l\/\" \/>\n<meta property=\"og:site_name\" content=\"Promis.ro\" \/>\n<meta property=\"article:modified_time\" content=\"2025-11-11T17:43:49+00:00\" \/>\n<meta property=\"og:image\" content=\"https:\/\/promis.ro\/wp-content\/uploads\/2025\/11\/21817-W-1.jpg\" \/>\n\t<meta property=\"og:image:width\" content=\"1080\" \/>\n\t<meta property=\"og:image:height\" content=\"1080\" \/>\n\t<meta property=\"og:image:type\" content=\"image\/jpeg\" \/>\n<meta name=\"twitter:card\" content=\"summary_large_image\" \/>\n<script type=\"application\/ld+json\" class=\"yoast-schema-graph\">{\"@context\":\"https:\\\/\\\/schema.org\",\"@graph\":[{\"@type\":\"WebPage\",\"@id\":\"https:\\\/\\\/promis.ro\\\/product\\\/pinnex-1-l\\\/\",\"url\":\"https:\\\/\\\/promis.ro\\\/product\\\/pinnex-1-l\\\/\",\"name\":\"Pinnex 1 L - Promis.ro\",\"isPartOf\":{\"@id\":\"https:\\\/\\\/promis.ro\\\/#website\"},\"primaryImageOfPage\":{\"@id\":\"https:\\\/\\\/promis.ro\\\/product\\\/pinnex-1-l\\\/#primaryimage\"},\"image\":{\"@id\":\"https:\\\/\\\/promis.ro\\\/product\\\/pinnex-1-l\\\/#primaryimage\"},\"thumbnailUrl\":\"https:\\\/\\\/promis.ro\\\/wp-content\\\/uploads\\\/2025\\\/11\\\/21817-W-1.jpg\",\"datePublished\":\"2025-11-04T23:31:35+00:00\",\"dateModified\":\"2025-11-11T17:43:49+00:00\",\"description\":\"Can\u0103 de m\u0103surare de 1L fabricat\u0103 \u00een principal din PP transparent rezistent, cu un m\u00e2ner. Cu m\u0103sur\u0103tori laterale \u00een pa\u0219i de 100 ml \u0219i 50 ml. Include un\",\"breadcrumb\":{\"@id\":\"https:\\\/\\\/promis.ro\\\/product\\\/pinnex-1-l\\\/#breadcrumb\"},\"inLanguage\":\"ro-RO\",\"potentialAction\":[{\"@type\":\"ReadAction\",\"target\":[\"https:\\\/\\\/promis.ro\\\/product\\\/pinnex-1-l\\\/\"]}]},{\"@type\":\"ImageObject\",\"inLanguage\":\"ro-RO\",\"@id\":\"https:\\\/\\\/promis.ro\\\/product\\\/pinnex-1-l\\\/#primaryimage\",\"url\":\"https:\\\/\\\/promis.ro\\\/wp-content\\\/uploads\\\/2025\\\/11\\\/21817-W-1.jpg\",\"contentUrl\":\"https:\\\/\\\/promis.ro\\\/wp-content\\\/uploads\\\/2025\\\/11\\\/21817-W-1.jpg\",\"width\":1080,\"height\":1080},{\"@type\":\"BreadcrumbList\",\"@id\":\"https:\\\/\\\/promis.ro\\\/product\\\/pinnex-1-l\\\/#breadcrumb\",\"itemListElement\":[{\"@type\":\"ListItem\",\"position\":1,\"name\":\"Home\",\"item\":\"https:\\\/\\\/promis.ro\\\/\"},{\"@type\":\"ListItem\",\"position\":2,\"name\":\"Magazin\",\"item\":\"https:\\\/\\\/promis.ro\\\/magazin\\\/\"},{\"@type\":\"ListItem\",\"position\":3,\"name\":\"Pinnex 1 L\"}]},{\"@type\":\"WebSite\",\"@id\":\"https:\\\/\\\/promis.ro\\\/#website\",\"url\":\"https:\\\/\\\/promis.ro\\\/\",\"name\":\"Promis.ro\",\"description\":\"\",\"potentialAction\":[{\"@type\":\"SearchAction\",\"target\":{\"@type\":\"EntryPoint\",\"urlTemplate\":\"https:\\\/\\\/promis.ro\\\/?s={search_term_string}\"},\"query-input\":{\"@type\":\"PropertyValueSpecification\",\"valueRequired\":true,\"valueName\":\"search_term_string\"}}],\"inLanguage\":\"ro-RO\"}]}<\/script>\n<!-- \/ Yoast SEO plugin. -->","yoast_head_json":{"title":"Pinnex 1 L - Promis.ro","description":"Can\u0103 de m\u0103surare de 1L fabricat\u0103 \u00een principal din PP transparent rezistent, cu un m\u00e2ner. Cu m\u0103sur\u0103tori laterale \u00een pa\u0219i de 100 ml \u0219i 50 ml. Include un","robots":{"index":"index","follow":"follow","max-snippet":"max-snippet:-1","max-image-preview":"max-image-preview:large","max-video-preview":"max-video-preview:-1"},"canonical":"https:\/\/promis.ro\/ro\/produs\/pinnex-1-l\/","og_locale":"ro_RO","og_type":"article","og_title":"Pinnex 1 L - Promis.ro","og_description":"Can\u0103 de m\u0103surare de 1L fabricat\u0103 \u00een principal din PP transparent rezistent, cu un m\u00e2ner. Cu m\u0103sur\u0103tori laterale \u00een pa\u0219i de 100 ml \u0219i 50 ml. Include un","og_url":"https:\/\/promis.ro\/ro\/produs\/pinnex-1-l\/","og_site_name":"Promis.ro","article_modified_time":"2025-11-11T17:43:49+00:00","og_image":[{"width":1080,"height":1080,"url":"https:\/\/promis.ro\/wp-content\/uploads\/2025\/11\/21817-W-1.jpg","type":"image\/jpeg"}],"twitter_card":"summary_large_image","schema":{"@context":"https:\/\/schema.org","@graph":[{"@type":"WebPage","@id":"https:\/\/promis.ro\/product\/pinnex-1-l\/","url":"https:\/\/promis.ro\/product\/pinnex-1-l\/","name":"Pinnex 1 L - Promis.ro","isPartOf":{"@id":"https:\/\/promis.ro\/#website"},"primaryImageOfPage":{"@id":"https:\/\/promis.ro\/product\/pinnex-1-l\/#primaryimage"},"image":{"@id":"https:\/\/promis.ro\/product\/pinnex-1-l\/#primaryimage"},"thumbnailUrl":"https:\/\/promis.ro\/wp-content\/uploads\/2025\/11\/21817-W-1.jpg","datePublished":"2025-11-04T23:31:35+00:00","dateModified":"2025-11-11T17:43:49+00:00","description":"Can\u0103 de m\u0103surare de 1L fabricat\u0103 \u00een principal din PP transparent rezistent, cu un m\u00e2ner. Cu m\u0103sur\u0103tori laterale \u00een pa\u0219i de 100 ml \u0219i 50 ml. Include un","breadcrumb":{"@id":"https:\/\/promis.ro\/product\/pinnex-1-l\/#breadcrumb"},"inLanguage":"ro-RO","potentialAction":[{"@type":"ReadAction","target":["https:\/\/promis.ro\/product\/pinnex-1-l\/"]}]},{"@type":"ImageObject","inLanguage":"ro-RO","@id":"https:\/\/promis.ro\/product\/pinnex-1-l\/#primaryimage","url":"https:\/\/promis.ro\/wp-content\/uploads\/2025\/11\/21817-W-1.jpg","contentUrl":"https:\/\/promis.ro\/wp-content\/uploads\/2025\/11\/21817-W-1.jpg","width":1080,"height":1080},{"@type":"BreadcrumbList","@id":"https:\/\/promis.ro\/product\/pinnex-1-l\/#breadcrumb","itemListElement":[{"@type":"ListItem","position":1,"name":"Home","item":"https:\/\/promis.ro\/"},{"@type":"ListItem","position":2,"name":"Magazin","item":"https:\/\/promis.ro\/magazin\/"},{"@type":"ListItem","position":3,"name":"Pinnex 1 L"}]},{"@type":"WebSite","@id":"https:\/\/promis.ro\/#website","url":"https:\/\/promis.ro\/","name":"Promis.ro","description":"","potentialAction":[{"@type":"SearchAction","target":{"@type":"EntryPoint","urlTemplate":"https:\/\/promis.ro\/?s={search_term_string}"},"query-input":{"@type":"PropertyValueSpecification","valueRequired":true,"valueName":"search_term_string"}}],"inLanguage":"ro-RO"}]}},"_links":{"self":[{"href":"https:\/\/promis.ro\/ro\/wp-json\/wp\/v2\/product\/96248","targetHints":{"allow":["GET"]}}],"collection":[{"href":"https:\/\/promis.ro\/ro\/wp-json\/wp\/v2\/product"}],"about":[{"href":"https:\/\/promis.ro\/ro\/wp-json\/wp\/v2\/types\/product"}],"replies":[{"embeddable":true,"href":"https:\/\/promis.ro\/ro\/wp-json\/wp\/v2\/comments?post=96248"}],"version-history":[{"count":1,"href":"https:\/\/promis.ro\/ro\/wp-json\/wp\/v2\/product\/96248\/revisions"}],"predecessor-version":[{"id":112446,"href":"https:\/\/promis.ro\/ro\/wp-json\/wp\/v2\/product\/96248\/revisions\/112446"}],"wp:featuredmedia":[{"embeddable":true,"href":"https:\/\/promis.ro\/ro\/wp-json\/wp\/v2\/media\/140274"}],"wp:attachment":[{"href":"https:\/\/promis.ro\/ro\/wp-json\/wp\/v2\/media?parent=96248"}],"wp:term":[{"taxonomy":"product_brand","embeddable":true,"href":"https:\/\/promis.ro\/ro\/wp-json\/wp\/v2\/product_brand?post=96248"},{"taxonomy":"product_cat","embeddable":true,"href":"https:\/\/promis.ro\/ro\/wp-json\/wp\/v2\/product_cat?post=96248"},{"taxonomy":"product_tag","embeddable":true,"href":"https:\/\/promis.ro\/ro\/wp-json\/wp\/v2\/product_tag?post=96248"}],"curies":[{"name":"wp","href":"https:\/\/api.w.org\/{rel}","templated":true}]}}