{"id":96784,"date":"2025-11-04T23:35:46","date_gmt":"2025-11-04T23:35:46","guid":{"rendered":"https:\/\/promis.ro\/product\/gumex\/"},"modified":"2025-11-11T18:06:29","modified_gmt":"2025-11-11T18:06:29","slug":"gumex","status":"publish","type":"product","link":"https:\/\/promis.ro\/ro\/produs\/gumex\/","title":{"rendered":"Gumex"},"content":{"rendered":"<p>C\u0103\u0219ti in-ear cu design ergonomic \u0219i fixare ferm\u0103 care se adapteaz\u0103 \u00een jurul urechii, cu conexiune Bluetooth\u00ae 5.4. Include un capac cu capac \u0219i baterie integrat\u0103 de 200 mAh. C\u0103\u0219ti cu control tactil integrat \u0219i func\u021bie hands-free, ideale pentru apeluri \u0219i muzic\u0103. Re\u00eenc\u0103rcabile prin cablu Type C -inclus-.<\/p>","protected":false},"excerpt":{"rendered":"<p>C\u0103\u0219ti in-ear cu design ergonomic \u0219i fixare ferm\u0103 care se adapteaz\u0103 \u00een jurul urechii, cu conexiune Bluetooth\u00ae 5.4. Include un<\/p>","protected":false},"featured_media":142010,"comment_status":"open","ping_status":"closed","template":"","meta":[],"product_brand":[],"product_cat":[176],"product_tag":[],"class_list":{"0":"post-96784","1":"product","2":"type-product","3":"status-publish","4":"has-post-thumbnail","6":"product_cat-sport-si-aventura","8":"first","9":"instock","10":"shipping-taxable","11":"purchasable","12":"product-type-variable"},"yoast_head":"<!-- This site is optimized with the Yoast SEO plugin v27.4 - https:\/\/yoast.com\/product\/yoast-seo-wordpress\/ -->\n<title>Gumex - Promis.ro<\/title>\n<meta name=\"description\" content=\"C\u0103\u0219ti in-ear cu design ergonomic \u0219i fixare ferm\u0103 care se adapteaz\u0103 \u00een jurul urechii, cu conexiune Bluetooth\u00ae 5.4. Include un capac cu capac \u0219i baterie\" \/>\n<meta name=\"robots\" content=\"index, follow, max-snippet:-1, max-image-preview:large, max-video-preview:-1\" \/>\n<link rel=\"canonical\" href=\"https:\/\/promis.ro\/ro\/produs\/gumex\/\" \/>\n<meta property=\"og:locale\" content=\"ro_RO\" \/>\n<meta property=\"og:type\" content=\"article\" \/>\n<meta property=\"og:title\" content=\"Gumex - Promis.ro\" \/>\n<meta property=\"og:description\" content=\"C\u0103\u0219ti in-ear cu design ergonomic \u0219i fixare ferm\u0103 care se adapteaz\u0103 \u00een jurul urechii, cu conexiune Bluetooth\u00ae 5.4. Include un capac cu capac \u0219i baterie\" \/>\n<meta property=\"og:url\" content=\"https:\/\/promis.ro\/ro\/produs\/gumex\/\" \/>\n<meta property=\"og:site_name\" content=\"Promis.ro\" \/>\n<meta property=\"article:modified_time\" content=\"2025-11-11T18:06:29+00:00\" \/>\n<meta property=\"og:image\" content=\"https:\/\/promis.ro\/wp-content\/uploads\/2025\/11\/21938-W-1.jpg\" \/>\n\t<meta property=\"og:image:width\" content=\"1080\" \/>\n\t<meta property=\"og:image:height\" content=\"1080\" \/>\n\t<meta property=\"og:image:type\" content=\"image\/jpeg\" \/>\n<meta name=\"twitter:card\" content=\"summary_large_image\" \/>\n<script type=\"application\/ld+json\" class=\"yoast-schema-graph\">{\"@context\":\"https:\\\/\\\/schema.org\",\"@graph\":[{\"@type\":\"WebPage\",\"@id\":\"https:\\\/\\\/promis.ro\\\/product\\\/gumex\\\/\",\"url\":\"https:\\\/\\\/promis.ro\\\/product\\\/gumex\\\/\",\"name\":\"Gumex - Promis.ro\",\"isPartOf\":{\"@id\":\"https:\\\/\\\/promis.ro\\\/#website\"},\"primaryImageOfPage\":{\"@id\":\"https:\\\/\\\/promis.ro\\\/product\\\/gumex\\\/#primaryimage\"},\"image\":{\"@id\":\"https:\\\/\\\/promis.ro\\\/product\\\/gumex\\\/#primaryimage\"},\"thumbnailUrl\":\"https:\\\/\\\/promis.ro\\\/wp-content\\\/uploads\\\/2025\\\/11\\\/21938-W-1.jpg\",\"datePublished\":\"2025-11-04T23:35:46+00:00\",\"dateModified\":\"2025-11-11T18:06:29+00:00\",\"description\":\"C\u0103\u0219ti in-ear cu design ergonomic \u0219i fixare ferm\u0103 care se adapteaz\u0103 \u00een jurul urechii, cu conexiune Bluetooth\u00ae 5.4. Include un capac cu capac \u0219i baterie\",\"breadcrumb\":{\"@id\":\"https:\\\/\\\/promis.ro\\\/product\\\/gumex\\\/#breadcrumb\"},\"inLanguage\":\"ro-RO\",\"potentialAction\":[{\"@type\":\"ReadAction\",\"target\":[\"https:\\\/\\\/promis.ro\\\/product\\\/gumex\\\/\"]}]},{\"@type\":\"ImageObject\",\"inLanguage\":\"ro-RO\",\"@id\":\"https:\\\/\\\/promis.ro\\\/product\\\/gumex\\\/#primaryimage\",\"url\":\"https:\\\/\\\/promis.ro\\\/wp-content\\\/uploads\\\/2025\\\/11\\\/21938-W-1.jpg\",\"contentUrl\":\"https:\\\/\\\/promis.ro\\\/wp-content\\\/uploads\\\/2025\\\/11\\\/21938-W-1.jpg\",\"width\":1080,\"height\":1080},{\"@type\":\"BreadcrumbList\",\"@id\":\"https:\\\/\\\/promis.ro\\\/product\\\/gumex\\\/#breadcrumb\",\"itemListElement\":[{\"@type\":\"ListItem\",\"position\":1,\"name\":\"Home\",\"item\":\"https:\\\/\\\/promis.ro\\\/\"},{\"@type\":\"ListItem\",\"position\":2,\"name\":\"Magazin\",\"item\":\"https:\\\/\\\/promis.ro\\\/magazin\\\/\"},{\"@type\":\"ListItem\",\"position\":3,\"name\":\"Gumex\"}]},{\"@type\":\"WebSite\",\"@id\":\"https:\\\/\\\/promis.ro\\\/#website\",\"url\":\"https:\\\/\\\/promis.ro\\\/\",\"name\":\"Promis.ro\",\"description\":\"\",\"potentialAction\":[{\"@type\":\"SearchAction\",\"target\":{\"@type\":\"EntryPoint\",\"urlTemplate\":\"https:\\\/\\\/promis.ro\\\/?s={search_term_string}\"},\"query-input\":{\"@type\":\"PropertyValueSpecification\",\"valueRequired\":true,\"valueName\":\"search_term_string\"}}],\"inLanguage\":\"ro-RO\"}]}<\/script>\n<!-- \/ Yoast SEO plugin. -->","yoast_head_json":{"title":"Gumex - Promis.ro","description":"C\u0103\u0219ti in-ear cu design ergonomic \u0219i fixare ferm\u0103 care se adapteaz\u0103 \u00een jurul urechii, cu conexiune Bluetooth\u00ae 5.4. Include un capac cu capac \u0219i baterie","robots":{"index":"index","follow":"follow","max-snippet":"max-snippet:-1","max-image-preview":"max-image-preview:large","max-video-preview":"max-video-preview:-1"},"canonical":"https:\/\/promis.ro\/ro\/produs\/gumex\/","og_locale":"ro_RO","og_type":"article","og_title":"Gumex - Promis.ro","og_description":"C\u0103\u0219ti in-ear cu design ergonomic \u0219i fixare ferm\u0103 care se adapteaz\u0103 \u00een jurul urechii, cu conexiune Bluetooth\u00ae 5.4. Include un capac cu capac \u0219i baterie","og_url":"https:\/\/promis.ro\/ro\/produs\/gumex\/","og_site_name":"Promis.ro","article_modified_time":"2025-11-11T18:06:29+00:00","og_image":[{"width":1080,"height":1080,"url":"https:\/\/promis.ro\/wp-content\/uploads\/2025\/11\/21938-W-1.jpg","type":"image\/jpeg"}],"twitter_card":"summary_large_image","schema":{"@context":"https:\/\/schema.org","@graph":[{"@type":"WebPage","@id":"https:\/\/promis.ro\/product\/gumex\/","url":"https:\/\/promis.ro\/product\/gumex\/","name":"Gumex - Promis.ro","isPartOf":{"@id":"https:\/\/promis.ro\/#website"},"primaryImageOfPage":{"@id":"https:\/\/promis.ro\/product\/gumex\/#primaryimage"},"image":{"@id":"https:\/\/promis.ro\/product\/gumex\/#primaryimage"},"thumbnailUrl":"https:\/\/promis.ro\/wp-content\/uploads\/2025\/11\/21938-W-1.jpg","datePublished":"2025-11-04T23:35:46+00:00","dateModified":"2025-11-11T18:06:29+00:00","description":"C\u0103\u0219ti in-ear cu design ergonomic \u0219i fixare ferm\u0103 care se adapteaz\u0103 \u00een jurul urechii, cu conexiune Bluetooth\u00ae 5.4. Include un capac cu capac \u0219i baterie","breadcrumb":{"@id":"https:\/\/promis.ro\/product\/gumex\/#breadcrumb"},"inLanguage":"ro-RO","potentialAction":[{"@type":"ReadAction","target":["https:\/\/promis.ro\/product\/gumex\/"]}]},{"@type":"ImageObject","inLanguage":"ro-RO","@id":"https:\/\/promis.ro\/product\/gumex\/#primaryimage","url":"https:\/\/promis.ro\/wp-content\/uploads\/2025\/11\/21938-W-1.jpg","contentUrl":"https:\/\/promis.ro\/wp-content\/uploads\/2025\/11\/21938-W-1.jpg","width":1080,"height":1080},{"@type":"BreadcrumbList","@id":"https:\/\/promis.ro\/product\/gumex\/#breadcrumb","itemListElement":[{"@type":"ListItem","position":1,"name":"Home","item":"https:\/\/promis.ro\/"},{"@type":"ListItem","position":2,"name":"Magazin","item":"https:\/\/promis.ro\/magazin\/"},{"@type":"ListItem","position":3,"name":"Gumex"}]},{"@type":"WebSite","@id":"https:\/\/promis.ro\/#website","url":"https:\/\/promis.ro\/","name":"Promis.ro","description":"","potentialAction":[{"@type":"SearchAction","target":{"@type":"EntryPoint","urlTemplate":"https:\/\/promis.ro\/?s={search_term_string}"},"query-input":{"@type":"PropertyValueSpecification","valueRequired":true,"valueName":"search_term_string"}}],"inLanguage":"ro-RO"}]}},"_links":{"self":[{"href":"https:\/\/promis.ro\/ro\/wp-json\/wp\/v2\/product\/96784","targetHints":{"allow":["GET"]}}],"collection":[{"href":"https:\/\/promis.ro\/ro\/wp-json\/wp\/v2\/product"}],"about":[{"href":"https:\/\/promis.ro\/ro\/wp-json\/wp\/v2\/types\/product"}],"replies":[{"embeddable":true,"href":"https:\/\/promis.ro\/ro\/wp-json\/wp\/v2\/comments?post=96784"}],"version-history":[{"count":1,"href":"https:\/\/promis.ro\/ro\/wp-json\/wp\/v2\/product\/96784\/revisions"}],"predecessor-version":[{"id":112579,"href":"https:\/\/promis.ro\/ro\/wp-json\/wp\/v2\/product\/96784\/revisions\/112579"}],"wp:featuredmedia":[{"embeddable":true,"href":"https:\/\/promis.ro\/ro\/wp-json\/wp\/v2\/media\/142010"}],"wp:attachment":[{"href":"https:\/\/promis.ro\/ro\/wp-json\/wp\/v2\/media?parent=96784"}],"wp:term":[{"taxonomy":"product_brand","embeddable":true,"href":"https:\/\/promis.ro\/ro\/wp-json\/wp\/v2\/product_brand?post=96784"},{"taxonomy":"product_cat","embeddable":true,"href":"https:\/\/promis.ro\/ro\/wp-json\/wp\/v2\/product_cat?post=96784"},{"taxonomy":"product_tag","embeddable":true,"href":"https:\/\/promis.ro\/ro\/wp-json\/wp\/v2\/product_tag?post=96784"}],"curies":[{"name":"wp","href":"https:\/\/api.w.org\/{rel}","templated":true}]}}