{"id":97350,"date":"2025-11-04T23:40:00","date_gmt":"2025-11-04T23:40:00","guid":{"rendered":"https:\/\/promis.ro\/product\/babek\/"},"modified":"2025-11-11T18:00:47","modified_gmt":"2025-11-11T18:00:47","slug":"babek","status":"publish","type":"product","link":"https:\/\/promis.ro\/ro\/produs\/babek\/","title":{"rendered":"Babek"},"content":{"rendered":"<p>Decora\u021biune de Cr\u0103ciun realizat\u0103 din sticl\u0103 durabil\u0103, cu baz\u0103 din lemn natural. Include un accesoriu de suspendare din jute natural. Dispune de iluminare interioar\u0103 cu 1 LED de ton alb. Alimentat\u0103 de 3 baterii tip buton (inclus\u0103), cu comutator ON\/OFF pe baz\u0103.<\/p>","protected":false},"excerpt":{"rendered":"<p>Decora\u021biune de Cr\u0103ciun realizat\u0103 din sticl\u0103 durabil\u0103, cu baz\u0103 din lemn natural. Include un accesoriu de suspendare din jute natural.<\/p>","protected":false},"featured_media":142131,"comment_status":"open","ping_status":"closed","template":"","meta":[],"product_brand":[],"product_cat":[189],"product_tag":[],"class_list":{"0":"post-97350","1":"product","2":"type-product","3":"status-publish","4":"has-post-thumbnail","6":"product_cat-craciun","8":"first","9":"instock","10":"shipping-taxable","11":"purchasable","12":"product-type-simple"},"_links":{"self":[{"href":"https:\/\/promis.ro\/ro\/wp-json\/wp\/v2\/product\/97350","targetHints":{"allow":["GET"]}}],"collection":[{"href":"https:\/\/promis.ro\/ro\/wp-json\/wp\/v2\/product"}],"about":[{"href":"https:\/\/promis.ro\/ro\/wp-json\/wp\/v2\/types\/product"}],"replies":[{"embeddable":true,"href":"https:\/\/promis.ro\/ro\/wp-json\/wp\/v2\/comments?post=97350"}],"version-history":[{"count":1,"href":"https:\/\/promis.ro\/ro\/wp-json\/wp\/v2\/product\/97350\/revisions"}],"predecessor-version":[{"id":112590,"href":"https:\/\/promis.ro\/ro\/wp-json\/wp\/v2\/product\/97350\/revisions\/112590"}],"wp:featuredmedia":[{"embeddable":true,"href":"https:\/\/promis.ro\/ro\/wp-json\/wp\/v2\/media\/142131"}],"wp:attachment":[{"href":"https:\/\/promis.ro\/ro\/wp-json\/wp\/v2\/media?parent=97350"}],"wp:term":[{"taxonomy":"product_brand","embeddable":true,"href":"https:\/\/promis.ro\/ro\/wp-json\/wp\/v2\/product_brand?post=97350"},{"taxonomy":"product_cat","embeddable":true,"href":"https:\/\/promis.ro\/ro\/wp-json\/wp\/v2\/product_cat?post=97350"},{"taxonomy":"product_tag","embeddable":true,"href":"https:\/\/promis.ro\/ro\/wp-json\/wp\/v2\/product_tag?post=97350"}],"curies":[{"name":"wp","href":"https:\/\/api.w.org\/{rel}","templated":true}]}}