{"id":97360,"date":"2025-11-04T23:40:08","date_gmt":"2025-11-04T23:40:08","guid":{"rendered":"https:\/\/promis.ro\/product\/brandin\/"},"modified":"2025-11-11T18:01:25","modified_gmt":"2025-11-11T18:01:25","slug":"brandin","status":"publish","type":"product","link":"https:\/\/promis.ro\/ro\/produs\/brandin\/","title":{"rendered":"Brandin"},"content":{"rendered":"<p>Power bank extern de dimensiuni compacte, fabricat din ABS, cu o capacitate de \u00eenc\u0103rcare de 2,000 mAh. Include intrare \u0219i ie\u0219ire Type-C cu lumini indicatoare pentru starea \u00eenc\u0103rc\u0103rii. Capacit\u0103\u021bile afi\u0219ate \u00een toate power bank-urile noastre externe sunt reale, \u00eencorpor\u00e2nd baterii de grad A, ne-recycle, cu o durat\u0103 de via\u021b\u0103 de cel pu\u021bin 500 de cicluri de \u00eenc\u0103rcare \u0219i \u00een conformitate cu reglement\u0103rile CE. \u00cen plus, acestea sunt fabricate conform standardelor RoHS \u0219i respect\u0103 urm\u0103toarele cerin\u021be de siguran\u021b\u0103: sistem de protec\u021bie \u00eempotriva suprasarcinii. Sistem de protec\u021bie \u00eempotriva desc\u0103rc\u0103rii complete, oferind o durabilitate mai mare a power bank-ului. Sistem de protec\u021bie \u00eempotriva scurtcircuit\u0103rii. Sistem constant de transfer al \u00eenc\u0103rc\u0103rii, adaptat la capacitatea dispozitivului \u021bint\u0103.<\/p>","protected":false},"excerpt":{"rendered":"<p>Power bank extern de dimensiuni compacte, fabricat din ABS, cu o capacitate de \u00eenc\u0103rcare de 2,000 mAh. Include intrare \u0219i<\/p>","protected":false},"featured_media":142159,"comment_status":"open","ping_status":"closed","template":"","meta":[],"product_brand":[],"product_cat":[170],"product_tag":[],"class_list":{"0":"post-97360","1":"product","2":"type-product","3":"status-publish","4":"has-post-thumbnail","6":"product_cat-tehnologie-si-accesorii","8":"first","9":"instock","10":"shipping-taxable","11":"purchasable","12":"product-type-simple"},"_links":{"self":[{"href":"https:\/\/promis.ro\/ro\/wp-json\/wp\/v2\/product\/97360","targetHints":{"allow":["GET"]}}],"collection":[{"href":"https:\/\/promis.ro\/ro\/wp-json\/wp\/v2\/product"}],"about":[{"href":"https:\/\/promis.ro\/ro\/wp-json\/wp\/v2\/types\/product"}],"replies":[{"embeddable":true,"href":"https:\/\/promis.ro\/ro\/wp-json\/wp\/v2\/comments?post=97360"}],"version-history":[{"count":1,"href":"https:\/\/promis.ro\/ro\/wp-json\/wp\/v2\/product\/97360\/revisions"}],"predecessor-version":[{"id":112617,"href":"https:\/\/promis.ro\/ro\/wp-json\/wp\/v2\/product\/97360\/revisions\/112617"}],"wp:featuredmedia":[{"embeddable":true,"href":"https:\/\/promis.ro\/ro\/wp-json\/wp\/v2\/media\/142159"}],"wp:attachment":[{"href":"https:\/\/promis.ro\/ro\/wp-json\/wp\/v2\/media?parent=97360"}],"wp:term":[{"taxonomy":"product_brand","embeddable":true,"href":"https:\/\/promis.ro\/ro\/wp-json\/wp\/v2\/product_brand?post=97360"},{"taxonomy":"product_cat","embeddable":true,"href":"https:\/\/promis.ro\/ro\/wp-json\/wp\/v2\/product_cat?post=97360"},{"taxonomy":"product_tag","embeddable":true,"href":"https:\/\/promis.ro\/ro\/wp-json\/wp\/v2\/product_tag?post=97360"}],"curies":[{"name":"wp","href":"https:\/\/api.w.org\/{rel}","templated":true}]}}